{"id":700,"date":"2025-11-04T01:06:29","date_gmt":"2025-11-04T00:06:29","guid":{"rendered":"https:\/\/swisscover.li\/?post_type=product&#038;p=700"},"modified":"2025-11-04T01:08:10","modified_gmt":"2025-11-04T00:08:10","slug":"iphone-17-case-huelle-rose","status":"publish","type":"product","link":"https:\/\/swisscover.li\/fr\/product\/iphone-17-case-huelle-rose\/","title":{"rendered":"iPhone 17 Case H\u00fclle &#8211;  Rose"},"content":{"rendered":"<h1 id=\"title\" class=\"a-size-large a-spacing-none\"><strong>iPhone 17 Silikon Case H\u00fclle &#8211; Rose<\/strong><\/h1>\n<ul>\n<li>\n<h4>Spezifikationen<\/h4>\n<\/li>\n<li><\/li>\n<li><span style=\"color: #333333;\">Produkttyp:\u00a0<\/span>\u00a0 \u00a0 \u00a0 \u00a0 \u00a0Mobiltelefon H\u00fclle<\/li>\n<li><span style=\"color: #333333;\">H\u00fcllentyp:\u00a0 \u00a0 \u00a0 \u00a0 \u00a0 \u00a0 <\/span>Backcover<\/li>\n<li><span style=\"color: #333333;\">Materialgruppe:<\/span>\u00a0 Kunststoff<\/li>\n<li><span style=\"color: #333333;\">Genaue Materialbezeichnung:<\/span>\u00a0 \u00a0Silikon<\/li>\n<li><\/li>\n<li>\u21d2 H\u00fclle aus weichem Silikonmaterial<\/li>\n<li>\u21d2 Weisst Fingerabdr\u00fccke und Schmutz ab<\/li>\n<li>\u21d2 <span style=\"color: #000000;\">Mikrofaserfutter im Innern<\/span><\/li>\n<\/ul>\n<p><strong><span style=\"color: #000000;\">R\u00fcckgabe: 14 Tage R\u00fcckgaberecht<\/span><\/strong><br \/>\n<span style=\"color: #008000;\">Ist das Produkt besch\u00e4digt, unvollst\u00e4ndig oder ohne Originalverpackung? Dann k\u00f6nnen wir es leider nicht zur\u00fccknehmen.<\/span><\/p>\n<div class=\"fc jcsb aic mgb20\">\n<ul class=\"a-unordered-list a-vertical a-spacing-mini\">\n<li><span class=\"a-list-item\"><span style=\"color: #ff0000;\">WICHTIG:<\/span> Die Farbe der Handyh\u00fclle kann je nach Lichteinfall und Lichtquelle anders wirken. Das menschliche Auge kann die Farbe am besten im Tageslicht definieren.<\/span><\/li>\n<\/ul>\n<\/div>\n<div class=\"fc jcsb aic mgb20\"><\/div>\n<h5><strong><span style=\"color: #000000;\">\u00a0<\/span><\/strong><\/h5>\n<p>&nbsp;<\/p>\n<p>&nbsp;<\/p>","protected":false},"excerpt":{"rendered":"<h3><span style=\"color: #000000; font-size: 18px;\">Silikon Handyh\u00fclle kompatibel mit Apple iPhone 17 Display &#8211; Schutzh\u00fclle Case mit Mikrofaser Innenfutter<\/span><\/h3>\n<p class=\"a-size-large a-spacing-none\"><span style=\"color: #000000;\">Farbe: Rosa<\/span><\/p>\n<ul>\n<li>&#8211; Innenfutter aus<span style=\"color: #000000;\"> feiner Mikrofaser<\/span><\/li>\n<li>&#8211; Angenehm griffige Soft-Touch-Oberfl\u00e4che<\/li>\n<li>&#8211; Kompatibel mit Wireless Charging<\/li>\n<li>&#8211; Sch\u00fctzt vor St\u00f6ssen und Schl\u00e4gen<\/li>\n<li>&#8211; Optimierter Kantenschutz<\/li>\n<\/ul>\n<p>&nbsp;<\/p>\n<ul class=\"a-unordered-list a-vertical a-spacing-mini\">\n<li><strong><span class=\"a-list-item\" style=\"color: #ff9900;\">\u2605 <\/span>Achtung<\/strong>: Nur passend f\u00fcr <strong>iPhone 17\u00a0<\/strong><\/li>\n<li><span class=\"a-list-item\" style=\"color: #000000;\"><strong>\u2605 <\/strong><\/span><span class=\"a-list-item\">Silikonh\u00fclle ist aus dem Liquid Silikon hergestellt, das f\u00fcr weiche Haptik sorgt und hat einen angenehmen Griff. Rutschfeste matte Verarbeitung versichert einen festen Halt.<\/span><\/li>\n<li><span class=\"a-list-item\" style=\"color: #000000;\"><strong>\u2605 <\/strong><\/span>Liquid Silikon, Harter PC und Mikrofaserinnenfutter (Stoffbezug) vermeiden Kratzern und bieten stossfestes Schutz an.<\/li>\n<li><span class=\"a-list-item\"><span class=\"a-list-item\" style=\"color: #000000;\"><strong>\u2605 <\/strong><\/span>KAMERASCHUTZ: Um die Kamera Ihres Handys optimal zu sch\u00fctzen ist die Silikonschutzh\u00fclle mit einer minimalen Erh\u00f6hung versehen, so hat die Kamera keinen direkten Kontakt zu Gegenst\u00e4nden.<\/span><\/li>\n<li><span class=\"a-list-item\"><span class=\"a-list-item\" style=\"color: #000000;\"><strong>\u2605 <\/strong><\/span>PERFEKTE AUSSPARUNGEN: Durch die perfekte Aussparung sind alle \u00d6ffnungen des Telefons weiterhin uneingeschr\u00e4nkt nutzbar (z.B. Mikrofon, Lautsprecher).<\/span><\/li>\n<\/ul>\n<h5><\/h5>","protected":false},"featured_media":739,"comment_status":"open","ping_status":"closed","template":"","meta":[],"product_brand":[],"product_cat":[17,251],"product_tag":[284],"class_list":{"0":"post-700","1":"product","2":"type-product","3":"status-publish","4":"has-post-thumbnail","6":"product_cat-apple","7":"product_cat-iphone-17-zubehoer","8":"product_tag-iphone-17-case-huelle-rose","10":"first","11":"instock","12":"taxable","13":"shipping-taxable","14":"purchasable","15":"product-type-simple"},"_links":{"self":[{"href":"https:\/\/swisscover.li\/fr\/wp-json\/wp\/v2\/product\/700","targetHints":{"allow":["GET"]}}],"collection":[{"href":"https:\/\/swisscover.li\/fr\/wp-json\/wp\/v2\/product"}],"about":[{"href":"https:\/\/swisscover.li\/fr\/wp-json\/wp\/v2\/types\/product"}],"replies":[{"embeddable":true,"href":"https:\/\/swisscover.li\/fr\/wp-json\/wp\/v2\/comments?post=700"}],"wp:featuredmedia":[{"embeddable":true,"href":"https:\/\/swisscover.li\/fr\/wp-json\/wp\/v2\/media\/739"}],"wp:attachment":[{"href":"https:\/\/swisscover.li\/fr\/wp-json\/wp\/v2\/media?parent=700"}],"wp:term":[{"taxonomy":"product_brand","embeddable":true,"href":"https:\/\/swisscover.li\/fr\/wp-json\/wp\/v2\/product_brand?post=700"},{"taxonomy":"product_cat","embeddable":true,"href":"https:\/\/swisscover.li\/fr\/wp-json\/wp\/v2\/product_cat?post=700"},{"taxonomy":"product_tag","embeddable":true,"href":"https:\/\/swisscover.li\/fr\/wp-json\/wp\/v2\/product_tag?post=700"}],"curies":[{"name":"wp","href":"https:\/\/api.w.org\/{rel}","templated":true}]}}