{"id":683,"date":"2025-11-04T01:06:05","date_gmt":"2025-11-04T00:06:05","guid":{"rendered":"https:\/\/swisscover.li\/?post_type=product&#038;p=683"},"modified":"2025-11-04T01:07:48","modified_gmt":"2025-11-04T00:07:48","slug":"iphone-17-pro-max-kamera-schutzfolie-panzerglas-2-stueck","status":"publish","type":"product","link":"https:\/\/swisscover.li\/fr\/product\/iphone-17-pro-max-kamera-schutzfolie-panzerglas-2-stueck\/","title":{"rendered":"iPhone 17 Pro Max Kamera Schutzfolie Panzerglas &#8211; (2 St\u00fcck)"},"content":{"rendered":"<h1 id=\"title\" class=\"a-size-large a-spacing-none\"><span id=\"productTitle\" class=\"a-size-large product-title-word-break\" style=\"font-size: 75%;\">iPhone 17 Pro Max Kamera Schutzfolie Panzerglas Abdeckung Glas Folie Panzerfolie Schutzglas 2 St\u00fcck<\/span><\/h1>\n<p>&nbsp;<\/p>\n<p><strong>Lieferumfang:<\/strong><br \/>\n&#8211; 2 x iPhone 17 Pro Max Kamera Objektiv Schutzfolie<br \/>\n&#8211; trockenes Mikrofasertuch 2x<br \/>\n&#8211; Feuchtt\u00fccher 2x<br \/>\n&#8211; Staubschutz-Verpackung 2x<\/p>","protected":false},"excerpt":{"rendered":"<h4><strong>Panzerglas Kamera Schutz &#8211; Der perfekte Schutz f\u00fcr Dein Apple iPhone 17 Pro Max:<\/strong><\/h4>\n<ul>\n<li>Glasst\u00e4rke: 9H<\/li>\n<li>Dicke: ca. 1 mm<\/li>\n<li>Material: Bruchfestes Panzerglas<\/li>\n<\/ul>\n<ul class=\"a-unordered-list a-vertical a-spacing-mini\">\n<li><span class=\"a-list-item\">\u2b50<strong> Nur passend<\/strong> f\u00fcr Apple iPhone 17 Pro Max<\/span><\/li>\n<li><span class=\"a-list-item\">\u2b50 <\/span>WIDERSTANDSF\u00c4HIG &#8211; Das 2.5D Schutzglas mit einer 9H-H\u00e4rte bietet einen bestm\u00f6glichen Linsenschutz. Es sch\u00fctzt die empfindlichen Kameralinsen vor jeglichen scharfen Gegenst\u00e4nden.<\/li>\n<li><span class=\"a-list-item\">\u2b50 <\/span>GLASKLAR &amp; FUNKTIONAL &#8211; Die Klarheit kombiniert mit der Funktionalit\u00e4t der jeweiligen \u00d6ffnungen bietet eine uneingeschr\u00e4nkte Qualit\u00e4t der Bilder.<\/li>\n<li><span class=\"a-list-item\">\u2b50 H\u00dcLLEN FREUNDLICH<\/span>\u00a0&#8211; Das Schutzglas deckt den gesamten Bereich der Kamera ab und kann mit den meisten g\u00e4ngigen Schutzh\u00fcllen kombiniert werden.<\/li>\n<li><span class=\"a-list-item\" style=\"color: #50b848;\">\u2b50 <\/span>Splitterfrei:\u00a0Bei einem Bruch der Glasfolie entstehen keine scharfen Splitter, an denen man sich verletzen k\u00f6nnte<\/li>\n<\/ul>","protected":false},"featured_media":729,"comment_status":"closed","ping_status":"closed","template":"","meta":[],"product_brand":[],"product_cat":[249],"product_tag":[279],"class_list":{"0":"post-683","1":"product","2":"type-product","3":"status-publish","4":"has-post-thumbnail","6":"product_cat-iphone-17-pro-max-zubehoer","7":"product_tag-17-pro-max-kamera-schutzfolie","9":"first","10":"instock","11":"sale","12":"taxable","13":"shipping-taxable","14":"purchasable","15":"product-type-simple"},"_links":{"self":[{"href":"https:\/\/swisscover.li\/fr\/wp-json\/wp\/v2\/product\/683","targetHints":{"allow":["GET"]}}],"collection":[{"href":"https:\/\/swisscover.li\/fr\/wp-json\/wp\/v2\/product"}],"about":[{"href":"https:\/\/swisscover.li\/fr\/wp-json\/wp\/v2\/types\/product"}],"replies":[{"embeddable":true,"href":"https:\/\/swisscover.li\/fr\/wp-json\/wp\/v2\/comments?post=683"}],"wp:featuredmedia":[{"embeddable":true,"href":"https:\/\/swisscover.li\/fr\/wp-json\/wp\/v2\/media\/729"}],"wp:attachment":[{"href":"https:\/\/swisscover.li\/fr\/wp-json\/wp\/v2\/media?parent=683"}],"wp:term":[{"taxonomy":"product_brand","embeddable":true,"href":"https:\/\/swisscover.li\/fr\/wp-json\/wp\/v2\/product_brand?post=683"},{"taxonomy":"product_cat","embeddable":true,"href":"https:\/\/swisscover.li\/fr\/wp-json\/wp\/v2\/product_cat?post=683"},{"taxonomy":"product_tag","embeddable":true,"href":"https:\/\/swisscover.li\/fr\/wp-json\/wp\/v2\/product_tag?post=683"}],"curies":[{"name":"wp","href":"https:\/\/api.w.org\/{rel}","templated":true}]}}