{"id":676,"date":"2025-11-04T01:06:04","date_gmt":"2025-11-04T00:06:04","guid":{"rendered":"https:\/\/swisscover.li\/?post_type=product&#038;p=676"},"modified":"2025-11-04T01:07:15","modified_gmt":"2025-11-04T00:07:15","slug":"iphone-17-pro-max-magsafe-crystal-hardcase-huelle","status":"publish","type":"product","link":"https:\/\/swisscover.li\/fr\/product\/iphone-17-pro-max-magsafe-crystal-hardcase-huelle\/","title":{"rendered":"iPhone 17 Pro Max MagSafe Crystal Hardcase H\u00fclle"},"content":{"rendered":"<h1>iPhone 17 Pro Max Clear Case &#8211; MagSafe Series H\u00fclle &#8211; transparent<\/h1>\n<ul>\n<li>Farbe:\u00a0Transparent<\/li>\n<li>Material: PC Kunststoff<\/li>\n<\/ul>\n<div id=\"gtx-trans\" style=\"position: absolute; left: 193px; top: 62.3594px;\">\n<div class=\"gtx-trans-icon\"><\/div>\n<\/div>","protected":false},"excerpt":{"rendered":"<ul>\n<li>Apple MagSafe kompatibel<\/li>\n<li>R\u00fcckseite aus kristall klarem Kunststoff<\/li>\n<li>Erh\u00f6hter Kamera Rahmen zum Schutz der Linsen<\/li>\n<li>Einfache und schnelle Montage<\/li>\n<li>Kamera und Anschl\u00fcsse sind ausgeschnitten<\/li>\n<li>Speziell behandelte Oberfl\u00e4che sch\u00fctzt vor Kratzern, Fingerabdr\u00fccken, Vergilbung und Blasen<\/li>\n<\/ul>\n<p>&nbsp;<\/p>\n<ul class=\"a-unordered-list a-vertical a-spacing-mini\">\n<li>\n<div data-content=\"richtext\">\n<p><strong>ACHTUNG:<\/strong> Nur passend f\u00fcr Apple iPhone 17 Pro Max<\/p>\n<\/div>\n<\/li>\n<li>Perfekte Passgenauigkeit &#8211; Das Cover l\u00e4sst sich sehr leicht anbringen und wieder abnehmen und ist optimiert f\u00fcr MagSafe Charging<\/li>\n<li><span class=\"a-list-item\">Kompatibel mit allen Magsafe Zubeh\u00f6r: Diese Magnetisches Crystal Clear H\u00fclle kompatibel mit Magsafe. Der Magnetring ist genau angedockt und mit dem Telefon fixiert, was ein schnelleres kabelloses Aufladen erm\u00f6glicht, ohne die H\u00fclle zu entfernen. Es ist auch kompatibel mit Leder Wallet,Externe Batterie, Qi Wireless Charger, und Magnetische Autohalterung.<\/span><\/li>\n<li><strong>Lieferumfang: <\/strong>1 x iPhone 17 Pro Max MagSafe Crystal Hardcase H\u00fclle<\/li>\n<li><\/li>\n<\/ul>","protected":false},"featured_media":720,"comment_status":"closed","ping_status":"closed","template":"","meta":[],"product_brand":[],"product_cat":[249,252],"product_tag":[272],"class_list":{"0":"post-676","1":"product","2":"type-product","3":"status-publish","4":"has-post-thumbnail","6":"product_cat-iphone-17-pro-max-zubehoer","7":"product_cat-magsafe-zubehoer","8":"product_tag-17-pro-max-magsafe","10":"first","11":"instock","12":"taxable","13":"shipping-taxable","14":"purchasable","15":"product-type-simple"},"_links":{"self":[{"href":"https:\/\/swisscover.li\/fr\/wp-json\/wp\/v2\/product\/676","targetHints":{"allow":["GET"]}}],"collection":[{"href":"https:\/\/swisscover.li\/fr\/wp-json\/wp\/v2\/product"}],"about":[{"href":"https:\/\/swisscover.li\/fr\/wp-json\/wp\/v2\/types\/product"}],"replies":[{"embeddable":true,"href":"https:\/\/swisscover.li\/fr\/wp-json\/wp\/v2\/comments?post=676"}],"wp:featuredmedia":[{"embeddable":true,"href":"https:\/\/swisscover.li\/fr\/wp-json\/wp\/v2\/media\/720"}],"wp:attachment":[{"href":"https:\/\/swisscover.li\/fr\/wp-json\/wp\/v2\/media?parent=676"}],"wp:term":[{"taxonomy":"product_brand","embeddable":true,"href":"https:\/\/swisscover.li\/fr\/wp-json\/wp\/v2\/product_brand?post=676"},{"taxonomy":"product_cat","embeddable":true,"href":"https:\/\/swisscover.li\/fr\/wp-json\/wp\/v2\/product_cat?post=676"},{"taxonomy":"product_tag","embeddable":true,"href":"https:\/\/swisscover.li\/fr\/wp-json\/wp\/v2\/product_tag?post=676"}],"curies":[{"name":"wp","href":"https:\/\/api.w.org\/{rel}","templated":true}]}}