{"id":674,"date":"2025-11-04T01:06:04","date_gmt":"2025-11-04T00:06:04","guid":{"rendered":"https:\/\/swisscover.li\/?post_type=product&#038;p=674"},"modified":"2025-11-04T01:07:03","modified_gmt":"2025-11-04T00:07:03","slug":"iphone-17-huelle-duenne-klare-weiche-tpu-schutzhuelle","status":"publish","type":"product","link":"https:\/\/swisscover.li\/fr\/product\/iphone-17-huelle-duenne-klare-weiche-tpu-schutzhuelle\/","title":{"rendered":"iPhone 17 H\u00fclle  &#8211; D\u00fcnne klare weiche TPU Schutzh\u00fclle"},"content":{"rendered":"<h2 class=\"rd-title\" title=\"iPhone 14 Pro Max H\u00fclle, Ultra D\u00fcnn Crystal Transparent Soft TPU Case Schutzh\u00fclle f\u00fcr iPhone 14 Pro Max\">iPhone 17 H\u00fclle, Ultra D\u00fcnn Crystal Transparent Soft TPU Case Schutzh\u00fclle f\u00fcr iPhone 17<\/h2>\n<h4 class=\"default\">Produktbeschreibungen<\/h4>\n<div id=\"productDescription\" class=\"a-section a-spacing-small\">\n<div class=\"disclaim\">Farbe:<b>\u00a0Transparent<\/b><\/div>\n<p><b>Premium TPU Material<\/b><br \/>\nD\u00fcnnes und leichtes Case aus hochwertigem Transparent Silikon TPU. Sehr best\u00e4ndig gegen St\u00f6sse, Kratzer, Risse oder Wasser und verhindert das Ansammeln von Staub.<\/p>\n<p><b>4-seitigen Schutz iPhone 17\u00a0<\/b><br \/>\nverst\u00e4rkte Ecken und eine erh\u00f6hte Kante zum Schutz des Bildschirms. Es besteht keine Notwendigkeit, sich \u00fcber versehentliche Schocks oder Tropfen zu sorgen.<\/p>\n<p>&nbsp;<\/p>\n<p><b>Paketliste\u00a0<\/b><br \/>\n1 x iPhone 17 Handyh\u00fclle<\/p>\n<p>&nbsp;<\/p>\n<\/div>","protected":false},"excerpt":{"rendered":"<h4 class=\"a-size-large a-spacing-none\"><span class=\"a-size-large\" style=\"color: #000000;\">iPhone 17 PHandyh\u00fclle, [Anti Gelb] [Anti-Scratch] D\u00fcnn Stossfest Weiche Silikon TPU Handyh\u00fclle &#8211; Transparent<\/span><\/h4>\n<p>&nbsp;<\/p>\n<ul class=\"a-unordered-list a-vertical a-spacing-none\">\n<li><span class=\"a-list-item\"><strong>\u2605\u00a0Nur passend f\u00fcr <\/strong>iPhone17\u00a0<\/span><\/li>\n<li><span class=\"a-list-item\"><strong>\u2605 <\/strong><\/span>Farbe:\u00a0Transparent<\/li>\n<li><span class=\"a-list-item\"><strong>\u2605 <\/strong><\/span>Material: TPU<\/li>\n<\/ul>\n<p>&nbsp;<\/p>\n<ul class=\"a-unordered-list a-vertical a-spacing-none\">\n<li><span class=\"a-list-item\">\u2b50 Kristallklarer Schutz: Nur 1,1 mm dick, f\u00fcr Schutz ohne klobigen Zusatzballast. Kristallklares, vergilbungsbest\u00e4ndiges TPU sorgt f\u00fcr langanhaltende Transparenz.<\/span><\/li>\n<li><span class=\"a-list-item\">\u2b50 Flexibles TPU mit Luft-gepolsterten Ecken: Eine Kombination aus flexiblem TPU und stossabsorbierenden Luftpolster-Schutzdecken bietet der Handyr\u00fcckseite deines iPhone 17\u00a0 <\/span><span class=\"a-list-item\">verl\u00e4sslichen Schutz vor St\u00fcrzen und anderen Einwirkungen.<\/span><\/li>\n<li><span class=\"a-list-item\">\u2b50 Display- und Kameraschutz: Leicht erh\u00f6hte Kanten verhindern, dass das Display und die Kamera deines iPhone 17 auf flachen Oberfl\u00e4chen reiben und zerkratzt werden.<\/span><\/li>\n<li><span class=\"a-list-item\">\u2b50 Verhindert feuchte Schlieren: Das Microdot-Muster auf der Innenseite verhindert klebende N\u00e4sse zwischen Handy und H\u00fclle und garantiert einen sauberen, klaren Look f\u00fcr dein iPhone 17\u00a0<\/span><\/li>\n<\/ul>\n","protected":false},"featured_media":715,"comment_status":"open","ping_status":"closed","template":"","meta":[],"product_brand":[],"product_cat":[17,251,269],"product_tag":[270],"class_list":{"0":"post-674","1":"product","2":"type-product","3":"status-publish","4":"has-post-thumbnail","6":"product_cat-apple","7":"product_cat-iphone-17-zubehoer","8":"product_cat-tpu-case","9":"product_tag-iphone-17-huelle","11":"first","12":"instock","13":"sale","14":"taxable","15":"shipping-taxable","16":"purchasable","17":"product-type-simple"},"_links":{"self":[{"href":"https:\/\/swisscover.li\/fr\/wp-json\/wp\/v2\/product\/674","targetHints":{"allow":["GET"]}}],"collection":[{"href":"https:\/\/swisscover.li\/fr\/wp-json\/wp\/v2\/product"}],"about":[{"href":"https:\/\/swisscover.li\/fr\/wp-json\/wp\/v2\/types\/product"}],"replies":[{"embeddable":true,"href":"https:\/\/swisscover.li\/fr\/wp-json\/wp\/v2\/comments?post=674"}],"wp:featuredmedia":[{"embeddable":true,"href":"https:\/\/swisscover.li\/fr\/wp-json\/wp\/v2\/media\/715"}],"wp:attachment":[{"href":"https:\/\/swisscover.li\/fr\/wp-json\/wp\/v2\/media?parent=674"}],"wp:term":[{"taxonomy":"product_brand","embeddable":true,"href":"https:\/\/swisscover.li\/fr\/wp-json\/wp\/v2\/product_brand?post=674"},{"taxonomy":"product_cat","embeddable":true,"href":"https:\/\/swisscover.li\/fr\/wp-json\/wp\/v2\/product_cat?post=674"},{"taxonomy":"product_tag","embeddable":true,"href":"https:\/\/swisscover.li\/fr\/wp-json\/wp\/v2\/product_tag?post=674"}],"curies":[{"name":"wp","href":"https:\/\/api.w.org\/{rel}","templated":true}]}}