{"id":671,"date":"2025-11-04T01:06:04","date_gmt":"2025-11-04T00:06:04","guid":{"rendered":"https:\/\/swisscover.li\/?post_type=product&#038;p=671"},"modified":"2025-11-04T01:06:49","modified_gmt":"2025-11-04T00:06:49","slug":"iphone-17-air-panzerglas-schutzfolie","status":"publish","type":"product","link":"https:\/\/swisscover.li\/fr\/product\/iphone-17-air-panzerglas-schutzfolie\/","title":{"rendered":"iPhone 17 Air Panzerglas &#8211; Schutzfolie"},"content":{"rendered":"<h1 id=\"title\" class=\"a-size-large a-spacing-none\"><strong>\u00a0iPhone 17 Air Panzerglas &#8211; Schutzfolie<\/strong><\/h1>\n<ul class=\"fa-ul\">\n<li>Garantie durch :\u00a0SwissCover<\/li>\n<li>Material:\u00a0geh\u00e4rtete Schutzglas\u00a0(0,33mm)<\/li>\n<li><strong>Japanisches Asahi-Glas<\/strong><br \/>\nProduktart:\u00a09H H\u00e4rte<\/li>\n<li>Farbe: Transparent<\/li>\n<li>\n<div class=\"box-additional box-tabs grid12-9\">\n<div id=\"product-tabs\" class=\"gen-tabs gen-tabs-style1 grid12-12\">\n<div class=\"tabs-panels\">\n<div class=\"panel\">\n<div id=\"productDescription\" class=\"std product-description-content\">\n<p><strong><span style=\"color: #000000;\">Nur passend f\u00fcr iPhone 17 Air<\/span><\/strong><\/p>\n<\/div>\n<\/div>\n<\/div>\n<\/div>\n<div id=\"overlay_items\">\n<p>Bei dieser Schutzfolie handelt es sich um eine sogenannte <strong>Case Friendly<\/strong> Displayschutzfolie. Diese ist etwas kleiner als das Display, kann daf\u00fcr jedoch mit H\u00fcllen und Taschen kombiniert werden, ohne dass sich der Displayschutz l\u00f6st.<\/p>\n<p><strong>HINWEIS:<\/strong> Vor Anbringung der Folie muss das Display frei von Staub, Schmutz, Fett, Fusseln oder \u00e4hnlichem sein, nur so ist ein blasenfreies und sauberes Anbringen der Folie m\u00f6glich.<\/p>\n<\/div>\n<\/div>\n<div class=\"product-secondary-column grid12-3 custom-sidebar-right\">\n<div class=\"inner\">\n<div class=\"margin-top\">\n<div id=\"nosto-page-product1\" class=\"nosto_element\">\n<div class=\"nosto-block\"><\/div>\n<\/div>\n<\/div>\n<\/div>\n<\/div>\n<\/li>\n<\/ul>","protected":false},"excerpt":{"rendered":"<h4 id=\"title\" class=\"a-size-large a-spacing-none\"><span id=\"productTitle\" class=\"a-size-large\" style=\"color: #000000;\">iPhone 17 Air Panzerglas 2.5D\u00a0 (0.33m), Schutzfolie Displayschutzfolie 9H Panzerglas Anti-Kratzer Panzerglasfolie Bulletproof Tempered Glass Screen Protector\u00a0<\/span><\/h4>\n<ul class=\"a-unordered-list a-vertical a-spacing-none\">\n<li><span class=\"a-list-item\">\u2605\u00a0<\/span>Dicke: 0.3 mm \/ H\u00e4rtegrad 9H<\/li>\n<li><span class=\"a-list-item\">\u2605\u00a0<\/span><span class=\"a-list-item\">ULTRA-SLIM &amp; ROBUST \u2013 Diese d\u00fcnne Echtglasfolie (0,33 mm) bietet mit ihrem speziell gefertigten 9H H\u00e4rtegrad den optimalen Schutz vor Kratzern, f\u00fcr ihr iPhone 17 Air <\/span><\/li>\n<li><span class=\"a-list-item\">\u2605 NIE WIEDER BLASEN &amp; FINGERABDR\u00dcCKE \u2013 Durch die oleophobe Beschichtung der Glasfolie werden fettige Fingerabdr\u00fccke verhindert und eine blasenfreie Anbringung garantiert. So wird die uneingeschr\u00e4nkte Sicht auf das Display gew\u00e4hrleistet.<\/span><\/li>\n<li>Lieferumfang: 1x iPhone 17 Air Panzerglas Schutzfolie\n<div id=\"row-969693288\" class=\"row\">\n<div id=\"col-784385201\" class=\"col medium-12 small-12 large-5\">\n<div class=\"col-inner\"><\/div>\n<\/div>\n<\/div>\n<\/li>\n<\/ul>","protected":false},"featured_media":707,"comment_status":"open","ping_status":"closed","template":"","meta":[],"product_brand":[],"product_cat":[17,248],"product_tag":[256],"class_list":{"0":"post-671","1":"product","2":"type-product","3":"status-publish","4":"has-post-thumbnail","6":"product_cat-apple","7":"product_cat-iphone-17-air-zubehoer","8":"product_tag-17-air-panzerglas","10":"first","11":"instock","12":"taxable","13":"shipping-taxable","14":"purchasable","15":"product-type-simple"},"_links":{"self":[{"href":"https:\/\/swisscover.li\/fr\/wp-json\/wp\/v2\/product\/671","targetHints":{"allow":["GET"]}}],"collection":[{"href":"https:\/\/swisscover.li\/fr\/wp-json\/wp\/v2\/product"}],"about":[{"href":"https:\/\/swisscover.li\/fr\/wp-json\/wp\/v2\/types\/product"}],"replies":[{"embeddable":true,"href":"https:\/\/swisscover.li\/fr\/wp-json\/wp\/v2\/comments?post=671"}],"wp:featuredmedia":[{"embeddable":true,"href":"https:\/\/swisscover.li\/fr\/wp-json\/wp\/v2\/media\/707"}],"wp:attachment":[{"href":"https:\/\/swisscover.li\/fr\/wp-json\/wp\/v2\/media?parent=671"}],"wp:term":[{"taxonomy":"product_brand","embeddable":true,"href":"https:\/\/swisscover.li\/fr\/wp-json\/wp\/v2\/product_brand?post=671"},{"taxonomy":"product_cat","embeddable":true,"href":"https:\/\/swisscover.li\/fr\/wp-json\/wp\/v2\/product_cat?post=671"},{"taxonomy":"product_tag","embeddable":true,"href":"https:\/\/swisscover.li\/fr\/wp-json\/wp\/v2\/product_tag?post=671"}],"curies":[{"name":"wp","href":"https:\/\/api.w.org\/{rel}","templated":true}]}}