{"id":660,"date":"2025-11-04T01:06:02","date_gmt":"2025-11-04T00:06:02","guid":{"rendered":"https:\/\/swisscover.li\/?post_type=product&#038;p=660"},"modified":"2025-11-04T01:06:32","modified_gmt":"2025-11-04T00:06:32","slug":"iphone-17-pro-max-privacy-panzerglas","status":"publish","type":"product","link":"https:\/\/swisscover.li\/fr\/product\/iphone-17-pro-max-privacy-panzerglas\/","title":{"rendered":"iPhone 17  Pro MaX Privacy Panzerglas"},"content":{"rendered":"<h2 id=\"title\" class=\"a-size-large a-spacing-none\"><span id=\"productTitle\" class=\"a-size-large\" style=\"color: #000000; font-size: 20px;\">\u00a0iPhone 17 Pro MaX Panzerglas Privacy Panzerglas,Anti-Spy Geh\u00e4rtetes Glas Blickschutz Sichtschutz Folie Blickschutzfolie Displayschutzfolie<\/span><\/h2>\n<ul class=\"fa-ul\">\n<li>\n<table class=\"a-normal a-spacing-micro\">\n<tbody>\n<tr class=\"a-spacing-small\">\n<td class=\"a-span3\"><span class=\"a-size-base a-text-bold\">Material<\/span><\/td>\n<td class=\"a-span9\"><span class=\"a-size-base\">Panzerglas, Temperglas<\/span><\/td>\n<\/tr>\n<tr class=\"a-spacing-small\">\n<td class=\"a-span3\"><\/td>\n<td class=\"a-span9\"><\/td>\n<\/tr>\n<tr class=\"a-spacing-small\">\n<td class=\"a-span3\"><span class=\"a-size-base a-text-bold\">Compatible Devices<\/span><\/td>\n<td class=\"a-span9\"><span class=\"a-size-base\">Handy<\/span><\/td>\n<\/tr>\n<tr class=\"a-spacing-small\">\n<td class=\"a-span3\"><span class=\"a-size-base a-text-bold\">Kompatible Telefonmodelle<\/span><\/td>\n<td class=\"a-span9\"><span class=\"a-size-base\">iPhone 17 Pro MaX<\/span><\/td>\n<\/tr>\n<tr class=\"a-spacing-small\">\n<td class=\"a-span3\"><span class=\"a-size-base a-text-bold\">H\u00e4rtegrad<\/span><\/td>\n<td class=\"a-span9\"><span class=\"a-size-base\">9H<\/span><\/td>\n<\/tr>\n<\/tbody>\n<\/table>\n<\/li>\n<\/ul>\n<div class=\"box-additional box-tabs grid12-9\">\n<div id=\"product-tabs\" class=\"gen-tabs gen-tabs-style1 grid12-12\">\n<div class=\"tabs-panels\">\n<div class=\"panel\">\n<h4><\/h4>\n<\/div>\n<\/div>\n<\/div>\n<\/div>\n<div class=\"product-secondary-column grid12-3 custom-sidebar-right\">\n<div class=\"inner\">\n<div class=\"margin-top\">\n<div id=\"nosto-page-product1\" class=\"nosto_element\">\n<div class=\"nosto-block\">\n<ul>\n<li><strong><span style=\"color: #000000;\">Lieferumfang<\/span><\/strong><\/li>\n<li>1 x PanzerGlass &#8211; iPhone 17 Pro MaX Explosionsgesch\u00fctzte Privacy Panzer Glas Display Schutzfolie 0.33 mm<\/li>\n<li>1 x Mikrofaser Reinigungstuch<\/li>\n<li>1 x Feuchtes Putztuch<\/li>\n<li>1 x Staubentferner (Sticker)<\/li>\n<\/ul>\n<\/div>\n<ul>\n<li id=\"title\" class=\"a-size-large a-spacing-none\"><span id=\"productTitle\" class=\"a-size-large product-title-word-break\">Sichtschutzfolie f\u00fcr iPhone 17 Pro MaX , Anti Spy Vollst\u00e4ndige Abdeckung Weiche Kante Displayschutzfolie.<\/span><\/li>\n<\/ul>\n<\/div>\n<\/div>\n<\/div>\n<\/div>","protected":false},"excerpt":{"rendered":"<h4 id=\"title\" class=\"a-size-large a-spacing-none\"><span id=\"productTitle\" class=\"a-size-large\" style=\"color: #000000;\">iPhone 17 Pro MaX Panzerglas 2.5D\u00a0 (0.33m), Privacy Panzer Glas Display Schutzfolie (9H) Sichtschutzfolie Anti-Kratzer Panzerglasfolie Bulletproof Tempered Glass Screen Protector<\/span><\/h4>\n<ul class=\"a-unordered-list a-vertical a-spacing-none\">\n<li><span class=\"a-list-item\">\u2605 <\/span>Passend f\u00fcr Apple iPhone 17 Pro MaX<\/li>\n<li><span class=\"a-list-item\">\u2605 <\/span>Mit Privacy-Filter: Display ist nur im 90\u00b0-Winkel ablesbar<\/li>\n<li><span class=\"a-list-item\">\u2605 <\/span>Aus speziell geh\u00e4rtetem, hochwertigem japanischem Glas<\/li>\n<li><span class=\"a-list-item\">\u2605 <\/span>Nur 0.33 mm dick und mit abgerundeten Kanten<\/li>\n<li><span class=\"a-list-item\">\u2605 <\/span>Kratzfest und mit Anti-Fingerabdruck-Beschichtung<\/li>\n<\/ul>\n<p>&nbsp;<\/p>\n<ul>\n<li><span class=\"a-list-item\">&#8211; Qualit\u00e4t geh\u00e4rtetem Glas Displayschutzfolie f\u00fcr iPhone 17 Pro MaX, Halten Sie Ihre sensiblen und privaten Informationen vor Fremden in der \u00d6ffentlichkeit verborgen, kein Schulter-Surfen mehr<\/span><\/li>\n<li><span class=\"a-list-item\">&#8211; Mit dieser Folie, ist Ihr Bildschirm nur f\u00fcr Personen sichtbar, die sich direkt vor dem Bildschirm befinden, egal ob im Hochformat <span style=\"color: #ff6600;\">(Bitte beachten Sie, dass die Sichtschutzfolie den Bildschirm ein wenig dunkler macht, um zu verhindern, dass die Augen in Ihre N\u00e4he blicken. &#8211; Erh\u00f6hen Sie daher die Helligkeit des Displays Ihres Ger\u00e4ts, um ein besseres Fernseherlebnis zu erzielen)<\/span><\/span><\/li>\n<li><span class=\"a-list-item\">&#8211; 9H H\u00e4rte Oberfl\u00e4che, kratzfest und sch\u00fctzt Ihr Telefon vor versehentlichen St\u00f6ssen; Mit hydrophobem Material, Anti-\u00d6l- und Anti-Fingerabdr\u00fccken beschichtet<\/span><\/li>\n<li><span class=\"a-list-item\">&#8211; Hergestellt aus ultrad\u00fcnnem geh\u00e4rtetem Glas (0.33mm), Aufrechterhaltung der wahren Ber\u00fchrungsempfindlichkeit Ihres iPhone<\/span><\/li>\n<\/ul>","protected":false},"featured_media":690,"comment_status":"open","ping_status":"closed","template":"","meta":[],"product_brand":[],"product_cat":[258,17,249],"product_tag":[265,260,261,262],"class_list":{"0":"post-660","1":"product","2":"type-product","3":"status-publish","4":"has-post-thumbnail","6":"product_cat-anti-spy-zubehoer","7":"product_cat-apple","8":"product_cat-iphone-17-pro-max-zubehoer","9":"product_tag-17-pro-max-privacy-panzerglas","10":"product_tag-anti-spy","11":"product_tag-privacy","12":"product_tag-sichtschutzfolie","14":"first","15":"instock","16":"sale","17":"taxable","18":"shipping-taxable","19":"purchasable","20":"product-type-simple"},"_links":{"self":[{"href":"https:\/\/swisscover.li\/fr\/wp-json\/wp\/v2\/product\/660","targetHints":{"allow":["GET"]}}],"collection":[{"href":"https:\/\/swisscover.li\/fr\/wp-json\/wp\/v2\/product"}],"about":[{"href":"https:\/\/swisscover.li\/fr\/wp-json\/wp\/v2\/types\/product"}],"replies":[{"embeddable":true,"href":"https:\/\/swisscover.li\/fr\/wp-json\/wp\/v2\/comments?post=660"}],"wp:featuredmedia":[{"embeddable":true,"href":"https:\/\/swisscover.li\/fr\/wp-json\/wp\/v2\/media\/690"}],"wp:attachment":[{"href":"https:\/\/swisscover.li\/fr\/wp-json\/wp\/v2\/media?parent=660"}],"wp:term":[{"taxonomy":"product_brand","embeddable":true,"href":"https:\/\/swisscover.li\/fr\/wp-json\/wp\/v2\/product_brand?post=660"},{"taxonomy":"product_cat","embeddable":true,"href":"https:\/\/swisscover.li\/fr\/wp-json\/wp\/v2\/product_cat?post=660"},{"taxonomy":"product_tag","embeddable":true,"href":"https:\/\/swisscover.li\/fr\/wp-json\/wp\/v2\/product_tag?post=660"}],"curies":[{"name":"wp","href":"https:\/\/api.w.org\/{rel}","templated":true}]}}