{"id":654,"date":"2025-11-04T01:06:01","date_gmt":"2025-11-04T00:06:01","guid":{"rendered":"https:\/\/swisscover.li\/?post_type=product&#038;p=654"},"modified":"2025-11-04T01:06:13","modified_gmt":"2025-11-04T00:06:13","slug":"iphone-17-pro-panzerglas","status":"publish","type":"product","link":"https:\/\/swisscover.li\/fr\/product\/iphone-17-pro-panzerglas\/","title":{"rendered":"iPhone 17 Pro Panzerglas"},"content":{"rendered":"<p><strong><span style=\"color: #000000; font-size: 18px;\">iPhone 17 Pro Panzerglas 5D Full Screen &#8211; Full Glue Displayschutz (0.23 mm) &#8211; schwarz<\/span><\/strong><\/p>\n<h4 class=\"default\"><span style=\"color: #000000;\"><strong>Produktbeschreibungen<\/strong><\/span><\/h4>\n<div id=\"productDescription\" class=\"a-section a-spacing-small\">\n<div>\n<ul class=\"fa-ul\">\n<li>Rahmenfarbe: Schwarz<\/li>\n<li>Dicke: 0.23 mm<\/li>\n<li>H\u00e4rtegrad: 9H<\/li>\n<li>Material: Bruchfestes Glas<\/li>\n<li>&#8211; Blasenfreies Anbringen<\/li>\n<li>&#8211; Anti-Fingerabdruck und fettabweisend<\/li>\n<li><span style=\"color: #000000;\">&#8211; Lieferumfang:<\/span> 1x 3D Schutzglas<br \/>\n&#8211; Lieferumfang: Staub-Absorber, Microfasertuch, Reinigungstuch<\/p>\n<ul>\n<li>Farbe: Transparent, schwarze R\u00e4nder<\/li>\n<\/ul>\n<p>iPhone 17 Pro Panzerglas 5D<\/li>\n<\/ul>\n<\/div>\n<p>&nbsp;<\/p>\n<\/div>","protected":false},"excerpt":{"rendered":"<h5 class=\"a-size-large a-spacing-none\"><span style=\"color: #000000; font-size: 18px;\">iPhone 17 Pro Panzerglas 3D Full Screen &#8211; Full Glue Displayschutz (0.23 mm) &#8211; schwarz<\/span><\/h5>\n<h5 id=\"title\" class=\"a-size-large a-spacing-none\"><span id=\"productTitle\" class=\"a-size-large\" style=\"color: #ffffff;\">\u00a0Pro 9.\u00a0 Panzerglas<\/span><\/h5>\n<ul class=\"a-unordered-list a-vertical a-spacing-none\">\n<li><strong><strong><span class=\"a-list-item\">\u2605\u00a0<\/span>Nur passend f\u00fcr <span class=\"a-list-item\">Apple <\/span><\/strong><\/strong>iPhone 17 Pro<\/li>\n<li>&#8211; Vollschutz f\u00fcr die gesamte Vorderseite (Displayglas)<\/li>\n<li>&#8211; Schutz vor scharfen + spitzen Gegenst\u00e4nden<\/li>\n<li>\n<p id=\"title\" class=\"a-size-large a-spacing-none\"><span id=\"productTitle\" class=\"a-size-large product-title-word-break\">&#8211;\u00a0 9H H\u00e4rte, Ultra-HD, Anti-Kratz, Anti-Blasenfrei, Einfach Installieren,<\/span><\/p>\n<\/li>\n<li><span class=\"a-list-item\"><span style=\"color: #000000;\"><strong>\u2605 <\/strong>3D Verarbeitung:<\/span>\u00a0Mit dem schwarzen Rahmen, bietet die\u00a0Schutzfolie vollst\u00e4ndige Abdeckung. Glattes Gef\u00fchl an allen R\u00e4ndern.\u00a0<\/span><\/li>\n<li><span class=\"a-list-item\"><span style=\"color: #000000;\"><strong>\u2605 <\/strong>Einfache Montage &amp; H\u00fclle-Freundlich:<\/span> Legen Sie es auf den Bildschirm des iPhone 17 Pro und es saugt sich automatisch am Telefon. Keine Blasen kein R\u00fcckstand. Kompatibel mit meisten zug\u00e4nglichen H\u00fclle.\u00a0<\/span><\/li>\n<li><span class=\"a-list-item\"><span style=\"color: #000000;\"><strong>\u2605 <\/strong>Anti-Kratzer &amp; -\u00d6l:<\/span> Die Displayschutzfolie kann Ihr iPhone gegen Kratzer von t\u00e4glich scharfe Gegenst\u00e4nde wie Schl\u00fcssel und Messer sch\u00fctzen. Oleophob Beschichtungsfl\u00e4chen reduziert Fingerabdruck und Flecken, leicht zu l\u00f6schen<\/span><\/li>\n<li><span class=\"a-list-item\"><span style=\"color: #000000;\"><strong>\u2605 <\/strong><\/span>Ultra D\u00fcnn &amp; HD Clear: Super d\u00fcnn, nur 0.23mm. Bietet eine hervorragende Empfindlichkeit wie auf dem Originalbildschirm. 100% Transparenz erm\u00f6glicht eine optimale und nat\u00fcrliche Seherlebnis<\/span><\/li>\n<\/ul>","protected":false},"featured_media":684,"comment_status":"open","ping_status":"closed","template":"","meta":[],"product_brand":[],"product_cat":[17,250],"product_tag":[255],"class_list":{"0":"post-654","1":"product","2":"type-product","3":"status-publish","4":"has-post-thumbnail","6":"product_cat-apple","7":"product_cat-iphone-17-pro-zubehoer","8":"product_tag-17-pro-panzerglas","10":"first","11":"instock","12":"sale","13":"taxable","14":"shipping-taxable","15":"purchasable","16":"product-type-simple"},"_links":{"self":[{"href":"https:\/\/swisscover.li\/fr\/wp-json\/wp\/v2\/product\/654","targetHints":{"allow":["GET"]}}],"collection":[{"href":"https:\/\/swisscover.li\/fr\/wp-json\/wp\/v2\/product"}],"about":[{"href":"https:\/\/swisscover.li\/fr\/wp-json\/wp\/v2\/types\/product"}],"replies":[{"embeddable":true,"href":"https:\/\/swisscover.li\/fr\/wp-json\/wp\/v2\/comments?post=654"}],"wp:featuredmedia":[{"embeddable":true,"href":"https:\/\/swisscover.li\/fr\/wp-json\/wp\/v2\/media\/684"}],"wp:attachment":[{"href":"https:\/\/swisscover.li\/fr\/wp-json\/wp\/v2\/media?parent=654"}],"wp:term":[{"taxonomy":"product_brand","embeddable":true,"href":"https:\/\/swisscover.li\/fr\/wp-json\/wp\/v2\/product_brand?post=654"},{"taxonomy":"product_cat","embeddable":true,"href":"https:\/\/swisscover.li\/fr\/wp-json\/wp\/v2\/product_cat?post=654"},{"taxonomy":"product_tag","embeddable":true,"href":"https:\/\/swisscover.li\/fr\/wp-json\/wp\/v2\/product_tag?post=654"}],"curies":[{"name":"wp","href":"https:\/\/api.w.org\/{rel}","templated":true}]}}