{"id":576,"date":"2025-11-04T00:58:59","date_gmt":"2025-11-03T23:58:59","guid":{"rendered":"https:\/\/swisscover.li\/?post_type=product&#038;p=576"},"modified":"2025-11-04T00:59:16","modified_gmt":"2025-11-03T23:59:16","slug":"kinesiotapes-vorgeschnitten-5cm-x-5m","status":"publish","type":"product","link":"https:\/\/swisscover.li\/fr\/product\/kinesiotapes-vorgeschnitten-5cm-x-5m\/","title":{"rendered":"Kinesiotapes Vorgeschnitten (5cm x 5m)"},"content":{"rendered":"","protected":false},"excerpt":{"rendered":"<p><strong>Einfach in der Anwendung<\/strong><br \/>\nDank der Vorschnitte ist das Tape sofort einsatzbereit. L\u00f6sen Sie das Gitterpapier ab, dehnen Sie das Band nach Bedarf und bringen Sie es einfach auf der Haut an. Achten Sie darauf, die Klebefl\u00e4che nicht zu ber\u00fchren, um die Haftkraft zu erhalten.<\/p>\n<p><strong>Hochwertig &amp; sicher<\/strong><br \/>\nUnser vorgeschnittenes Kinesio Tape besteht aus 100 % Baumwolle und wird mit Premium-Klebetechnologie hergestellt. Es ist drogenfrei, latexfrei, hypoallergen, leicht, atmungsaktiv und bietet maximalen Tragekomfort.<\/p>\n<p><strong>Wasserfest &amp; langanhaltend<\/strong><br \/>\nDas Kinesio Tape ist wasser- und schweissresistent, haftet zuverl\u00e4ssig und bleibt auch nach Training, Schwimmen oder Duschen fest auf der Haut.<\/p>\n<p><strong>Schmerzlindernd &amp; hautschonend<\/strong><br \/>\nDas Tape unterst\u00fctzt die Schmerzlinderung in Muskeln, Gelenken und B\u00e4ndern durch verbesserten Blutfluss. Die vorgeschnittenen Streifen sind d\u00fcnn, dehnbar und haben abgerundete Ecken f\u00fcr optimalen Komfort und Haltbarkeit.<\/p>\n<p><strong>F\u00fcr jeden geeignet<\/strong><br \/>\nOb Profisportler, Physiotherapeuten oder Freizeitsportler \u2013 unser vorgeschnittenes Kinesio Tape ist ideal f\u00fcr Sportarten wie Fussball, Basketball, Schwimmen, Yoga, Laufen und mehr.<\/p>\n<p>Perfekt f\u00fcr Schmerzlinderung, Unterst\u00fctzung und bessere Leistung!<\/p>\n<p><strong>Lieferumfang:<\/strong> 1x Kinesiotapes Vorgeschnitten<\/p>","protected":false},"featured_media":613,"comment_status":"open","ping_status":"closed","template":"","meta":[],"product_brand":[],"product_cat":[209],"product_tag":[213,216],"class_list":{"0":"post-576","1":"product","2":"type-product","3":"status-publish","4":"has-post-thumbnail","6":"product_cat-kinesiotapes-sporttapes","7":"product_tag-physio-tape","8":"product_tag-vorgeschnittenes-kinesio-tape","10":"first","11":"instock","12":"taxable","13":"shipping-taxable","14":"purchasable","15":"product-type-simple"},"_links":{"self":[{"href":"https:\/\/swisscover.li\/fr\/wp-json\/wp\/v2\/product\/576","targetHints":{"allow":["GET"]}}],"collection":[{"href":"https:\/\/swisscover.li\/fr\/wp-json\/wp\/v2\/product"}],"about":[{"href":"https:\/\/swisscover.li\/fr\/wp-json\/wp\/v2\/types\/product"}],"replies":[{"embeddable":true,"href":"https:\/\/swisscover.li\/fr\/wp-json\/wp\/v2\/comments?post=576"}],"wp:featuredmedia":[{"embeddable":true,"href":"https:\/\/swisscover.li\/fr\/wp-json\/wp\/v2\/media\/613"}],"wp:attachment":[{"href":"https:\/\/swisscover.li\/fr\/wp-json\/wp\/v2\/media?parent=576"}],"wp:term":[{"taxonomy":"product_brand","embeddable":true,"href":"https:\/\/swisscover.li\/fr\/wp-json\/wp\/v2\/product_brand?post=576"},{"taxonomy":"product_cat","embeddable":true,"href":"https:\/\/swisscover.li\/fr\/wp-json\/wp\/v2\/product_cat?post=576"},{"taxonomy":"product_tag","embeddable":true,"href":"https:\/\/swisscover.li\/fr\/wp-json\/wp\/v2\/product_tag?post=576"}],"curies":[{"name":"wp","href":"https:\/\/api.w.org\/{rel}","templated":true}]}}