{"id":574,"date":"2025-11-04T00:58:59","date_gmt":"2025-11-03T23:58:59","guid":{"rendered":"https:\/\/swisscover.li\/?post_type=product&#038;p=574"},"modified":"2025-11-04T00:59:22","modified_gmt":"2025-11-03T23:59:22","slug":"baumwollband-sport-tape-5-cm-x-10-m","status":"publish","type":"product","link":"https:\/\/swisscover.li\/fr\/product\/baumwollband-sport-tape-5-cm-x-10-m\/","title":{"rendered":"Baumwollband &#8211; Sport-Tape (5 cm x 10 m)"},"content":{"rendered":"<h1 id=\"title\" class=\"a-size-large a-spacing-none\"><span id=\"productTitle\" class=\"a-size-large product-title-word-break\">Baumwollband<\/span><\/h1>","protected":false},"excerpt":{"rendered":"<h3>Sport-Tape 5 cm x 10 m \u2013 Hochwertiges &amp; rei\u00dffestes Sportband f\u00fcr optimalen Schutz<\/h3>\n<ul data-start=\"93\" data-end=\"655\">\n<li data-start=\"93\" data-end=\"168\"><strong data-start=\"95\" data-end=\"114\">\ud83d\udce6 Paketinhalt:<\/strong> 1 Rolle wei\u00dfes Sportband (5 cm Breite, 10 m L\u00e4nge).<\/li>\n<li data-start=\"169\" data-end=\"281\"><strong data-start=\"171\" data-end=\"200\">\ud83d\udd39 Hochwertiges Material:<\/strong> Hergestellt aus 100 % Baumwolle \u2013 weich, bequem, wasserdicht und atmungsaktiv.<\/li>\n<li data-start=\"282\" data-end=\"380\"><strong data-start=\"284\" data-end=\"305\">\ud83d\udee1\ufe0f Starker Halt:<\/strong> Extra starke Haftung f\u00fcr maximale Stabilit\u00e4t, l\u00f6st sich nicht leicht ab.<\/li>\n<li data-start=\"381\" data-end=\"505\"><strong data-start=\"383\" data-end=\"407\">\u2702\ufe0f Leicht abrei\u00dfbar:<\/strong> Dank gezackter Kanten einfach per Hand in d\u00fcnne Streifen abrei\u00dfbar \u2013 keine Schere erforderlich.<\/li>\n<li data-start=\"506\" data-end=\"655\"><strong data-start=\"508\" data-end=\"538\">\ud83c\udfcb\ufe0f Vielseitig einsetzbar:<\/strong> Perfekt f\u00fcr Sportphysiotherapie, Stabilisierung von Gelenken, B\u00e4ndern und Muskeln sowie zur Verletzungspr\u00e4vention.<\/li>\n<\/ul>\n<p data-start=\"657\" data-end=\"745\" data-is-last-node=\"\" data-is-only-node=\"\">\ud83d\udccc <strong data-start=\"660\" data-end=\"745\" data-is-last-node=\"\">Ideal f\u00fcr Sportler &amp; Physiotherapie \u2013 zuverl\u00e4ssiger Schutz und maximaler Komfort!<\/strong><\/p>","protected":false},"featured_media":617,"comment_status":"open","ping_status":"closed","template":"","meta":[],"product_brand":[],"product_cat":[208,209],"product_tag":[217,218,213,219],"class_list":{"0":"post-574","1":"product","2":"type-product","3":"status-publish","4":"has-post-thumbnail","6":"product_cat-ausruestung","7":"product_cat-kinesiotapes-sporttapes","8":"product_tag-baumwollband","9":"product_tag-kinesiotapes","10":"product_tag-physio-tape","11":"product_tag-sporttape","13":"first","14":"instock","15":"taxable","16":"shipping-taxable","17":"purchasable","18":"product-type-simple"},"_links":{"self":[{"href":"https:\/\/swisscover.li\/fr\/wp-json\/wp\/v2\/product\/574","targetHints":{"allow":["GET"]}}],"collection":[{"href":"https:\/\/swisscover.li\/fr\/wp-json\/wp\/v2\/product"}],"about":[{"href":"https:\/\/swisscover.li\/fr\/wp-json\/wp\/v2\/types\/product"}],"replies":[{"embeddable":true,"href":"https:\/\/swisscover.li\/fr\/wp-json\/wp\/v2\/comments?post=574"}],"wp:featuredmedia":[{"embeddable":true,"href":"https:\/\/swisscover.li\/fr\/wp-json\/wp\/v2\/media\/617"}],"wp:attachment":[{"href":"https:\/\/swisscover.li\/fr\/wp-json\/wp\/v2\/media?parent=574"}],"wp:term":[{"taxonomy":"product_brand","embeddable":true,"href":"https:\/\/swisscover.li\/fr\/wp-json\/wp\/v2\/product_brand?post=574"},{"taxonomy":"product_cat","embeddable":true,"href":"https:\/\/swisscover.li\/fr\/wp-json\/wp\/v2\/product_cat?post=574"},{"taxonomy":"product_tag","embeddable":true,"href":"https:\/\/swisscover.li\/fr\/wp-json\/wp\/v2\/product_tag?post=574"}],"curies":[{"name":"wp","href":"https:\/\/api.w.org\/{rel}","templated":true}]}}