{"id":573,"date":"2025-11-04T00:58:58","date_gmt":"2025-11-03T23:58:58","guid":{"rendered":"https:\/\/swisscover.li\/?post_type=product&#038;p=573"},"modified":"2025-12-27T13:12:36","modified_gmt":"2025-12-27T12:12:36","slug":"kinesiologie-tape-5cm-x-5m","status":"publish","type":"product","link":"https:\/\/swisscover.li\/fr\/product\/kinesiologie-tape-5cm-x-5m\/","title":{"rendered":"Kinesiologie Tape  (5cm x 5m)"},"content":{"rendered":"<h1 class=\"product-title product_title entry-title\"><span style=\"color: #e14d43; font-size: 80%;\"><strong>Kinesiologie Tape\u00a0<\/strong><\/span><\/h1>\n<h2><span style=\"color: #003366;\"><strong><span style=\"font-size: 18px;\">Kinesiologie Tapes Tape Sport 5cm x 5m <\/span><\/strong><\/span><\/h2>\n<ul class=\"a-unordered-list a-vertical a-spacing-mini\">\n<li><span class=\"a-list-item\">\u00a0elastischer, luftdurchl\u00e4ssiger, selbstklebender Kinesiologie Tapeverband<\/span><\/li>\n<li><span class=\"a-list-item\">\u00a0hochwertige Baumwollbasis mit einer S-Wellenf\u00f6rmigen Acrylkleber-Beschichtung<\/span><\/li>\n<li><span class=\"a-list-item\">\u00a0absolut reissfest, strapazierf\u00e4hig und wasserfest<\/span><\/li>\n<li><span class=\"a-list-item\">\u00a0atmungsaktiv und hautfreundlich<\/span><\/li>\n<li><span class=\"a-list-item\">Qualit\u00e4tsprodukt f\u00fcr den Therapie- und Sportbereich mit langer Anlagedauer<\/span><\/li>\n<li><span style=\"color: #ed1c24;\">&#8211; Nicht f\u00fcr Schwimmer geeignet<\/span><\/li>\n<\/ul>\n<h4><span style=\"color: #000000;\">\u21d2 Das k\u00f6nnte dir auch gefallen\u00a0<\/span><\/h4>\n<p>&nbsp;<\/p>\n<figure id=\"attachment_316219\" aria-describedby=\"caption-attachment-316219\" style=\"width: 300px\" class=\"wp-caption aligncenter\"><a href=\"https:\/\/nitrosport.ch\/produkt\/kinesiologie-tape-schere-schwarz\/\" target=\"_blank\" rel=\"noopener\"><img loading=\"lazy\" decoding=\"async\" class=\"wp-image-316219 size-medium lazyload\" src=\"data:image\/gif;base64,R0lGODlhAQABAAAAACH5BAEKAAEALAAAAAABAAEAAAICTAEAOw==\" alt=\"Kinesiologie Tape Schere Schwarz\" width=\"300\" height=\"300\" data-src=\"https:\/\/nitrosport.ch\/wp-content\/uploads\/2022\/12\/Kinesiologie-Tape-Schere-Schwarz-1-300x300.jpg\"><\/a><figcaption id=\"caption-attachment-316219\" class=\"wp-caption-text\">Kinesiologie Tape Schere Schwarz<\/figcaption><\/figure>\n<p><a href=\"https:\/\/nitrosport.ch\/produkt\/schlingentrainer-suspensiontrainer-pro\/\" target=\"_blank\" rel=\"noopener\">\u00a0<\/a><\/p>","protected":false},"excerpt":{"rendered":"<h4><span style=\"color: #000000;\">kinesiologisches Tape f\u00fcr Leichtathletik, zur Schmerzlinderung, Genesung und Physiotherapie<\/span><\/h4>\n<h5 class=\"p_product_name\"><span style=\"color: #333399;\"><strong>Kinesio-Tape (5cm x 5m) in verschiedenen Farben<\/strong><\/span><\/h5>\n<p>GTIN 7629999310605<\/p>\n<p><a href=\"https:\/\/swisscover.ch\/wp-content\/uploads\/2022\/09\/0_KZ8hBw7pQZFFt2Mt.png\"><img loading=\"lazy\" decoding=\"async\" class=\"wp-image-405980\" src=\"https:\/\/swisscover.ch\/wp-content\/uploads\/2022\/09\/0_KZ8hBw7pQZFFt2Mt-300x93.png\" alt=\"bestseller\" width=\"135\" height=\"42\" \/><\/a><\/p>\n<ul class=\"a-unordered-list a-vertical a-spacing-mini\">\n<li><span class=\"a-list-item\">\u2b50\u00a0 <strong>SCHNELLE ERHOLUNG:<\/strong> sofortige Schmerzlinderung und Unterst\u00fctzung der Muskulatur. Sobald Sie die kinesiologisches Tape aufkleben, werden Sie eine unmittelbare Linderung der Schmerzen wahrnehmen. Die st\u00e4rkere Durchblutung und der verbesserte Fluss der Lymphfl\u00fcssigkeit f\u00f6rdern ein schnelleres Ausheilen Ihrer Sportverletzungen. Setzen Sie Ihr k\u00f6rperliches Training einfach mit dem Sportband f\u00fcr Physiotherapie und Sport fort!<\/span><\/li>\n<li><\/li>\n<li><span class=\"a-list-item\">\u2b50\u00a0 <strong>ATMUNGSAKTIV UND ELASTISCH:<\/strong> Der elastische Streifen besteht zu 95 % aus Baumwolle und zu 5 % aus Elastan, also aus Materialien, deren nat\u00fcrliche Durchl\u00e4ssigkeit die Haut unter dem Tape besser atmen l\u00e4sst. Der Elastizit\u00e4tsgrad erreicht bis zu 170 %, was der Dehnbarkeit der menschlichen Haut \u00e4hnelt und Bewegungen nicht eingeschr\u00e4nkt.<\/span><\/li>\n<li><span class=\"a-list-item\">\u2b50\u00a0 <strong>STARK HAFTEND<\/strong>: Mit der wellenf\u00f6rmigen Klebefixierung und seinen hypoallergenen und latexfreien Inhaltsstoffen bleibt dieses elastische Sporttape auch nach starkem Schwitzen oder einer Dusche an seinem Platz.<\/span><\/li>\n<li><span class=\"a-list-item\">\u2b50 <\/span><span style=\"color: #50b848;\"><strong>Empfohlen von \u00c4rzten und Physiotherapeuten<\/strong><\/span><\/li>\n<li><\/li>\n<li><strong><span style=\"color: #000000;\">Lieferumfang:<\/span> <\/strong>1x Kinesiologie Tape wasserfest (5cm x 5m)<\/li>\n<li>L\u00e4nge: 5 m<br \/>\nBreite: 5 cm<\/li>\n<\/ul>\n<ul class=\"a-unordered-list a-vertical a-spacing-mini\">\n<li><\/li>\n<\/ul>\n<div class=\"userDescription--2Zfyu\"><\/div>","protected":false},"featured_media":605,"comment_status":"open","ping_status":"closed","template":"","meta":[],"product_brand":[],"product_cat":[208,209,210],"product_tag":[211,212,213],"class_list":{"0":"post-573","1":"product","2":"type-product","3":"status-publish","4":"has-post-thumbnail","6":"product_cat-ausruestung","7":"product_cat-kinesiotapes-sporttapes","8":"product_cat-sonstiges","9":"product_tag-kinesiologie","10":"product_tag-kinesiologie-tapes","11":"product_tag-physio-tape","13":"first","14":"instock","15":"taxable","16":"shipping-taxable","17":"purchasable","18":"product-type-variable","19":"has-default-attributes"},"_links":{"self":[{"href":"https:\/\/swisscover.li\/fr\/wp-json\/wp\/v2\/product\/573","targetHints":{"allow":["GET"]}}],"collection":[{"href":"https:\/\/swisscover.li\/fr\/wp-json\/wp\/v2\/product"}],"about":[{"href":"https:\/\/swisscover.li\/fr\/wp-json\/wp\/v2\/types\/product"}],"replies":[{"embeddable":true,"href":"https:\/\/swisscover.li\/fr\/wp-json\/wp\/v2\/comments?post=573"}],"wp:featuredmedia":[{"embeddable":true,"href":"https:\/\/swisscover.li\/fr\/wp-json\/wp\/v2\/media\/605"}],"wp:attachment":[{"href":"https:\/\/swisscover.li\/fr\/wp-json\/wp\/v2\/media?parent=573"}],"wp:term":[{"taxonomy":"product_brand","embeddable":true,"href":"https:\/\/swisscover.li\/fr\/wp-json\/wp\/v2\/product_brand?post=573"},{"taxonomy":"product_cat","embeddable":true,"href":"https:\/\/swisscover.li\/fr\/wp-json\/wp\/v2\/product_cat?post=573"},{"taxonomy":"product_tag","embeddable":true,"href":"https:\/\/swisscover.li\/fr\/wp-json\/wp\/v2\/product_tag?post=573"}],"curies":[{"name":"wp","href":"https:\/\/api.w.org\/{rel}","templated":true}]}}