{"id":314,"date":"2025-11-02T22:01:15","date_gmt":"2025-11-02T22:01:15","guid":{"rendered":"https:\/\/swisscover.li\/?post_type=product&#038;p=314"},"modified":"2025-11-02T22:03:07","modified_gmt":"2025-11-02T22:03:07","slug":"30-stueck-selbstklebende-kabelclips","status":"publish","type":"product","link":"https:\/\/swisscover.li\/fr\/product\/30-stueck-selbstklebende-kabelclips\/","title":{"rendered":"30 St\u00fcck selbstklebende Kabelclips"},"content":{"rendered":"<p>30 transparente Kabelclips mit 100 starken Klebestreifen f\u00fcr kabellose Ordnung. F\u00fcr Kabel, Lichterketten &amp; mehr \u2013 r\u00fcckstandsfrei, einfach &amp; vielseitig!<\/p>","protected":false},"excerpt":{"rendered":"<p data-start=\"249\" data-end=\"332\"><strong data-start=\"249\" data-end=\"332\">30 St\u00fcck selbstklebende Kabelclips \u2013 Kabelhalter &amp; Lichtclips f\u00fcr Innen &amp; Aussen<\/strong><\/p>\n<p data-start=\"336\" data-end=\"481\">\u2705 <strong data-start=\"338\" data-end=\"363\">Vielseitig einsetzbar<\/strong> \u2013 Ideal zur Kabelf\u00fchrung von USB-, Netz-, TV- und Ladekabeln sowie zur Befestigung von LED- und Weihnachtslichtern.<\/p>\n<p data-start=\"484\" data-end=\"614\">\u2705 <strong data-start=\"486\" data-end=\"524\">Einfache &amp; r\u00fcckstandsfreie Montage<\/strong> \u2013 Ohne Bohren: Einfach Schutzfolie abziehen und auf glatte, saubere Oberfl\u00e4chen kleben.<\/p>\n<p data-start=\"617\" data-end=\"744\">\u2705 <strong data-start=\"619\" data-end=\"652\">Starker Halt mit Klebepads<\/strong> \u2013 Sicherer Sitz auf Glas, Holz, Metall &amp; Kunststoff \u2013 ohne die Oberfl\u00e4che zu besch\u00e4digen.<\/p>\n<p data-start=\"747\" data-end=\"881\">\u2705 <strong data-start=\"749\" data-end=\"790\">Kompakte Gr\u00f6\u00dfe &amp; unauff\u00e4lliges Design<\/strong> \u2013 Jeder Clip misst nur <strong>14 \u00d7 14 \u00d7 9 mm<\/strong> \u2013 ideal f\u00fcr Schreibtisch, Wand oder Fensterrahmen.<\/p>\n<p data-start=\"884\" data-end=\"1011\">\u2705 <strong data-start=\"886\" data-end=\"911\">Innen &amp; au\u00dfen nutzbar<\/strong> \u2013 Perfekt f\u00fcr Kabelmanagement im B\u00fcro, Zuhause oder f\u00fcr dekorative Lichtinstallationen im Garten.<\/p>\n<p data-start=\"1014\" data-end=\"1130\">\u2705 <strong data-start=\"1016\" data-end=\"1045\">Optimale Haftung nach 24h<\/strong> \u2013 F\u00fcr beste Ergebnisse Fl\u00e4che vorher reinigen &amp; Kabel erst nach 24 Stunden einlegen.<\/p>\n<ul class=\"a-unordered-list a-vertical a-spacing-mini\">\n<li><span class=\"a-list-item\"><strong>Lieferumfang:\u00a0<\/strong> 1x 30 St\u00fcck selbstklebende Kabelclips<\/span><\/li>\n<\/ul>","protected":false},"featured_media":393,"comment_status":"open","ping_status":"closed","template":"","meta":[],"product_brand":[],"product_cat":[69,173,172],"product_tag":[192,193,194,195,196,197,198],"class_list":{"0":"post-314","1":"product","2":"type-product","3":"status-publish","4":"has-post-thumbnail","6":"product_cat-adapter","7":"product_cat-adapter-zubehoer","8":"product_cat-sonstiges-zubehoer","9":"product_tag-kabel-organizer","10":"product_tag-kabelbefestigung-ohne-bohren","11":"product_tag-kabelclips-selbstklebend","12":"product_tag-kabelhalter-wand","13":"product_tag-kabelklemmen","14":"product_tag-kabelmanagement","15":"product_tag-lichtclips-weihnachten","17":"first","18":"instock","19":"taxable","20":"shipping-taxable","21":"purchasable","22":"product-type-simple"},"_links":{"self":[{"href":"https:\/\/swisscover.li\/fr\/wp-json\/wp\/v2\/product\/314","targetHints":{"allow":["GET"]}}],"collection":[{"href":"https:\/\/swisscover.li\/fr\/wp-json\/wp\/v2\/product"}],"about":[{"href":"https:\/\/swisscover.li\/fr\/wp-json\/wp\/v2\/types\/product"}],"replies":[{"embeddable":true,"href":"https:\/\/swisscover.li\/fr\/wp-json\/wp\/v2\/comments?post=314"}],"wp:featuredmedia":[{"embeddable":true,"href":"https:\/\/swisscover.li\/fr\/wp-json\/wp\/v2\/media\/393"}],"wp:attachment":[{"href":"https:\/\/swisscover.li\/fr\/wp-json\/wp\/v2\/media?parent=314"}],"wp:term":[{"taxonomy":"product_brand","embeddable":true,"href":"https:\/\/swisscover.li\/fr\/wp-json\/wp\/v2\/product_brand?post=314"},{"taxonomy":"product_cat","embeddable":true,"href":"https:\/\/swisscover.li\/fr\/wp-json\/wp\/v2\/product_cat?post=314"},{"taxonomy":"product_tag","embeddable":true,"href":"https:\/\/swisscover.li\/fr\/wp-json\/wp\/v2\/product_tag?post=314"}],"curies":[{"name":"wp","href":"https:\/\/api.w.org\/{rel}","templated":true}]}}