{"id":313,"date":"2025-11-02T22:01:15","date_gmt":"2025-11-02T22:01:15","guid":{"rendered":"https:\/\/swisscover.li\/?post_type=product&#038;p=313"},"modified":"2025-11-02T22:03:05","modified_gmt":"2025-11-02T22:03:05","slug":"selbstklebender-silikon-kabelhalter-5-fach-schwarz","status":"publish","type":"product","link":"https:\/\/swisscover.li\/fr\/product\/selbstklebender-silikon-kabelhalter-5-fach-schwarz\/","title":{"rendered":"Selbstklebender Silikon Kabelhalter 5-fach \u2013 Schwarz"},"content":{"rendered":"<p data-start=\"141\" data-end=\"300\"><strong data-start=\"141\" data-end=\"165\">Produktbeschreibung:<\/strong><br data-start=\"165\" data-end=\"168\" \/>Unsere Kabelhalter-Clips sind vielseitig einsetzbar und besonders benutzerfreundlich \u2013 ideal f\u00fcr ein aufger\u00e4umtes Zuhause oder B\u00fcro.<\/p>\n<p data-start=\"302\" data-end=\"322\"><strong data-start=\"302\" data-end=\"320\">Eigenschaften:<\/strong><\/p>\n<ol data-start=\"323\" data-end=\"805\">\n<li data-start=\"323\" data-end=\"510\">\n<p data-start=\"326\" data-end=\"510\"><strong data-start=\"326\" data-end=\"349\">Einfache Anwendung:<\/strong> Schutzfolie abziehen, den Clip auf die gew\u00fcnschte Oberfl\u00e4che kleben und f\u00fcr 30 Sekunden bis 1 Minute fest andr\u00fccken \u2013 schon ist der Kabelhalter einsatzbereit.<\/p>\n<\/li>\n<li data-start=\"511\" data-end=\"667\">\n<p data-start=\"514\" data-end=\"667\"><strong data-start=\"514\" data-end=\"543\">Hochwertige Verarbeitung:<\/strong> Gefertigt aus ausgew\u00e4hltem Silikon mit robustem Metallrahmen \u2013 sorgf\u00e4ltig verarbeitet f\u00fcr ein elegantes Erscheinungsbild.<\/p>\n<\/li>\n<li data-start=\"668\" data-end=\"805\">\n<p data-start=\"671\" data-end=\"805\"><strong data-start=\"671\" data-end=\"697\">Vielseitig einsetzbar:<\/strong> Perfekt zum Ordnen von Lade-, USB-, Audio- und Kopfh\u00f6rerkabeln \u2013 ob am Schreibtisch, zu Hause oder im Auto.<\/p>\n<\/li>\n<\/ol>\n<ul data-start=\"831\" data-end=\"946\">\n<li data-start=\"916\" data-end=\"946\">\n<p data-start=\"918\" data-end=\"946\">\n<\/li>\n<\/ul>","protected":false},"excerpt":{"rendered":"<p data-start=\"807\" data-end=\"830\"><strong data-start=\"807\" data-end=\"828\">Technische Daten:<\/strong><\/p>\n<ul>\n<li data-start=\"833\" data-end=\"868\"><strong data-start=\"833\" data-end=\"849\">Produktname:<\/strong> Kabelhalter-Clip<\/li>\n<li data-start=\"871\" data-end=\"915\"><strong data-start=\"871\" data-end=\"884\">Material:<\/strong> Silikon<\/li>\n<li data-start=\"918\" data-end=\"946\"><strong data-start=\"918\" data-end=\"944\">Anzahl der Kabelslots:<\/strong> 5<\/li>\n<li><strong>Farbe:<\/strong> Schwarz<\/li>\n<\/ul>\n<p data-start=\"318\" data-end=\"433\">\u2705 <strong data-start=\"320\" data-end=\"357\">Ordnung am Arbeitsplatz &amp; Zuhause<\/strong> \u2013 Schluss mit Kabelsalat! Ideal f\u00fcr Lade-, USB-, Maus- und Tastaturkabel.<\/p>\n<p data-start=\"436\" data-end=\"548\">\u2705 <strong data-start=\"438\" data-end=\"459\">Starker 3M-Kleber<\/strong> \u2013 L\u00e4sst sich sicher &amp; dauerhaft auf Schreibtisch, Wand, M\u00f6bel oder Monitor befestigen.<\/p>\n<p data-start=\"551\" data-end=\"671\">\u2705 <strong data-start=\"553\" data-end=\"594\">Flexibles Design f\u00fcr viele Kabeltypen<\/strong> \u2013 F\u00fcr Kabel &amp; Stifte mit \u00d8 3\u201310\u202fmm \u2013 ideal f\u00fcr Handy-, PC- oder Ladekabel.<\/p>\n<p data-start=\"674\" data-end=\"797\">\u2705 <strong data-start=\"676\" data-end=\"714\">Langlebig &amp; hochwertig verarbeitet<\/strong> \u2013 Aus weichem Silikon f\u00fcr extra Stabilit\u00e4t &amp; Stil.<\/p>\n<p data-start=\"800\" data-end=\"930\">\u2705 <strong data-start=\"802\" data-end=\"827\">Platzsparend &amp; dezent<\/strong> \u2013 Kompakte Masse (ca. 100\u202f\u00d7\u202f20\u202f\u00d7\u202f15\u202fmm) und elegantes Schwarz \u2013 passt perfekt ins B\u00fcro oder Homeoffice.<\/p>\n<div id=\"panel-contents\" tabindex=\"0\" role=\"tabpanel\" aria-labelledby=\"tab-contents\" aria-expanded=\"true\">\n<div title=\"Lieferumfang\">\n<div id=\"collapsible-contents\">\n<div>\n<p><strong>Lieferumfang<\/strong>: 1 x 5-fach Kabel Halter<\/p>\n<\/div>\n<\/div>\n<\/div>\n<\/div>","protected":false},"featured_media":390,"comment_status":"open","ping_status":"closed","template":"","meta":[],"product_brand":[],"product_cat":[69,173,182,183,172,174,184],"product_tag":[185,186,187,188,189,190,191],"class_list":{"0":"post-313","1":"product","2":"type-product","3":"status-publish","4":"has-post-thumbnail","6":"product_cat-adapter","7":"product_cat-adapter-zubehoer","8":"product_cat-iphone-ladegeraet-sonstiges-zubehoer","9":"product_cat-iphone-ladekabel-sonstiges-zubehoer","10":"product_cat-sonstiges-zubehoer","11":"product_cat-usb-c-zubehoer","12":"product_cat-usb-kabel-sonstiges-zubehoer","13":"product_tag-kabelcli","14":"product_tag-kabelhalter-5-fach","15":"product_tag-kabelhalter-selbstklebend","16":"product_tag-kabelklemme","17":"product_tag-kabelmanagement-buero","18":"product_tag-schreibtisch-kabel-organizer","19":"product_tag-silikon-kabelhalter","21":"first","22":"instock","23":"taxable","24":"shipping-taxable","25":"purchasable","26":"product-type-simple"},"_links":{"self":[{"href":"https:\/\/swisscover.li\/fr\/wp-json\/wp\/v2\/product\/313","targetHints":{"allow":["GET"]}}],"collection":[{"href":"https:\/\/swisscover.li\/fr\/wp-json\/wp\/v2\/product"}],"about":[{"href":"https:\/\/swisscover.li\/fr\/wp-json\/wp\/v2\/types\/product"}],"replies":[{"embeddable":true,"href":"https:\/\/swisscover.li\/fr\/wp-json\/wp\/v2\/comments?post=313"}],"wp:featuredmedia":[{"embeddable":true,"href":"https:\/\/swisscover.li\/fr\/wp-json\/wp\/v2\/media\/390"}],"wp:attachment":[{"href":"https:\/\/swisscover.li\/fr\/wp-json\/wp\/v2\/media?parent=313"}],"wp:term":[{"taxonomy":"product_brand","embeddable":true,"href":"https:\/\/swisscover.li\/fr\/wp-json\/wp\/v2\/product_brand?post=313"},{"taxonomy":"product_cat","embeddable":true,"href":"https:\/\/swisscover.li\/fr\/wp-json\/wp\/v2\/product_cat?post=313"},{"taxonomy":"product_tag","embeddable":true,"href":"https:\/\/swisscover.li\/fr\/wp-json\/wp\/v2\/product_tag?post=313"}],"curies":[{"name":"wp","href":"https:\/\/api.w.org\/{rel}","templated":true}]}}