{"id":311,"date":"2025-11-02T22:01:15","date_gmt":"2025-11-02T22:01:15","guid":{"rendered":"https:\/\/swisscover.li\/?post_type=product&#038;p=311"},"modified":"2025-11-02T22:03:03","modified_gmt":"2025-11-02T22:03:03","slug":"lightning-auf-sd-microsd-kartenleser-ladeadapter-fuer-apple-geraete","status":"publish","type":"product","link":"https:\/\/swisscover.li\/fr\/product\/lightning-auf-sd-microsd-kartenleser-ladeadapter-fuer-apple-geraete\/","title":{"rendered":"Lecteur de cartes Lightning vers SD\/MicroSD &amp; adaptateur de charge pour appareils Apple"},"content":{"rendered":"<h2>Multifunktional tragbarer Mini-Typ-C\/USB\/TF\/Micro-SD-Speicherkartenleser-Adapter<\/h2>\n<p><strong data-start=\"73\" data-end=\"90\">Lieferumfang:<\/strong><br data-start=\"90\" data-end=\"93\" \/>1x (10 cm) Lightning \/ USB A \/ USB C auf SD \/ Micro SD Kartenleseger\u00e4t mit Dual USB A \/ Lightning Ladeadapter.<\/p>\n<p>&nbsp;<\/p>\n<p><span style=\"color: #000000;\"><strong data-start=\"87\" data-end=\"109\">Wichtiger Hinweis:<\/strong><\/span><br data-start=\"109\" data-end=\"112\" \/>Dieses Produkt ist mit allen iOS-Versionen kompatibel. Bei Ger\u00e4ten mit iOS 12 oder \u00e4lter ist der Datentransfer von Fotos und Videos von USB-Sticks oder hochaufl\u00f6senden Digitalkameras auf iPhone oder iPad nur in eine Richtung m\u00f6glich. Eine zus\u00e4tzliche App wird hierf\u00fcr nicht ben\u00f6tigt. F\u00fcr eine optimale Nutzung empfehlen wir stets die Installation der aktuellsten iOS-Version.<\/p>","protected":false},"excerpt":{"rendered":"<ul>\n<li>Farbe: Weiss<\/li>\n<li>Material: Kunststoff<\/li>\n<li>Gr\u00f6sse: ca. 73 x 42 x 10 mm<\/li>\n<li>Gewicht: ca. 25 g<\/li>\n<li>Kabell\u00e4nge: ca. 10 cm<\/li>\n<\/ul>\n<p data-start=\"317\" data-end=\"450\">\u2705 <strong data-start=\"319\" data-end=\"367\">Einfach &amp; sofort einsatzbereit (Plug &amp; Play)<\/strong> \u2013 Keine App notwendig, sofort betriebsbereit \u2013 einfach anschliessen und loslegen.<\/p>\n<p data-start=\"453\" data-end=\"622\">\u2705 <strong data-start=\"455\" data-end=\"480\">Vielseitig einsetzbar<\/strong> \u2013 Unterst\u00fctzt SD-, MicroSD- und TF-Karten, USB-Sticks, Maus und Tastatur \u2013 ideal f\u00fcr Datei\u00fcbertragung, Backup, Gaming oder Office-Arbeiten.<\/p>\n<p data-start=\"625\" data-end=\"750\">\u2705 <strong data-start=\"627\" data-end=\"652\">Universell kompatibel<\/strong> \u2013 F\u00fcr iPhones, iPads, Tablets, Laptops, Desktop-PCs und viele weitere digitale Ger\u00e4te geeignet.<\/p>\n<p><strong>Lightning USB A \/ USB C auf SD \/ Micro SD Kartenleseger\u00e4t \/ Dual USB A \/ Lightning Adapter f\u00fcr Apple iPhone \/ iPad \/ MacBook:<\/strong><\/p>\n<p data-start=\"753\" data-end=\"888\">\u2705 <strong data-start=\"755\" data-end=\"783\">Multifunktionales Design<\/strong> \u2013 Filme ansehen, Dokumente bearbeiten, Spiele spielen, Dateien sichern \u2013 alles bequem direkt am Ger\u00e4t.<\/p>\n<p data-start=\"891\" data-end=\"1007\">\u2705 <strong data-start=\"893\" data-end=\"915\">Robust &amp; langlebig<\/strong> \u2013 Hochwertiges ABS- und Metallgeh\u00e4use f\u00fcr lange Lebensdauer und stabile Daten\u00fcbertragung.<\/p>\n<p data-start=\"1010\" data-end=\"1097\">\u2705 <strong data-start=\"1012\" data-end=\"1029\">Kompakte Masse<\/strong> \u2013 Praktisches Format: ca. 13,5 x 7,3 x 2 cm, ideal f\u00fcr unterwegs.<\/p>\n<p data-start=\"1010\" data-end=\"1097\"><strong data-start=\"75\" data-end=\"87\">Hinweis: <\/strong>Der Adapter ist nicht nur f\u00fcr Apple iPhone, iPad und MacBook geeignet, sondern kann auch mit Smartphones und Tablets verwendet werden, die die OTG-Funktion unterst<\/p>\n<p data-start=\"1100\" data-end=\"1184\">","protected":false},"featured_media":385,"comment_status":"closed","ping_status":"closed","template":"","meta":[],"product_brand":[],"product_cat":[69,173,172,174],"product_tag":[175,176,177,178,179,180,181],"class_list":{"0":"post-311","1":"product","2":"type-product","3":"status-publish","4":"has-post-thumbnail","6":"product_cat-adapter","7":"product_cat-adapter-zubehoer","8":"product_cat-sonstiges-zubehoer","9":"product_cat-usb-c-zubehoer","10":"product_tag-kartenleser-ipad","11":"product_tag-ladeadapter-apple","12":"product_tag-lightning-kartenleser","13":"product_tag-microsd-adapter-iphone","14":"product_tag-plug-play-kartenleser","15":"product_tag-sd-kartenleser-apple","16":"product_tag-usb-kartenleser","18":"first","19":"instock","20":"taxable","21":"shipping-taxable","22":"purchasable","23":"product-type-simple"},"_links":{"self":[{"href":"https:\/\/swisscover.li\/fr\/wp-json\/wp\/v2\/product\/311","targetHints":{"allow":["GET"]}}],"collection":[{"href":"https:\/\/swisscover.li\/fr\/wp-json\/wp\/v2\/product"}],"about":[{"href":"https:\/\/swisscover.li\/fr\/wp-json\/wp\/v2\/types\/product"}],"replies":[{"embeddable":true,"href":"https:\/\/swisscover.li\/fr\/wp-json\/wp\/v2\/comments?post=311"}],"wp:featuredmedia":[{"embeddable":true,"href":"https:\/\/swisscover.li\/fr\/wp-json\/wp\/v2\/media\/385"}],"wp:attachment":[{"href":"https:\/\/swisscover.li\/fr\/wp-json\/wp\/v2\/media?parent=311"}],"wp:term":[{"taxonomy":"product_brand","embeddable":true,"href":"https:\/\/swisscover.li\/fr\/wp-json\/wp\/v2\/product_brand?post=311"},{"taxonomy":"product_cat","embeddable":true,"href":"https:\/\/swisscover.li\/fr\/wp-json\/wp\/v2\/product_cat?post=311"},{"taxonomy":"product_tag","embeddable":true,"href":"https:\/\/swisscover.li\/fr\/wp-json\/wp\/v2\/product_tag?post=311"}],"curies":[{"name":"wp","href":"https:\/\/api.w.org\/{rel}","templated":true}]}}