{"id":310,"date":"2025-11-02T22:01:14","date_gmt":"2025-11-02T22:01:14","guid":{"rendered":"https:\/\/swisscover.li\/?post_type=product&#038;p=310"},"modified":"2025-11-02T22:02:53","modified_gmt":"2025-11-02T22:02:53","slug":"highspeed-3d-4k-fullhd-hdmi-3","status":"publish","type":"product","link":"https:\/\/swisscover.li\/fr\/product\/highspeed-3d-4k-fullhd-hdmi-3\/","title":{"rendered":"3D haute vitesse \/ 4K FullHD HDMI"},"content":{"rendered":"<h1><span id=\"productTitle\" class=\"a-size-large product-title-word-break\" style=\"font-size: 75%;\">HDMI Kabel HIGH Speed mit Ethernet (vergoldete Stecker, 4K, Ultra-HD, Full HD 1080p, 3D)<\/span><\/h1>\n<h3 class=\"a-spacing-mini\">HDMI Verbindungskabel<\/h3>\n<p>Mit diesem Kabel k\u00f6nnen Monitore \/ TV Ger\u00e4te mit HDMI Anschluss an ein kompatibles HDMI Quellger\u00e4t angeschlossen werden. Die passgenauen Stecker sind vergoldet und verhindern dank der doppelten Schirmung \u00dcbertragungsfehler.<\/p>\n<p>Dieses HDMI-Kabel \u00fcbertr\u00e4gt Bilder mit einer Aufl\u00f6sungen bis 4K Ultra HD 2160p (max. 4096&#215;2160 bei 60Hz) ohne Probleme und verlustfrei.<\/p>\n<h3 class=\"a-spacing-mini\">Verlustfreie AV-\u00dcbertragung<\/h3>\n<p>Dieses HDMI zu HDMI Verbindungskabel liefert perfekte Leistung zum kleinen Preis.<\/p>\n<p>Die vergoldeten Steckkontakte sorgen zum einen f\u00fcr eine verlustfreie und perfekte Signal\u00fcbertragung f\u00fcr Aufl\u00f6sungen bis zu 4K Ultra HD und zum anderen f\u00fcr dauerhaften Korrosionsschutz und somit eine verbesserte Langlebigkeit.<\/p>\n<p>&nbsp;<\/p>\n<h3 class=\"a-spacing-mini\">Produktinformationen<\/h3>\n<ul class=\"a-unordered-list a-vertical\">\n<li>L\u00e4ngenvarianten: 1 m, 3 m, 5 m<\/li>\n<li>Durchmesser: ca. 6 mm (1m, 3 m, 5 m)<\/li>\n<li>19-pin \u2013 Stecker<\/li>\n<li>Farbe: Schwarz<\/li>\n<li>Kabeltyp: Rundkabel<\/li>\n<li>Durchmesser: 5.5 mm<\/li>\n<li>Signal\u00fcbertragung: Deep Color (36 Bit), x.v.Colour (xVYCC), 3D<\/li>\n<\/ul>\n<div class=\"elv-datalist-item--container\">\n<div class=\"elv-datalist-item--values\"><\/div>\n<\/div>\n<div class=\"elv-datalist-item--container\">\n<div class=\"elv-datalist-item--name\">3D-Unterst\u00fctzung : <span class=\"elv-datalist-item--value\">Ja<\/span><\/div>\n<\/div>\n<div class=\"elv-datalist-item--container\">\n<div class=\"elv-datalist-item--name\">Adaptierung: <span class=\"elv-datalist-item--value\">HDMI-A-Stecker auf HDMI-A-Stecker<\/span><\/div>\n<\/div>\n<div class=\"elv-datalist-item--container\">\n<div class=\"elv-datalist-item--name\">Ethernet-Kanal (HEC): <span class=\"elv-datalist-item--value\">Ja<\/span><\/div>\n<\/div>\n<div class=\"elv-datalist-item--container\">\n<div class=\"elv-datalist-item--name\">HDCP-Unterst\u00fctzung: <span class=\"elv-datalist-item--value\">Ja<\/span><\/div>\n<\/div>\n<div class=\"elv-datalist-item--container\">\n<div class=\"elv-datalist-item--name\">Max. Video-Aufl\u00f6sung: <span class=\"elv-datalist-item--value\">4096 x 2160 Pixel<\/span><\/div>\n<\/div>","protected":false},"excerpt":{"rendered":"<div id=\"featurebullets_feature_div\" class=\"celwidget\" data-feature-name=\"featurebullets\" data-csa-c-id=\"j9lt5w-t84owp-4yq0e3-prmx54\" data-cel-widget=\"featurebullets_feature_div\">\n<div id=\"feature-bullets\" class=\"a-section a-spacing-medium a-spacing-top-small\">\n<ul class=\"a-unordered-list a-vertical a-spacing-mini\">\n<li>HDMI-2.0-Standard<\/li>\n<li>In mehreren L\u00e4ngen erh\u00e4ltlich<\/li>\n<li>Vergoldete Kontakte<\/li>\n<li>Ultra-HD<\/li>\n<\/ul>\n<p><strong>\u00a0Lieferumfang:<\/strong> 1x HDMI-Kabel High Speed mit Ethernet<\/p>\n<\/div>\n<\/div>\n<div id=\"provenanceCertifications_feature_div\" class=\"celwidget\" data-feature-name=\"provenanceCertifications\" data-csa-c-id=\"gixl2n-je2ym4-z8z1tu-bs1334\" data-cel-widget=\"provenanceCertifications_feature_div\"><\/div>\n<div id=\"serviceCapabilities_feature_div\" class=\"celwidget\" data-feature-name=\"serviceCapabilities\" data-csa-c-id=\"gli4o4-euxpd-hpqk8m-9r68xy\" data-cel-widget=\"serviceCapabilities_feature_div\"><\/div>","protected":false},"featured_media":227,"comment_status":"open","ping_status":"closed","template":"","meta":[],"product_brand":[],"product_cat":[173,172],"product_tag":[48],"class_list":{"0":"post-310","1":"product","2":"type-product","3":"status-publish","4":"has-post-thumbnail","6":"product_cat-adapter-zubehoer","7":"product_cat-sonstiges-zubehoer","8":"product_tag-hdmi-kabel","10":"first","11":"outofstock","12":"taxable","13":"shipping-taxable","14":"product-type-variable","15":"has-default-attributes"},"_links":{"self":[{"href":"https:\/\/swisscover.li\/fr\/wp-json\/wp\/v2\/product\/310","targetHints":{"allow":["GET"]}}],"collection":[{"href":"https:\/\/swisscover.li\/fr\/wp-json\/wp\/v2\/product"}],"about":[{"href":"https:\/\/swisscover.li\/fr\/wp-json\/wp\/v2\/types\/product"}],"replies":[{"embeddable":true,"href":"https:\/\/swisscover.li\/fr\/wp-json\/wp\/v2\/comments?post=310"}],"wp:featuredmedia":[{"embeddable":true,"href":"https:\/\/swisscover.li\/fr\/wp-json\/wp\/v2\/media\/227"}],"wp:attachment":[{"href":"https:\/\/swisscover.li\/fr\/wp-json\/wp\/v2\/media?parent=310"}],"wp:term":[{"taxonomy":"product_brand","embeddable":true,"href":"https:\/\/swisscover.li\/fr\/wp-json\/wp\/v2\/product_brand?post=310"},{"taxonomy":"product_cat","embeddable":true,"href":"https:\/\/swisscover.li\/fr\/wp-json\/wp\/v2\/product_cat?post=310"},{"taxonomy":"product_tag","embeddable":true,"href":"https:\/\/swisscover.li\/fr\/wp-json\/wp\/v2\/product_tag?post=310"}],"curies":[{"name":"wp","href":"https:\/\/api.w.org\/{rel}","templated":true}]}}