{"id":262,"date":"2025-11-02T22:00:27","date_gmt":"2025-11-02T22:00:27","guid":{"rendered":"https:\/\/swisscover.li\/?post_type=product&#038;p=262"},"modified":"2025-11-02T22:02:47","modified_gmt":"2025-11-02T22:02:47","slug":"45w-usb-c-super-fast-charging-netzteil-2","status":"publish","type":"product","link":"https:\/\/swisscover.li\/fr\/product\/45w-usb-c-super-fast-charging-netzteil-2\/","title":{"rendered":"(45W) Adaptateur secteur USB C Super Fast Charging"},"content":{"rendered":"<div><strong>Ladeger\u00e4t Eigenschaften<\/strong><\/div>\n<div><\/div>\n<div>Ladeger\u00e4ttyp: Schnellladeger\u00e4t, USB C Ladeger\u00e4t<\/div>\n<div>Ladetechnologie: Fast Chargei, Power Delivery 3.0<\/div>\n<div>Anzahl Ports: 1 x<\/div>\n<div>Vorhandene Anschl\u00fcsse: USB-C (1x)<\/div>\n<div><\/div>\n<div><\/div>\n<div><strong>Zusatzfunktionen<\/strong><\/div>\n<div><strong>\u26a1 \u00dcberladeschutz<\/strong><\/div>\n<div><\/div>\n<div>Netzbetrieb Eigenschaften<\/div>\n<div>Leistung: 45W<\/div>\n<div>Ausgangsstrom: 5A<\/div>\n<div><\/div>\n<div><\/div>","protected":false},"excerpt":{"rendered":"<h3 id=\"title\" class=\"a-size-large a-spacing-none\"><span id=\"productTitle\" class=\"a-size-large product-title-word-break\">45W Ladeger\u00e4t USB C Schnellladeger\u00e4t mit Ladekabel kompatibel mit Samsung S21 S23 S22 Ultra\/S22 Plus\/Tab S8\/Tab S8 Ultra\/Tab S8 Plus\/Tab S7\/Tab S7 FE\/Tab S24,S24+ S24 Ultra Netzteil<\/span><\/h3>\n<h3><strong><span style=\"font-size: 100%;\">Details<\/span><\/strong><\/h3>\n<p>Hersteller: N\/A<\/p>\n<p>Farbe: Weiss<\/p>\n<p><strong>Produkthighlights:<\/strong><\/p>\n<ul>\n<li><strong>Schnelles Aufladen<\/strong>: Mit 45W Ausgangsleistung, perfekt f\u00fcr Ger\u00e4te, die schnelle Energiezufuhr ben\u00f6tigen.<\/li>\n<li><strong>Breite Kompatibilit\u00e4t<\/strong>: Ideal f\u00fcr das Aufladen von Samsung Galaxy S23\/S22 Ultra, Galaxy S23\/S22 Plus, Galaxy Tab S8 und weiteren Modellen.<\/li>\n<li><strong>Portabilit\u00e4t<\/strong>: Kompaktes Design macht es einfach, das Ladeger\u00e4t \u00fcberallhin mitzunehmen.<\/li>\n<li><strong>Zuverl\u00e4ssigkeit<\/strong>: Sicheres Laden mit Schutz gegen \u00dcberladung und \u00dcberhitzung.<\/li>\n<li><span class=\"a-list-item\"><strong>Lieferumfang:\u00a0<\/strong> 1x 45W Ladeger\u00e4t, 1x USB-C\u00a0 Ladekabel 1m<\/span><\/li>\n<\/ul>\n<section><\/section>","protected":false},"featured_media":382,"comment_status":"open","ping_status":"closed","template":"","meta":[],"product_brand":[],"product_cat":[171,166,99,100,101,102,103,104,105,153,157,154,158,160,168,169,19,170,76,133,18],"product_tag":[40],"class_list":{"0":"post-262","1":"product","2":"type-product","3":"status-publish","4":"has-post-thumbnail","6":"product_cat-samsung-galaxy-s24-ultra-zubehoer","7":"product_cat-galaxy-a15-zubehoer","8":"product_cat-galaxy-s21-5g-zubehoer","9":"product_cat-galaxy-s21-fe-5g-zubehoer","10":"product_cat-galaxy-s21-plus-zubehoer","11":"product_cat-galaxy-s21-ultra-zubehoer","12":"product_cat-galaxy-s22-5g-zubehoer","13":"product_cat-galaxy-s22-plus-5g-zubehoer","14":"product_cat-galaxy-s22-ultra-zubehoer","15":"product_cat-galaxy-s23-5g-zubehoer","16":"product_cat-galaxy-s23-fe-5g-zubehoer","17":"product_cat-galaxy-s23-plus-5g-zubehoer","18":"product_cat-galaxy-s24-plus-zubehoer","19":"product_cat-galaxy-s24-zubehoer","20":"product_cat-google-pixel-9-pixel-9-pro-zubehoer","21":"product_cat-google-pixel-9-pro-xl-zubehoer","22":"product_cat-iphone-ladegeraet","23":"product_cat-samsung-galaxy-s23-ultra-huellen-zubehoer","24":"product_cat-usb-c","25":"product_cat-usb-kabel","26":"product_cat-zubehoer","27":"product_tag-ladegeraet","29":"first","30":"instock","31":"taxable","32":"shipping-taxable","33":"purchasable","34":"product-type-simple"},"_links":{"self":[{"href":"https:\/\/swisscover.li\/fr\/wp-json\/wp\/v2\/product\/262","targetHints":{"allow":["GET"]}}],"collection":[{"href":"https:\/\/swisscover.li\/fr\/wp-json\/wp\/v2\/product"}],"about":[{"href":"https:\/\/swisscover.li\/fr\/wp-json\/wp\/v2\/types\/product"}],"replies":[{"embeddable":true,"href":"https:\/\/swisscover.li\/fr\/wp-json\/wp\/v2\/comments?post=262"}],"wp:featuredmedia":[{"embeddable":true,"href":"https:\/\/swisscover.li\/fr\/wp-json\/wp\/v2\/media\/382"}],"wp:attachment":[{"href":"https:\/\/swisscover.li\/fr\/wp-json\/wp\/v2\/media?parent=262"}],"wp:term":[{"taxonomy":"product_brand","embeddable":true,"href":"https:\/\/swisscover.li\/fr\/wp-json\/wp\/v2\/product_brand?post=262"},{"taxonomy":"product_cat","embeddable":true,"href":"https:\/\/swisscover.li\/fr\/wp-json\/wp\/v2\/product_cat?post=262"},{"taxonomy":"product_tag","embeddable":true,"href":"https:\/\/swisscover.li\/fr\/wp-json\/wp\/v2\/product_tag?post=262"}],"curies":[{"name":"wp","href":"https:\/\/api.w.org\/{rel}","templated":true}]}}