{"id":240,"date":"2025-11-02T21:59:48","date_gmt":"2025-11-02T21:59:48","guid":{"rendered":"https:\/\/swisscover.li\/?post_type=product&#038;p=240"},"modified":"2025-11-02T22:02:09","modified_gmt":"2025-11-02T22:02:09","slug":"displayport-auf-hdmi-kabel-mit-vergoldeten-steckern-18-m","status":"publish","type":"product","link":"https:\/\/swisscover.li\/fr\/product\/displayport-auf-hdmi-kabel-mit-vergoldeten-steckern-18-m\/","title":{"rendered":"DisplayPort auf HDMI Kabel mit vergoldeten Steckern &#8211; (1,8 m)"},"content":{"rendered":"<h1 id=\"title\" class=\"a-size-large a-spacing-none\"><span id=\"productTitle\" class=\"a-size-large product-title-word-break\">DisplayPort auf HDMI Kabel mit vergoldeten Steckern 1,8 m<\/span><\/h1>\n<p>Das DisplayPort-auf-HDMI-Verbindungskabel ist perfekt f\u00fcr das \u00dcbertragen von Videosignalen und f\u00fcrs Gaming geeignet und liefert hochwertige Audio- und Video\u00fcbertragungen von Ihrem Computer auf einen HD-Bildschirm. Genauer gesagt wird das Kabel direkt zum Verbinden eines Laptops oder Desktop-Computers mit DisplayPort-Ausgang (DP, DP++ oder DisplayPort++) mit einem Monitor, Projektor oder einem HDTV mit HDMI-Eingang verwendet.<\/p>\n<p>Ganz egal, ob Sie nun Filme auf einem grossen HDTV anschauen, Ihren Arbeitsplatz um einen 2. Bildschirm oder ein gespiegeltes Display erweitern m\u00f6chten, das DisplayPort-auf-HDMI-Verbindungskabel von AmazonBasics macht dies problemlos m\u00f6glich.<\/p>\n<p><strong>Hinweis:<\/strong> Das Kabel funktioniert nicht in beide Richtungen. Es funktioniert nur von einem DisplayPort-Ausgang auf einen HDMI-Eingang.<\/p>\n<h4 class=\"a-spacing-mini\"><strong>Robustes Design &amp; hochwertige Audio-\/Videosignal\u00fcbertragung<\/strong><\/h4>\n<p>Das Premium Kabel verf\u00fcgt \u00fcber korrosionsbest\u00e4ndige vergoldete Konnektoren, Konduktoren aus Kupfer und ist folien- und geflechtgeschirmt f\u00fcr eine ausgezeichnete Bildqualit\u00e4t und einen klaren Sound ohne elektromagnetische St\u00f6rsignale. Das Endresultat: eine ausgezeichnete Bildqualit\u00e4t und ein klarer, satter Klang.<\/p>","protected":false},"excerpt":{"rendered":"<h2><span style=\"font-size: 75%;\">DisplayPort zu HDMI Kabel &#8211; High Speed 4k UHD FullHD 1080p 3D HDCP Audio\u00fcbertragung &#8211; DP Stecker auf HDMI Stecker Adapterkabel &#8211; Schwarz<\/span><\/h2>\n<p>Anschlusstyp: HDMI<br \/>\nKabeltyp: HDMI<br \/>\nKompatible Ger\u00e4te: Monitor, Fernseher, Projektor<br \/>\nmax. Aufl\u00f6sung: 4K Ultra HD 2160p (30 Hz)<\/p>\n<ul class=\"a-unordered-list a-vertical a-spacing-mini\">\n<li><span class=\"a-list-item\">Das DisplayPort-auf-HDMI-Verbindungskabel dient zum Verbinden eines Computers mit einem HDTV, einem Monitor oder Projektor, um Audio-\/Videosignale zu \u00fcbertragen<\/span><\/li>\n<li><span class=\"a-list-item\">Vergoldete Konnektoren; Konduktoren aus Kupfer; folien- und geflechtgeschirmt f\u00fcr eine ausgezeichnete Bildqualit\u00e4t und einen klaren Sound<\/span><\/li>\n<li>Lieferumfang: 1x DisplayPort auf HDMI Kabel mit vergoldeten Steckern &#8211; (1,8 m)<\/li>\n<\/ul>","protected":false},"featured_media":352,"comment_status":"open","ping_status":"closed","template":"","meta":[],"product_brand":[],"product_cat":[69,124,18],"product_tag":[],"class_list":{"0":"post-240","1":"product","2":"type-product","3":"status-publish","4":"has-post-thumbnail","6":"product_cat-adapter","7":"product_cat-hdmi","8":"product_cat-zubehoer","10":"first","11":"instock","12":"taxable","13":"shipping-taxable","14":"purchasable","15":"product-type-simple"},"_links":{"self":[{"href":"https:\/\/swisscover.li\/fr\/wp-json\/wp\/v2\/product\/240","targetHints":{"allow":["GET"]}}],"collection":[{"href":"https:\/\/swisscover.li\/fr\/wp-json\/wp\/v2\/product"}],"about":[{"href":"https:\/\/swisscover.li\/fr\/wp-json\/wp\/v2\/types\/product"}],"replies":[{"embeddable":true,"href":"https:\/\/swisscover.li\/fr\/wp-json\/wp\/v2\/comments?post=240"}],"wp:featuredmedia":[{"embeddable":true,"href":"https:\/\/swisscover.li\/fr\/wp-json\/wp\/v2\/media\/352"}],"wp:attachment":[{"href":"https:\/\/swisscover.li\/fr\/wp-json\/wp\/v2\/media?parent=240"}],"wp:term":[{"taxonomy":"product_brand","embeddable":true,"href":"https:\/\/swisscover.li\/fr\/wp-json\/wp\/v2\/product_brand?post=240"},{"taxonomy":"product_cat","embeddable":true,"href":"https:\/\/swisscover.li\/fr\/wp-json\/wp\/v2\/product_cat?post=240"},{"taxonomy":"product_tag","embeddable":true,"href":"https:\/\/swisscover.li\/fr\/wp-json\/wp\/v2\/product_tag?post=240"}],"curies":[{"name":"wp","href":"https:\/\/api.w.org\/{rel}","templated":true}]}}