{"id":239,"date":"2025-11-02T21:59:48","date_gmt":"2025-11-02T21:59:48","guid":{"rendered":"https:\/\/swisscover.li\/?post_type=product&#038;p=239"},"modified":"2025-11-02T22:02:05","modified_gmt":"2025-11-02T22:02:05","slug":"usb-c-to-hdmi-cable-adapter","status":"publish","type":"product","link":"https:\/\/swisscover.li\/fr\/product\/usb-c-to-hdmi-cable-adapter\/","title":{"rendered":"USB C to HDMI Cable Adapter"},"content":{"rendered":"<h1 id=\"title\" class=\"a-size-large a-spacing-none\"><span id=\"productTitle\" class=\"a-size-large product-title-word-break\" style=\"font-size: 75%;\">USB C to HDMI Cable Adapter 4K 30Hz<\/span><\/h1>\n<p>\ud83d\udccc\u3010Hinweise &amp; Garantie\u3011: NICHT alle USB-C-Anschl\u00fcsse k\u00f6nnen Video ausgeben. Stellen Sie sicher, dass der USB-C-Anschluss Ihres Ger\u00e4ts den DP-Alt-Modus unterst\u00fctzt.<\/p>","protected":false},"excerpt":{"rendered":"<h1 class=\"product_title entry-title\"><span style=\"font-size: 75%;\">USB-C auf HDMI Adapterkabel f\u00fcr Smartphones<\/span><\/h1>\n<p>Farbe: Schwarz<br \/>\nAnschluss Hauptger\u00e4t:\u00a0USB Typ-C<br \/>\nAnschluss Adapter: HDMI<br \/>\nMax. Bildaufl\u00f6sung:\u00a0 3840 x 2160 Pixels<\/p>\n<ul class=\"a-unordered-list a-vertical a-spacing-mini\">\n<li><span class=\"a-list-item\">\ud83d\udccc HDMI-Konverter: USB-Typ-C zu HDMI-Adapter zum Anschliessen eines PCs, Notebooks, Smartphones oder Tablets an einen mit HDMI ausgestatteten Monitor oder Bildschirm. Schliessen Sie 4k-Filme an einen gr\u00f6sseren Bildschirm Ihrer Smartphone und Laptops an.<\/span><\/li>\n<li><span class=\"a-list-item\">\ud83d\udccc 4K-UHD-Leistung: Dieser USB-auf-HDMI-Adapter unterst\u00fctzt eine Aufl\u00f6sung von bis zu 4K (3840 x 2160 @ 30 Hz). abw\u00e4rtskompatibel zu 1080P und 720P. Streamen Sie mit diesem Adapter hochaufl\u00f6sendes, authentisches Audio und Video von Ihrem Computer.<\/span><\/li>\n<li>Lieferumfang: 1x USB-C auf HDMI Adapterkabel<\/li>\n<\/ul>","protected":false},"featured_media":348,"comment_status":"open","ping_status":"closed","template":"","meta":[],"product_brand":[],"product_cat":[69,124,18],"product_tag":[],"class_list":{"0":"post-239","1":"product","2":"type-product","3":"status-publish","4":"has-post-thumbnail","6":"product_cat-adapter","7":"product_cat-hdmi","8":"product_cat-zubehoer","10":"first","11":"instock","12":"taxable","13":"shipping-taxable","14":"purchasable","15":"product-type-simple"},"_links":{"self":[{"href":"https:\/\/swisscover.li\/fr\/wp-json\/wp\/v2\/product\/239","targetHints":{"allow":["GET"]}}],"collection":[{"href":"https:\/\/swisscover.li\/fr\/wp-json\/wp\/v2\/product"}],"about":[{"href":"https:\/\/swisscover.li\/fr\/wp-json\/wp\/v2\/types\/product"}],"replies":[{"embeddable":true,"href":"https:\/\/swisscover.li\/fr\/wp-json\/wp\/v2\/comments?post=239"}],"wp:featuredmedia":[{"embeddable":true,"href":"https:\/\/swisscover.li\/fr\/wp-json\/wp\/v2\/media\/348"}],"wp:attachment":[{"href":"https:\/\/swisscover.li\/fr\/wp-json\/wp\/v2\/media?parent=239"}],"wp:term":[{"taxonomy":"product_brand","embeddable":true,"href":"https:\/\/swisscover.li\/fr\/wp-json\/wp\/v2\/product_brand?post=239"},{"taxonomy":"product_cat","embeddable":true,"href":"https:\/\/swisscover.li\/fr\/wp-json\/wp\/v2\/product_cat?post=239"},{"taxonomy":"product_tag","embeddable":true,"href":"https:\/\/swisscover.li\/fr\/wp-json\/wp\/v2\/product_tag?post=239"}],"curies":[{"name":"wp","href":"https:\/\/api.w.org\/{rel}","templated":true}]}}