{"id":215,"date":"2025-11-02T21:59:12","date_gmt":"2025-11-02T21:59:12","guid":{"rendered":"https:\/\/swisscover.li\/?post_type=product&#038;p=215"},"modified":"2025-11-02T22:01:53","modified_gmt":"2025-11-02T22:01:53","slug":"3-in-1-usb-ladekabel-mit-led-licht-1m","status":"publish","type":"product","link":"https:\/\/swisscover.li\/fr\/product\/3-in-1-usb-ladekabel-mit-led-licht-1m\/","title":{"rendered":"C\u00e2ble de charge USB 3 en 1 avec lumi\u00e8re LED - 1M"},"content":{"rendered":"<h1 class=\"pro-name\"><span style=\"font-size: 75%;\">3 in 1 USB Ladekabel mit LED Licht\u00a0<\/span><\/h1>\n<p><strong>Technische Daten<\/strong><\/p>\n<ul>\n<li>Geflochtenes Material: Nylon,<\/li>\n<li>Zopfbeleuchtung: JA,<\/li>\n<li>Farbe des Geflechts: Blau,<\/li>\n<li>Kabell\u00e4nge: 1 Meter,<\/li>\n<li>Anschlusstypen: MicroUSB, USB Typ C, Telefonanschluss.<\/li>\n<\/ul>","protected":false},"excerpt":{"rendered":"<h2><span style=\"font-size: 75%;\">3 in 1 Magnet Micro USB Lightning Usb C Ladekabel Leuchtend Drehbar 360\u00b0 Magnetisch LED Kabel 1 Meter USB-Kabel f\u00fcr Samsung Iphone Huawei Xiaom<\/span><\/h2>\n<ul>\n<li>3 Aufs\u00e4rtze: Micro-USB, USB-C und Lightning<\/li>\n<li>LED Lichter beim Laden<\/li>\n<li>L\u00e4nge des Kabels: 1 Meter<\/li>\n<\/ul>\n<p>\u2605 3 universelle Anschlusstypen, microUSB, USB Typ C und Anschluss f\u00fcr Telefon.<\/p>\n<p><strong>\u2605 <\/strong>Unterst\u00fctzt die Quick Charge-Funktion, die f\u00fcr das schnelle Aufladen von Mobilger\u00e4ten zust\u00e4ndig ist.<\/p>\n<p>\u2605 3A-Schnellladeger\u00e4t und Daten\u00fcbertragung: Das magnetische USB-Ladekabel unterst\u00fctzt 3A-Schnellladeger\u00e4t und Datentransport. Das magnetische Ladekabel ist 1M lang und kann \u00fcberall verwendet werden. Es kann das Mobiltelefon aufladen und Daten an verschiedene mobile Ger\u00e4te \u00fcbertragen.<\/p>\n<p>\u2605 Lieferumfang: 1x 3 in 1 USB Ladekabel mit LED Licht &#8211; 1M<\/p>","protected":false},"featured_media":340,"comment_status":"open","ping_status":"closed","template":"","meta":[],"product_brand":[],"product_cat":[20],"product_tag":[41],"class_list":{"0":"post-215","1":"product","2":"type-product","3":"status-publish","4":"has-post-thumbnail","6":"product_cat-iphone-ladekabel","7":"product_tag-ladekabel","9":"first","10":"instock","11":"taxable","12":"shipping-taxable","13":"purchasable","14":"product-type-simple"},"_links":{"self":[{"href":"https:\/\/swisscover.li\/fr\/wp-json\/wp\/v2\/product\/215","targetHints":{"allow":["GET"]}}],"collection":[{"href":"https:\/\/swisscover.li\/fr\/wp-json\/wp\/v2\/product"}],"about":[{"href":"https:\/\/swisscover.li\/fr\/wp-json\/wp\/v2\/types\/product"}],"replies":[{"embeddable":true,"href":"https:\/\/swisscover.li\/fr\/wp-json\/wp\/v2\/comments?post=215"}],"wp:featuredmedia":[{"embeddable":true,"href":"https:\/\/swisscover.li\/fr\/wp-json\/wp\/v2\/media\/340"}],"wp:attachment":[{"href":"https:\/\/swisscover.li\/fr\/wp-json\/wp\/v2\/media?parent=215"}],"wp:term":[{"taxonomy":"product_brand","embeddable":true,"href":"https:\/\/swisscover.li\/fr\/wp-json\/wp\/v2\/product_brand?post=215"},{"taxonomy":"product_cat","embeddable":true,"href":"https:\/\/swisscover.li\/fr\/wp-json\/wp\/v2\/product_cat?post=215"},{"taxonomy":"product_tag","embeddable":true,"href":"https:\/\/swisscover.li\/fr\/wp-json\/wp\/v2\/product_tag?post=215"}],"curies":[{"name":"wp","href":"https:\/\/api.w.org\/{rel}","templated":true}]}}