{"id":213,"date":"2025-11-02T21:59:11","date_gmt":"2025-11-02T21:59:11","guid":{"rendered":"https:\/\/swisscover.li\/?post_type=product&#038;p=213"},"modified":"2025-11-02T22:01:44","modified_gmt":"2025-11-02T22:01:44","slug":"magnetische-handy-autohalterung-360","status":"publish","type":"product","link":"https:\/\/swisscover.li\/fr\/product\/magnetische-handy-autohalterung-360\/","title":{"rendered":"Magnetische Handy-Autohalterung 360 \u00b0"},"content":{"rendered":"<h1 id=\"title\" class=\"a-size-large a-spacing-none\"><span id=\"productTitle\" class=\"a-size-large product-title-word-break\" style=\"font-size: 75%;\">Auto-Handyhalterung, magnetische Handy-Autohalterung, 360 \u00b0 drehbare Auto-Handyhalterung, kompatibel mit iPhone 12\/11 Pro Max XS Max XR X 8 7 6S Plus SE 2020 12 Mini, Samsung Galaxy<\/span><\/h1>\n<h3 class=\"a-spacing-mini\">Wie Benutzt Man?<\/h3>\n<ol class=\"a-ordered-list a-vertical\">\n<li><span class=\"a-list-item\">Bitte drehen Sie die Klimaanlage des Autos auf, um eine Weile aufzuw\u00e4rmen, wenn Sie anfangen, es anzukleben das erste Mal. Weil der Kleber vor dem Gebrauch im kalten Winter eingefroren wurde.<\/span><\/li>\n<li><span class=\"a-list-item\">Vor dem Kleben wischen Sie bitte zuerst mit sauberem Tuch die Fl\u00e4che, an die Sie den Halter kleben m\u00f6chten. Aber zugleich stellen Sie bitte sicher, dass die Fl\u00e4che sauber, eben bzw. trocken ist.<\/span><\/li>\n<li><span class=\"a-list-item\">Nach dem Abnehmen der Schutzfolie vom 3M Kleber kleben Sie sofort den Halter an die Stelle.<\/span><\/li>\n<li><span class=\"a-list-item\">Nach dem Kleben dr\u00fccken Sie bitte noch den Halter etwa 3 Minuten lange, um den Kleber besser daran zu befestigen.<\/span><\/li>\n<li><span class=\"a-list-item\">Warten Sie nach dem Festsetzen eine Nacht, bis der Kleber trocken ist, bevor Sie Ihr Telefon darauf legen.<\/span><\/li>\n<\/ol>","protected":false},"excerpt":{"rendered":"<h2><span style=\"font-size: 75%;\">Magnetische Handy-Autohalterung, Auto-Handyhalterung f\u00fcr Armaturenbrett, Handy-Auto-Kits, 360\u00b0 verstellbare Magnet-Handyhalterung, kompatibel mit iPhone, Samsung, LG, GPS, Mini-Tablet und mehr<\/span><\/h2>\n<p>Farbe: Schwarz<br \/>\nGewicht: 150g<br \/>\nProduktabmessungen: 5X5X5 cm<\/p>\n<ul class=\"a-unordered-list a-vertical a-spacing-mini\">\n<li><span class=\"a-list-item\">\u2605 360 \u00b0Drehung: Die Autotelefonhalterung ist vollst\u00e4ndig mit 360 \u00b0 -Drehung einstellbar. Sie k\u00f6nnen den Winkel des Telefons einfach einstellen, um den Bildschirm m\u00f6glichst bequem anzuzeigen, anstatt mit Ihrem Telefon herumzufummeln.<\/span><\/li>\n<li><span class=\"a-list-item\">\u2605 Robust und langlebig: Mit eingebauten N50 Neodymium-Magneten, die ein umlaufendes Magnetfeld erzeugen. So hat es eine lange Lebensdauer und l\u00e4sst sich leicht mit einer Hand installieren oder entfernen. Halten Sie Ihr Telefon auch auf einer rauen Strasse stabil<\/span><\/li>\n<li><span class=\"a-list-item\">\u2605 Einfach zu bedienen: Ein einfaches Design macht das Anbringen und Entfernen Ihres Telefons zu einem schnellen und einfachen Vorgang. Kommen Sie mit einer Metallplatte, die entweder hinter der R\u00fcckplatte Ihres Ger\u00e4ts, hinter dem Geh\u00e4use oder direkt am Geh\u00e4use selbst angebracht ist<\/span><\/li>\n<li>Lieferumfang:\u00a01x\u00a0Magnetische Handy-Autohalterung<\/li>\n<\/ul>","protected":false},"featured_media":328,"comment_status":"open","ping_status":"closed","template":"","meta":[],"product_brand":[],"product_cat":[69,52,138,18],"product_tag":[149],"class_list":{"0":"post-213","1":"product","2":"type-product","3":"status-publish","4":"has-post-thumbnail","6":"product_cat-adapter","7":"product_cat-spielzeug-accessoires-zubehoer","8":"product_cat-velo-motorrad-zubehoer","9":"product_cat-zubehoer","10":"product_tag-handyhalterung","12":"first","13":"instock","14":"taxable","15":"shipping-taxable","16":"purchasable","17":"product-type-simple"},"_links":{"self":[{"href":"https:\/\/swisscover.li\/fr\/wp-json\/wp\/v2\/product\/213","targetHints":{"allow":["GET"]}}],"collection":[{"href":"https:\/\/swisscover.li\/fr\/wp-json\/wp\/v2\/product"}],"about":[{"href":"https:\/\/swisscover.li\/fr\/wp-json\/wp\/v2\/types\/product"}],"replies":[{"embeddable":true,"href":"https:\/\/swisscover.li\/fr\/wp-json\/wp\/v2\/comments?post=213"}],"wp:featuredmedia":[{"embeddable":true,"href":"https:\/\/swisscover.li\/fr\/wp-json\/wp\/v2\/media\/328"}],"wp:attachment":[{"href":"https:\/\/swisscover.li\/fr\/wp-json\/wp\/v2\/media?parent=213"}],"wp:term":[{"taxonomy":"product_brand","embeddable":true,"href":"https:\/\/swisscover.li\/fr\/wp-json\/wp\/v2\/product_brand?post=213"},{"taxonomy":"product_cat","embeddable":true,"href":"https:\/\/swisscover.li\/fr\/wp-json\/wp\/v2\/product_cat?post=213"},{"taxonomy":"product_tag","embeddable":true,"href":"https:\/\/swisscover.li\/fr\/wp-json\/wp\/v2\/product_tag?post=213"}],"curies":[{"name":"wp","href":"https:\/\/api.w.org\/{rel}","templated":true}]}}