{"id":212,"date":"2025-11-02T21:59:11","date_gmt":"2025-11-02T21:59:11","guid":{"rendered":"https:\/\/swisscover.li\/?post_type=product&#038;p=212"},"modified":"2025-11-02T22:01:36","modified_gmt":"2025-11-02T22:01:36","slug":"solar-powerbank-20000mah-18w-spritzwasserfeste","status":"publish","type":"product","link":"https:\/\/swisscover.li\/fr\/product\/solar-powerbank-20000mah-18w-spritzwasserfeste\/","title":{"rendered":"Banque d'\u00e9nergie solaire 20000mAh - 18W r\u00e9sistant aux \u00e9claboussures"},"content":{"rendered":"<h1><span style=\"font-size: 75%;\">Solar Power Bank 20000mAh PD 18W<\/span><\/h1>\n<ul class=\"a-unordered-list a-vertical a-spacing-mini\">\n<li><span class=\"a-list-item\">\ud83d\udd0b 20000mAh Hohe Kapazit\u00e4t Externe Handyakku: Dies Portables Kraftwerk Eingebaut 30000mAh Li-Polymer-Akku, Es ist Genug, um ein iPhone XS ca.7,6 Mal Aufzuladen, ein iPhone 11 ca. 7.5 Mal, ein iPhone 8 ca. 12 Mal, ein Samsung Galaxy S9 ca.10 Mal, ein iPad Pro ca. 1,5 mal, Powerpumpe f\u00fcr die Hosentasche. Das Aufladen von Solarzellen ist wetterbedingt und kann bei bestimmten Wetterverh\u00e4ltnissen einige Tage dauern. Bei l\u00e4ngeren Ausfl\u00fcgen empfehlen wir, die Powerbank im Voraus komplett aufzuladen.<\/span><\/li>\n<\/ul>\n<h4><strong>Produktinformation<\/strong><\/h4>\n<p>PD 18W Solarstrom-Ladeger\u00e4t 30000mAh mit Kompass<br \/>\nKapazit\u00e4t: 20000mAh<br \/>\nMicro USB Eingang: 5V\/3A 9V\/2A 12V\/1.5A<br \/>\nTyp-C Eingang \/ Ausgang: 5V\/3A 9V\/2A 12V\/1.5A<br \/>\nUSB-Ausgang 1: 5V\/3A 9V\/2A 12V\/1.5A<br \/>\nUSB-Ausgang 2: 5V\/2A<br \/>\nSolarpanel: 5V 360mAh<br \/>\nAbmessung: 175*85* 30mm<br \/>\nProdukt-Gewicht: 438g<br \/>\nVolle Ladezeit: 6~8.5 Stunden<br \/>\nBetriebstemperatur: 0-45\u2103<br \/>\nAkku-Typ: Wiederaufladbarer Li-Polymer-Akku<br \/>\nTaschenlampe: 1W<\/p>\n<p>Kompatible mit praktisch allen USB-aufladbaren Ger\u00e4ten und Smartphones: Apple iPhone 14\/13\/12\/11\/ XS Max \/ XR \/ XS \/ X \/ 8 \/ 8 Plus \/ 7 \/ 7s \/ 7 Plus \/ 6s \/ 6 \/ 6 Plus; Samsung Galaxy S8, S10, S6 Edge \/ S5 \/ S4 \/ S3 Mini \/ Note S3 \/ Note 2 \/ Note 3 \/ Samsung Galaxy Tab; Huawei P30, Mate 30, Moto X, Droid 2, Nexus 4 \/ 5 \/ 7 \/ 8 \/ HTC M9 \/ M8, Sony Z5 \/ Z4 \/ Z3; HTC 10, Lumia , Xiaomi, ONEPLUS, Lumia und viele mehr<\/p>","protected":false},"excerpt":{"rendered":"<h2><span style=\"font-size: 75%;\">USB C (PD) Power Bank 18W Outdoor Solar Qi Wireless Quick Charge 20000mAh Taschenlampe (Spritzwassergesch\u00fctzt) &#8211; Schwarz<\/span><\/h2>\n<p id=\"title\" class=\"a-size-large a-spacing-none\"><span id=\"productTitle\" class=\"a-size-large product-title-word-break\">Power Bank 30000mAh Schnelles Aufladen, Tragbares Ladeger\u00e4t mit USB-C Eingang, mit Automatische Erkennen Technologie Solar Powerbank f\u00fcr iPhone, Samsung, Huawei, iPad und mehr<\/span><\/p>\n<ul>\n<li>20000mAh Leistung<\/li>\n<li>LED-Statusanzeige<\/li>\n<li>Karabiner sichert das Ladeger\u00e4t<\/li>\n<li>Induktive Ladung mit PD Qi Wireless<\/li>\n<li>Robuste Powerbank mit Anti-Rutsch-Seiten f\u00fcr den Outdoor Einsatz<\/li>\n<li>1x USB 3.0 \/ 1x USB Anschluss zum gleichzeitigen Laden mobiler Ger\u00e4te<\/li>\n<li>Micro USB \/ USB-C Input<\/li>\n<li>Solarpanel f\u00fcr Ladeunterst\u00fctzung und verl\u00e4ngerte Akkulaufzeit<\/li>\n<li>Taschenlampe mit SOS-Funktion dank heller LED-Leuchte<\/li>\n<\/ul>\n<ul>\n<li><strong>Lieferumfang: <\/strong><\/li>\n<li>1 x 18W Solar Quick Charge Qi \/ USB-C PD Power Bank mit Taschenlampe<\/li>\n<li>1 x Micro USB Ladekabel<\/li>\n<li>1 x Karabinerhaken<\/li>\n<\/ul>","protected":false},"featured_media":320,"comment_status":"open","ping_status":"closed","template":"","meta":[],"product_brand":[],"product_cat":[19,71,18],"product_tag":[148],"class_list":{"0":"post-212","1":"product","2":"type-product","3":"status-publish","4":"has-post-thumbnail","6":"product_cat-iphone-ladegeraet","7":"product_cat-qi-charger-power-bank","8":"product_cat-zubehoer","9":"product_tag-solar-power-bank","11":"first","12":"instock","13":"taxable","14":"shipping-taxable","15":"purchasable","16":"product-type-simple"},"_links":{"self":[{"href":"https:\/\/swisscover.li\/fr\/wp-json\/wp\/v2\/product\/212","targetHints":{"allow":["GET"]}}],"collection":[{"href":"https:\/\/swisscover.li\/fr\/wp-json\/wp\/v2\/product"}],"about":[{"href":"https:\/\/swisscover.li\/fr\/wp-json\/wp\/v2\/types\/product"}],"replies":[{"embeddable":true,"href":"https:\/\/swisscover.li\/fr\/wp-json\/wp\/v2\/comments?post=212"}],"wp:featuredmedia":[{"embeddable":true,"href":"https:\/\/swisscover.li\/fr\/wp-json\/wp\/v2\/media\/320"}],"wp:attachment":[{"href":"https:\/\/swisscover.li\/fr\/wp-json\/wp\/v2\/media?parent=212"}],"wp:term":[{"taxonomy":"product_brand","embeddable":true,"href":"https:\/\/swisscover.li\/fr\/wp-json\/wp\/v2\/product_brand?post=212"},{"taxonomy":"product_cat","embeddable":true,"href":"https:\/\/swisscover.li\/fr\/wp-json\/wp\/v2\/product_cat?post=212"},{"taxonomy":"product_tag","embeddable":true,"href":"https:\/\/swisscover.li\/fr\/wp-json\/wp\/v2\/product_tag?post=212"}],"curies":[{"name":"wp","href":"https:\/\/api.w.org\/{rel}","templated":true}]}}