{"id":193,"date":"2025-11-02T21:58:47","date_gmt":"2025-11-02T21:58:47","guid":{"rendered":"https:\/\/swisscover.li\/?post_type=product&#038;p=193"},"modified":"2025-11-02T22:01:22","modified_gmt":"2025-11-02T22:01:22","slug":"6a-turbo-charge-schnellladekabel-1m","status":"publish","type":"product","link":"https:\/\/swisscover.li\/fr\/product\/6a-turbo-charge-schnellladekabel-1m\/","title":{"rendered":"C\u00e2ble de charge rapide 6A Turbo Charge - 1M"},"content":{"rendered":"<h1>6A Turbo Charge Schnellladekabel<\/h1>\n<ul class=\"a-unordered-list a-vertical a-spacing-mini\">\n<li><span class=\"a-list-item\">kompatibel ua Xiaomi Mi 12, Mi 11, Mi 10, Mi 9, Poco X4, X4 Pro, X3, X3 Pro, Redmi Note 11, 10, 9 uvm Lieferumfang: 1x USB Typ C Mi Turbo Ladekabel 1 Meter<\/span><\/li>\n<\/ul>","protected":false},"excerpt":{"rendered":"<h2><span style=\"font-size: 75%;\">Turbo Charge 6A Schnellladekabel 1M USB C Datenkabel f\u00fcr Xiaomi Redmi Note 11 11 Pro Note 10 10 Pro Mi 12 Mi 12 Mi 11 Mi 11 Ultra Mi 11T Pro Mi 11 Lite Mi 10T Mi 10 T Pro Poco X3 X3 Pro X4 Pro<\/span><\/h2>\n<ul class=\"a-unordered-list a-vertical a-spacing-mini\">\n<li><span class=\"a-list-item\">6A Turbo Charge USB Typ C schnelles aufladen und Daten\u00fcbertragung in einem, robust und einfach zu handhaben.<\/span><\/li>\n<li><span class=\"a-list-item\">Unterst\u00fctzt eine Vielzahl von Ger\u00e4ten mit einem USB-C-Anschluss ausgestattet sind. Darunter Laptops, Tablets, Smartphones, Spielekonsolen und mehr.<\/span><\/li>\n<li><span class=\"a-list-item\">Das USB Type-C Kabel unterst\u00fctzt Laden mit hohem Strom, sondern erm\u00f6glicht auch die schnelle \u00dcbertragung grosser Datenmengen.<\/span><\/li>\n<li>Lieferumfang: 1x 6A Turbo Charge Schnellladekabel 1M<\/li>\n<\/ul>\n<p>&nbsp;<\/p>","protected":false},"featured_media":315,"comment_status":"open","ping_status":"closed","template":"","meta":[],"product_brand":[],"product_cat":[107,108,140,109,110,20,141,111,143,144,76,133,145,142,18],"product_tag":[146,147],"class_list":{"0":"post-193","1":"product","2":"type-product","3":"status-publish","4":"has-post-thumbnail","6":"product_cat-huawei-mate-20-pro-zubehoer","7":"product_cat-huawei-nova-5t-zubehoer","8":"product_cat-huawei-p30-lite-zubehoer","9":"product_cat-huawei-p30-pro-zubehoer","10":"product_cat-huawei-p30-zubehoer","11":"product_cat-iphone-ladekabel","12":"product_cat-mate-40-pro-zubehoer","13":"product_cat-mate-40-zubehoer","14":"product_cat-mi-10-10-pro-zubehoer","15":"product_cat-mi-11-zubehoer","16":"product_cat-usb-c","17":"product_cat-usb-kabel","18":"product_cat-xiaomi-poco-m3-zubehoer","19":"product_cat-xiaomi-zubehoer","20":"product_cat-zubehoer","21":"product_tag-6a","22":"product_tag-schnellladekabel","24":"first","25":"instock","26":"sale","27":"taxable","28":"shipping-taxable","29":"purchasable","30":"product-type-simple"},"_links":{"self":[{"href":"https:\/\/swisscover.li\/fr\/wp-json\/wp\/v2\/product\/193","targetHints":{"allow":["GET"]}}],"collection":[{"href":"https:\/\/swisscover.li\/fr\/wp-json\/wp\/v2\/product"}],"about":[{"href":"https:\/\/swisscover.li\/fr\/wp-json\/wp\/v2\/types\/product"}],"replies":[{"embeddable":true,"href":"https:\/\/swisscover.li\/fr\/wp-json\/wp\/v2\/comments?post=193"}],"wp:featuredmedia":[{"embeddable":true,"href":"https:\/\/swisscover.li\/fr\/wp-json\/wp\/v2\/media\/315"}],"wp:attachment":[{"href":"https:\/\/swisscover.li\/fr\/wp-json\/wp\/v2\/media?parent=193"}],"wp:term":[{"taxonomy":"product_brand","embeddable":true,"href":"https:\/\/swisscover.li\/fr\/wp-json\/wp\/v2\/product_brand?post=193"},{"taxonomy":"product_cat","embeddable":true,"href":"https:\/\/swisscover.li\/fr\/wp-json\/wp\/v2\/product_cat?post=193"},{"taxonomy":"product_tag","embeddable":true,"href":"https:\/\/swisscover.li\/fr\/wp-json\/wp\/v2\/product_tag?post=193"}],"curies":[{"name":"wp","href":"https:\/\/api.w.org\/{rel}","templated":true}]}}