{"id":191,"date":"2025-11-02T21:58:46","date_gmt":"2025-11-02T21:58:46","guid":{"rendered":"https:\/\/swisscover.li\/?post_type=product&#038;p=191"},"modified":"2025-11-02T22:01:08","modified_gmt":"2025-11-02T22:01:08","slug":"65w-usb-c-super-fast-charging-netzteil","status":"publish","type":"product","link":"https:\/\/swisscover.li\/fr\/product\/65w-usb-c-super-fast-charging-netzteil\/","title":{"rendered":"(65W) Adaptateur secteur USB C Super Fast Charging"},"content":{"rendered":"<h4 id=\"title\" class=\"a-size-large a-spacing-none\"><span id=\"productTitle\" class=\"a-size-large product-title-word-break\" style=\"font-size: 100%;\">65W Usb C Fast Charge Schnellladger\u00e4t mit Usb C Ladekabel Netzteil Power Delivery PPS<\/span><\/h4>\n<p>&nbsp;<\/p>\n<h4 id=\"a-popover-header-4\" class=\"a-popover-header-content\"><b>Spezifikationen:<\/b><br \/>\n&#8211; Eingang: AC 100-240V, 50-60Hz<br \/>\n&#8211; Ausgang: DC 5V\/12A (2,4A\/Anschluss)<br \/>\n&#8211; Gesamt-Ausgangsleistung: 65W<br \/>\n&#8211; QC3.0-Ausgang: 5V\/3,4A; 9V\/2,3A; 12V\/1,5A<br \/>\n&#8211; Typ-C-Ausgang: 5V\/3A<br \/>\n&#8211; PD-Ausgang: 5V\/3A; 9V\/2,2A; 12V\/1,67A<br \/>\n&#8211; Abmessungen: 106 x 73 x 28mm<br \/>\n&#8211; Material: PC+ABS feuerfestes Material<\/h4>","protected":false},"excerpt":{"rendered":"<h2><span style=\"font-size: 75%;\"><strong>5-Port Schnell Ladeger\u00e4t mit USB-C PD 20W &amp; QC3.0, 65W<\/strong><\/span><\/h2>\n<h3><strong><span style=\"font-size: 100%;\">Details<\/span><\/strong><\/h3>\n<p>&#8211; Universelles, leistungsstarkes Ladeger\u00e4t mit zwei Typ-C- und vier USB-Anschl\u00fcssen.<br \/>\n&#8211; Das Ladeger\u00e4t unterst\u00fctzt das gleichzeitige Laden von bis zu sechs Ger\u00e4ten<br \/>\n&#8211; Perfekt zum Laden von Smartphones, Tablets, Kopfh\u00f6rern und Powerbanks<br \/>\n&#8211; Unterst\u00fctzt Power Delivery und Qualcomm Quick Charge-Protokolle<\/p>\n<p>Farbe: Weiss<\/p>\n<p><span style=\"color: #333333;\">Super Schnellladefunktion \u00fcber USB Type-C PD 3.0 mit PPS und lade deine kompatiblen Ger\u00e4te mit bis zu 65 Watt schnell wieder auf<\/span><\/p>\n<ul class=\"a-unordered-list a-vertical a-spacing-mini\">\n<li><span class=\"a-list-item\">Unterst\u00fctzt Super Schnellladen mit bis zu 65 Watt Usb Power Delivery, PPS, Quickcharge<\/span><\/li>\n<li><span class=\"a-list-item\">Der Schnellladeadapter l\u00e4dt verschiedene Android-Ger\u00e4te und kompatible Ger\u00e4te mit anderen Betriebssystemen gleichermassen auf.<\/span><\/li>\n<li><strong>Optimiert f\u00fcr aktuelle Samsung- und Apple-Smartphones, liefert bis 65 W f\u00fcr Samsung und bis 20 W f\u00fcr iPhones<\/strong><\/li>\n<\/ul>\n<p>&nbsp;<\/p>\n<ul class=\"a-unordered-list a-vertical a-spacing-mini\">\n<li><span class=\"a-list-item\"><strong>Lieferumfang:\u00a0<\/strong> 1x 65W Ladeger\u00e4t,<\/span><\/li>\n<\/ul>\n<section><\/section>","protected":false},"featured_media":298,"comment_status":"open","ping_status":"closed","template":"","meta":[],"product_brand":[],"product_cat":[19,76,133,18],"product_tag":[136,40,137],"class_list":{"0":"post-191","1":"product","2":"type-product","3":"status-publish","4":"has-post-thumbnail","6":"product_cat-iphone-ladegeraet","7":"product_cat-usb-c","8":"product_cat-usb-kabel","9":"product_cat-zubehoer","10":"product_tag-65w-netzteil","11":"product_tag-ladegeraet","12":"product_tag-schnellladegeraet","14":"first","15":"instock","16":"taxable","17":"shipping-taxable","18":"purchasable","19":"product-type-simple"},"_links":{"self":[{"href":"https:\/\/swisscover.li\/fr\/wp-json\/wp\/v2\/product\/191","targetHints":{"allow":["GET"]}}],"collection":[{"href":"https:\/\/swisscover.li\/fr\/wp-json\/wp\/v2\/product"}],"about":[{"href":"https:\/\/swisscover.li\/fr\/wp-json\/wp\/v2\/types\/product"}],"replies":[{"embeddable":true,"href":"https:\/\/swisscover.li\/fr\/wp-json\/wp\/v2\/comments?post=191"}],"wp:featuredmedia":[{"embeddable":true,"href":"https:\/\/swisscover.li\/fr\/wp-json\/wp\/v2\/media\/298"}],"wp:attachment":[{"href":"https:\/\/swisscover.li\/fr\/wp-json\/wp\/v2\/media?parent=191"}],"wp:term":[{"taxonomy":"product_brand","embeddable":true,"href":"https:\/\/swisscover.li\/fr\/wp-json\/wp\/v2\/product_brand?post=191"},{"taxonomy":"product_cat","embeddable":true,"href":"https:\/\/swisscover.li\/fr\/wp-json\/wp\/v2\/product_cat?post=191"},{"taxonomy":"product_tag","embeddable":true,"href":"https:\/\/swisscover.li\/fr\/wp-json\/wp\/v2\/product_tag?post=191"}],"curies":[{"name":"wp","href":"https:\/\/api.w.org\/{rel}","templated":true}]}}