{"id":190,"date":"2025-11-02T21:58:46","date_gmt":"2025-11-02T21:58:46","guid":{"rendered":"https:\/\/swisscover.li\/?post_type=product&#038;p=190"},"modified":"2025-11-02T22:01:05","modified_gmt":"2025-11-02T22:01:05","slug":"flexibler-kabel-bruchschutz-4-stueck","status":"publish","type":"product","link":"https:\/\/swisscover.li\/fr\/product\/flexibler-kabel-bruchschutz-4-stueck\/","title":{"rendered":"C\u00e2ble flexible anti-casse - 4 pi\u00e8ces"},"content":{"rendered":"<h1 class=\"name\"><span style=\"font-size: 75%;\">USB Ladekabel Anti-Bruch Protector<\/span><\/h1>\n<h4>Keine gebrochenen Kabel mehr mit diesem flexiblen Schutz<\/h4>\n<p>Unser USB \u2013 Ladekabel Anti \u2013 Bruch Protektor besteht aus sehr stabilem Silikon, dadurch passt er sich optimal an dein Kabel an und sorgt daf\u00fcr, dass das Kabel nicht \u00fcberstreckt oder zu stark geknickt wird.\u00a0<strong>Du kannst den Silikonschutz ganz einfach \u00fcber das Kabel ziehen<\/strong>\u00a0und ihn dann bis zur typischen Bruchstelle, dem \u00dcbergang in die Ladeb\u00fcchse st\u00fclpen \u2013 so sch\u00fctzt du dein Ladekabel optimal und sorgst daf\u00fcr, dass es besonders langlebig ist.<\/p>\n<p><a href=\"https:\/\/swisscover.ch\/wp-content\/uploads\/2022\/10\/Type-C-Charger-Cable-Saver-2.png\" target=\"_blank\" rel=\"noopener\"><img loading=\"lazy\" decoding=\"async\" class=\"alignnone size-medium wp-image-410401 lazyload\" src=\"data:image\/gif;base64,R0lGODlhAQABAAAAACH5BAEKAAEALAAAAAABAAEAAAICTAEAOw==\" alt=\"Kabel Schutz Ladeger\u00e4t\" width=\"300\" height=\"300\" data-src=\"https:\/\/swisscover.ch\/wp-content\/uploads\/2022\/10\/Type-C-Charger-Cable-Saver-2-300x300.png\"><\/a><\/p>\n<p>&nbsp;<\/p>","protected":false},"excerpt":{"rendered":"<h2 class=\"a-size-large a-spacing-none\"><span style=\"font-size: 75%;\"><span class=\"a-size-large product-title-word-break\">4 St\u00fcck <\/span>USB Ladekabel Anti-Bruch Protektor<\/span><\/h2>\n<ul>\n<li>Farbe: Schwarz\/Weiss<\/li>\n<li>Material: Silikon<\/li>\n<li>Motiv:\u00a0Spirale<\/li>\n<li>Gr\u00f6sse: ca. 33 x 9 x 9 mm<\/li>\n<\/ul>\n<ul class=\"a-unordered-list a-vertical a-spacing-mini\">\n<li><span class=\"a-list-item\">Der Kabelschutz wickelt sich wie eine Schutzh\u00fclle um jeden Draht, der Ladekabelschoner hilft, die Lebensdauer Ihres Kabels zu verl\u00e4ngern, selbst wenn das Kabel besch\u00e4digt wurde<\/span><\/li>\n<li><span class=\"a-list-item\">Der Ladeschoner besteht aus TPU, das sich weich anf\u00fchlt, gut zum Kabel passt und au\u00dferdem isolierend wirkt und somit elektrische Leckagen verhindert<\/span><\/li>\n<li><span class=\"a-list-item\">Der Drahtkabelschutz kann Ihre Kabel nicht nur vor Verheddern, Verschlei\u00df und Bruch sch\u00fctzen, sondern auch Ihre Dr\u00e4hte vor Haustierkauen und Schmutz sch\u00fctzen und die Lebensdauer Ihres Kabels verl\u00e4ngern<\/span><\/li>\n<li>Lieferumfang:1 x (4er Pack) Silikon Flexibler Kabel Bruchschutz<\/li>\n<\/ul>","protected":false},"featured_media":293,"comment_status":"open","ping_status":"closed","template":"","meta":[],"product_brand":[],"product_cat":[69,20,76,133,18],"product_tag":[135],"class_list":{"0":"post-190","1":"product","2":"type-product","3":"status-publish","4":"has-post-thumbnail","6":"product_cat-adapter","7":"product_cat-iphone-ladekabel","8":"product_cat-usb-c","9":"product_cat-usb-kabel","10":"product_cat-zubehoer","11":"product_tag-kabelspirale","13":"first","14":"instock","15":"taxable","16":"shipping-taxable","17":"purchasable","18":"product-type-simple"},"_links":{"self":[{"href":"https:\/\/swisscover.li\/fr\/wp-json\/wp\/v2\/product\/190","targetHints":{"allow":["GET"]}}],"collection":[{"href":"https:\/\/swisscover.li\/fr\/wp-json\/wp\/v2\/product"}],"about":[{"href":"https:\/\/swisscover.li\/fr\/wp-json\/wp\/v2\/types\/product"}],"replies":[{"embeddable":true,"href":"https:\/\/swisscover.li\/fr\/wp-json\/wp\/v2\/comments?post=190"}],"wp:featuredmedia":[{"embeddable":true,"href":"https:\/\/swisscover.li\/fr\/wp-json\/wp\/v2\/media\/293"}],"wp:attachment":[{"href":"https:\/\/swisscover.li\/fr\/wp-json\/wp\/v2\/media?parent=190"}],"wp:term":[{"taxonomy":"product_brand","embeddable":true,"href":"https:\/\/swisscover.li\/fr\/wp-json\/wp\/v2\/product_brand?post=190"},{"taxonomy":"product_cat","embeddable":true,"href":"https:\/\/swisscover.li\/fr\/wp-json\/wp\/v2\/product_cat?post=190"},{"taxonomy":"product_tag","embeddable":true,"href":"https:\/\/swisscover.li\/fr\/wp-json\/wp\/v2\/product_tag?post=190"}],"curies":[{"name":"wp","href":"https:\/\/api.w.org\/{rel}","templated":true}]}}