{"id":169,"date":"2025-11-02T21:58:23","date_gmt":"2025-11-02T21:58:23","guid":{"rendered":"https:\/\/swisscover.li\/?post_type=product&#038;p=169"},"modified":"2025-11-02T22:00:58","modified_gmt":"2025-11-02T22:00:58","slug":"typ-c-auf-4-usb-hub-multi-port-adapter","status":"publish","type":"product","link":"https:\/\/swisscover.li\/fr\/product\/typ-c-auf-4-usb-hub-multi-port-adapter\/","title":{"rendered":"Typ C auf 4 USB Hub Multi-Port Adapter"},"content":{"rendered":"<h3 id=\"title\" class=\"a-size-large a-spacing-none\"><span id=\"productTitle\" class=\"a-size-large product-title-word-break\">4 Port USB 3.0 HUB Datenhub Verteiler mit verl\u00e4ngertem 30cm Kabel kompatibel f\u00fcr Laptop, PC, MacBook Pro\/Mini, iMac, Surface Pro, Mobile HDD und mehr<\/span><\/h3>\n<p>Daten-Anschl\u00fcsse \u00a04x USB 3.0 Typ-A<br \/>\nFarbe Schwarz<br \/>\nHardwareschnittstelle USB 3.0<br \/>\nBesonderes Merkmal USB 3.0, 4 USB 3.0-Ports<br \/>\nProdukt Abmessungen: 107x30x10mm<br \/>\nKompatibel mit: USB2.0\/USB1.1<\/p>","protected":false},"excerpt":{"rendered":"<h3>USB 3.0 Hub mit 4 Anschl\u00fcssen, ultra-schlanker Daten-USB-Hub mit 30 cm langem Kabel<\/h3>\n<ul>\n<li>Anbindung und Stromversorgung \u00fcber USB-C (fest integriertes Kabel, 20 cm)<\/li>\n<li>Peripherieanschl\u00fcsse: 4x USB 3.0 Typ-A<\/li>\n<li>Daten\u00fcbertragung bis 5 Gbps<\/li>\n<\/ul>\n<ul class=\"a-unordered-list a-vertical a-spacing-mini\">\n<li>Einfach zu erweitern: USB-Anschlussverl\u00e4ngerung dreht 1 USB C-Anschluss oder USB-Anschluss in 4 USB-Anschl\u00fcsse [1USB3.0 und 3 USB2.0-Ports]. Plug and Play, 4 USB-Anschl\u00fcsse k\u00f6nnen gleichzeitig verwendet werden.<\/li>\n<li>Lieferumfang: 1x Typ C auf 4 USB Hub Multi-Port Adapter<\/li>\n<\/ul>\n","protected":false},"featured_media":289,"comment_status":"open","ping_status":"closed","template":"","meta":[],"product_brand":[],"product_cat":[69,18],"product_tag":[74,75],"class_list":{"0":"post-169","1":"product","2":"type-product","3":"status-publish","4":"has-post-thumbnail","6":"product_cat-adapter","7":"product_cat-zubehoer","8":"product_tag-usb-3-0","9":"product_tag-usb-hub","11":"first","12":"instock","13":"taxable","14":"shipping-taxable","15":"purchasable","16":"product-type-simple"},"_links":{"self":[{"href":"https:\/\/swisscover.li\/fr\/wp-json\/wp\/v2\/product\/169","targetHints":{"allow":["GET"]}}],"collection":[{"href":"https:\/\/swisscover.li\/fr\/wp-json\/wp\/v2\/product"}],"about":[{"href":"https:\/\/swisscover.li\/fr\/wp-json\/wp\/v2\/types\/product"}],"replies":[{"embeddable":true,"href":"https:\/\/swisscover.li\/fr\/wp-json\/wp\/v2\/comments?post=169"}],"wp:featuredmedia":[{"embeddable":true,"href":"https:\/\/swisscover.li\/fr\/wp-json\/wp\/v2\/media\/289"}],"wp:attachment":[{"href":"https:\/\/swisscover.li\/fr\/wp-json\/wp\/v2\/media?parent=169"}],"wp:term":[{"taxonomy":"product_brand","embeddable":true,"href":"https:\/\/swisscover.li\/fr\/wp-json\/wp\/v2\/product_brand?post=169"},{"taxonomy":"product_cat","embeddable":true,"href":"https:\/\/swisscover.li\/fr\/wp-json\/wp\/v2\/product_cat?post=169"},{"taxonomy":"product_tag","embeddable":true,"href":"https:\/\/swisscover.li\/fr\/wp-json\/wp\/v2\/product_tag?post=169"}],"curies":[{"name":"wp","href":"https:\/\/api.w.org\/{rel}","templated":true}]}}