{"id":168,"date":"2025-11-02T21:58:23","date_gmt":"2025-11-02T21:58:23","guid":{"rendered":"https:\/\/swisscover.li\/?post_type=product&#038;p=168"},"modified":"2025-11-02T22:00:57","modified_gmt":"2025-11-02T22:00:57","slug":"usb-c-ladekabel-datenkabel-1m-weiss","status":"publish","type":"product","link":"https:\/\/swisscover.li\/fr\/product\/usb-c-ladekabel-datenkabel-1m-weiss\/","title":{"rendered":"USB C Ladekabel Datenkabel  &#8211; 1M (Weiss)"},"content":{"rendered":"<h1>USB C Ladekabel Datenkabel<\/h1>\n<ul>\n<li>USB auf Typ-C Anschluss<\/li>\n<\/ul>\n<p>Das strapazierf\u00e4hige USB Typ C Kabel hat eine kompakte L\u00e4nge von 1,2 Meter und ist robust verarbeitet. Das Aufladekabel bietet eine schnelle Daten\u00fcbertragung und ein sicheres Aufladen all Ihrer Ger\u00e4te mit Typ C Standard.<\/p>","protected":false},"excerpt":{"rendered":"<h2 class=\"rd-title\" title=\"2x Samsung Galaxy USB Typ C Universal Ladekabel Daten Kabel A50 S8 S9+ S10\"><span style=\"font-size: 75%;\">USB Typ C Universal Ladekabel Daten Kabel<\/span><\/h2>\n<p>&#8211; Universell Kompatibel zu Ger\u00e4ten mit USB-C Anschluss<br \/>\n&#8211; Zum Aufladen und Synchronisieren vieler USB Typ C Ger\u00e4te<br \/>\n&#8211; Kompatibel zu PC, Handy, Smartphone, Tablet, Kamera, Navi uvm.<br \/>\n&#8211; Farbe: Weiss<\/p>\n<p><b>Spezifikationen<\/b><br \/>\n&#8211; Anschluss A: USB Stecker (Typ A)<br \/>\n&#8211; Anschluss B: USB Stecker (Typ C)<br \/>\n&#8211; Ladegeschwindigkeit: bis zu 2,0A<br \/>\n&#8211; Daten\u00fcbertragung: bis zu 480Mbit<\/p>\n<p>&nbsp;<\/p>\n<p>Lieferumfang: 1x USB C Ladekabel Datenkabel<\/p>","protected":false},"featured_media":287,"comment_status":"open","ping_status":"closed","template":"","meta":[],"product_brand":[],"product_cat":[69,20,76,133],"product_tag":[134],"class_list":{"0":"post-168","1":"product","2":"type-product","3":"status-publish","4":"has-post-thumbnail","6":"product_cat-adapter","7":"product_cat-iphone-ladekabel","8":"product_cat-usb-c","9":"product_cat-usb-kabel","10":"product_tag-usb-c-ladekabel-datenkabel","12":"first","13":"instock","14":"taxable","15":"shipping-taxable","16":"purchasable","17":"product-type-simple"},"_links":{"self":[{"href":"https:\/\/swisscover.li\/fr\/wp-json\/wp\/v2\/product\/168","targetHints":{"allow":["GET"]}}],"collection":[{"href":"https:\/\/swisscover.li\/fr\/wp-json\/wp\/v2\/product"}],"about":[{"href":"https:\/\/swisscover.li\/fr\/wp-json\/wp\/v2\/types\/product"}],"replies":[{"embeddable":true,"href":"https:\/\/swisscover.li\/fr\/wp-json\/wp\/v2\/comments?post=168"}],"wp:featuredmedia":[{"embeddable":true,"href":"https:\/\/swisscover.li\/fr\/wp-json\/wp\/v2\/media\/287"}],"wp:attachment":[{"href":"https:\/\/swisscover.li\/fr\/wp-json\/wp\/v2\/media?parent=168"}],"wp:term":[{"taxonomy":"product_brand","embeddable":true,"href":"https:\/\/swisscover.li\/fr\/wp-json\/wp\/v2\/product_brand?post=168"},{"taxonomy":"product_cat","embeddable":true,"href":"https:\/\/swisscover.li\/fr\/wp-json\/wp\/v2\/product_cat?post=168"},{"taxonomy":"product_tag","embeddable":true,"href":"https:\/\/swisscover.li\/fr\/wp-json\/wp\/v2\/product_tag?post=168"}],"curies":[{"name":"wp","href":"https:\/\/api.w.org\/{rel}","templated":true}]}}