{"id":166,"date":"2025-11-02T21:58:22","date_gmt":"2025-11-02T21:58:22","guid":{"rendered":"https:\/\/swisscover.li\/?post_type=product&#038;p=166"},"modified":"2025-11-02T22:00:53","modified_gmt":"2025-11-02T22:00:53","slug":"usb-c-auf-displayport-adapter-4k","status":"publish","type":"product","link":"https:\/\/swisscover.li\/fr\/product\/usb-c-auf-displayport-adapter-4k\/","title":{"rendered":"USB C auf DisplayPort-Adapter 4K"},"content":{"rendered":"<h1 id=\"title\" class=\"a-size-large a-spacing-none\"><span id=\"productTitle\" class=\"a-size-large product-title-word-break\">USB C auf DisplayPort-Adapter 4K<\/span><\/h1>\n<p>\ud83d\udccc<span style=\"color: #ed1c24;\"><strong>Hinweise:<\/strong> <\/span>NICHT alle USB-C-Anschl\u00fcsse k\u00f6nnen Video ausgeben. Stellen Sie sicher, dass der USB-C-Anschluss Ihres Ger\u00e4ts den DP-Alt-Modus unterst\u00fctzt.<\/p>\n<p>&nbsp;<\/p>","protected":false},"excerpt":{"rendered":"<p>USB-C auf USB-C-auf-DisplayPort-Adapter 4K Typ-C (Thunderbolt 3 kompatibel) mit Video-Audio-Ausgang f\u00fcr MacBook Pro 2019\/2018\/2017,Note 9\/S9\/Note 8\/S8,Mate 20 und mehr<\/p>\n<p>Anschluss Hauptger\u00e4t: USB Typ-C<br \/>\nKabel Anwendung:\u00a0USB-C<br \/>\nProdukttyp: Data + Video Adapter<br \/>\nFarbe: Space Grau<\/p>\n<ul class=\"a-unordered-list a-vertical a-spacing-mini\">\n<li><span class=\"a-list-item\">\ud83d\udccc <\/span>Kompatibel mit allen USB C kompatiblen Smartphones \/ Tablets<\/li>\n<li><span class=\"a-list-item\">\ud83d\udccc\u3010HDMI-Konverter\u3011: USB-Typ-C zu USB-C-auf-DisplayPort-Adapter zum Anschlie\u00dfen eines PCs, Notebooks, Smartphones oder Tablets an einen mit HDMI ausgestatteten Monitor oder Bildschirm. Schlie\u00dfen Sie 4k-Filme an einen gr\u00f6\u00dferen Bildschirm Ihrer Smartphons und Laptops an.<\/span><\/li>\n<li><span class=\"a-list-item\">\ud83d\udccc\u30104K-UHD-Leistung\u3011: Dieser Adapter unterst\u00fctzt eine Aufl\u00f6sung von bis zu 4K (3840 x 2160 @ 30 Hz). abw\u00e4rtskompatibel zu 1080P und 720P. Streamen Sie mit diesem Adapter hochaufl\u00f6sendes authentisches Audio und Video von Ihrem Computer.<\/span><\/li>\n<\/ul>\n<p>Lieferumfang: 1x USB C auf HDMI 4K Adapter Kabel f\u00fcr Smartphones &#8211; Space Grau<\/p>","protected":false},"featured_media":284,"comment_status":"open","ping_status":"closed","template":"","meta":[],"product_brand":[],"product_cat":[69,124,18],"product_tag":[132],"class_list":{"0":"post-166","1":"product","2":"type-product","3":"status-publish","4":"has-post-thumbnail","6":"product_cat-adapter","7":"product_cat-hdmi","8":"product_cat-zubehoer","9":"product_tag-displayport","11":"first","12":"instock","13":"taxable","14":"shipping-taxable","15":"purchasable","16":"product-type-simple"},"_links":{"self":[{"href":"https:\/\/swisscover.li\/fr\/wp-json\/wp\/v2\/product\/166","targetHints":{"allow":["GET"]}}],"collection":[{"href":"https:\/\/swisscover.li\/fr\/wp-json\/wp\/v2\/product"}],"about":[{"href":"https:\/\/swisscover.li\/fr\/wp-json\/wp\/v2\/types\/product"}],"replies":[{"embeddable":true,"href":"https:\/\/swisscover.li\/fr\/wp-json\/wp\/v2\/comments?post=166"}],"wp:featuredmedia":[{"embeddable":true,"href":"https:\/\/swisscover.li\/fr\/wp-json\/wp\/v2\/media\/284"}],"wp:attachment":[{"href":"https:\/\/swisscover.li\/fr\/wp-json\/wp\/v2\/media?parent=166"}],"wp:term":[{"taxonomy":"product_brand","embeddable":true,"href":"https:\/\/swisscover.li\/fr\/wp-json\/wp\/v2\/product_brand?post=166"},{"taxonomy":"product_cat","embeddable":true,"href":"https:\/\/swisscover.li\/fr\/wp-json\/wp\/v2\/product_cat?post=166"},{"taxonomy":"product_tag","embeddable":true,"href":"https:\/\/swisscover.li\/fr\/wp-json\/wp\/v2\/product_tag?post=166"}],"curies":[{"name":"wp","href":"https:\/\/api.w.org\/{rel}","templated":true}]}}