{"id":164,"date":"2025-11-02T21:58:22","date_gmt":"2025-11-02T21:58:22","guid":{"rendered":"https:\/\/swisscover.li\/?post_type=product&#038;p=164"},"modified":"2025-11-02T22:03:08","modified_gmt":"2025-11-02T22:03:08","slug":"reiseadapter-usa-nach-eu","status":"publish","type":"product","link":"https:\/\/swisscover.li\/fr\/product\/reiseadapter-usa-nach-eu\/","title":{"rendered":"Reiseadapter  USA nach EU"},"content":{"rendered":"<h2 class=\"name___uxWcB\">Netzstecker Konverter Reiseadapter USA nach EU Europa High Power<\/h2>\n<p id=\"title\" class=\"a-size-large a-spacing-none\"><span id=\"productTitle\" class=\"a-size-large product-title-word-break\">US auf EU Reisestecker, Reiseadapter Stecker EU China Amerika Kanada USA Ger\u00e4te auf Euro Deutschland Travel Adapter Plug<\/span><\/p>\n<p><a href=\"https:\/\/swisscover.ch\/wp-content\/uploads\/2022\/10\/Netzstecker-Konverter-Reiseadapter-US-auf-EU-Europa-Hochleistungs-4.png\" target=\"_blank\" rel=\"noopener\"><img loading=\"lazy\" decoding=\"async\" class=\"alignnone size-medium wp-image-413758 lazyload\" src=\"data:image\/gif;base64,R0lGODlhAQABAAAAACH5BAEKAAEALAAAAAABAAEAAAICTAEAOw==\" alt=\"US auf EU Reisestecker\" width=\"300\" height=\"300\" data-src=\"https:\/\/swisscover.ch\/wp-content\/uploads\/2022\/10\/Netzstecker-Konverter-Reiseadapter-US-auf-EU-Europa-Hochleistungs-4-300x300.png\"><\/a><\/p>","protected":false},"excerpt":{"rendered":"<p>Mit diesem Reiseadapter k\u00f6nnen Sie an EU-Steckdosen anschlie\u00dfen und dann Ihre Ger\u00e4te mit US\/UK-Anschluss verwenden.<\/p>\n<p><strong>Spezifikationen:<\/strong><\/p>\n<p>Farbe Schwarz oder Weiss<br \/>\nMaterial: PP<br \/>\nAusgangsstrom: 16A<br \/>\nNennspannung: 100-250V<br \/>\nNennleistung: 2500W<br \/>\nAbmessungen: 23x40x45.5mm \/ 0.91&#215;1.57&#215;1.79in<\/p>\n<p>Lieferumfang:\u00a0 1 \u00d7 Reiseadapter Schwarz oder Weiss (je nach Wahl)<\/p>","protected":false},"featured_media":276,"comment_status":"open","ping_status":"closed","template":"","meta":[],"product_brand":[],"product_cat":[69,18],"product_tag":[128,129],"class_list":{"0":"post-164","1":"product","2":"type-product","3":"status-publish","4":"has-post-thumbnail","6":"product_cat-adapter","7":"product_cat-zubehoer","8":"product_tag-reiseadapter","9":"product_tag-us-auf-eu-reisestecker","11":"first","12":"instock","13":"taxable","14":"shipping-taxable","15":"purchasable","16":"product-type-variable","17":"has-default-attributes"},"_links":{"self":[{"href":"https:\/\/swisscover.li\/fr\/wp-json\/wp\/v2\/product\/164","targetHints":{"allow":["GET"]}}],"collection":[{"href":"https:\/\/swisscover.li\/fr\/wp-json\/wp\/v2\/product"}],"about":[{"href":"https:\/\/swisscover.li\/fr\/wp-json\/wp\/v2\/types\/product"}],"replies":[{"embeddable":true,"href":"https:\/\/swisscover.li\/fr\/wp-json\/wp\/v2\/comments?post=164"}],"wp:featuredmedia":[{"embeddable":true,"href":"https:\/\/swisscover.li\/fr\/wp-json\/wp\/v2\/media\/276"}],"wp:attachment":[{"href":"https:\/\/swisscover.li\/fr\/wp-json\/wp\/v2\/media?parent=164"}],"wp:term":[{"taxonomy":"product_brand","embeddable":true,"href":"https:\/\/swisscover.li\/fr\/wp-json\/wp\/v2\/product_brand?post=164"},{"taxonomy":"product_cat","embeddable":true,"href":"https:\/\/swisscover.li\/fr\/wp-json\/wp\/v2\/product_cat?post=164"},{"taxonomy":"product_tag","embeddable":true,"href":"https:\/\/swisscover.li\/fr\/wp-json\/wp\/v2\/product_tag?post=164"}],"curies":[{"name":"wp","href":"https:\/\/api.w.org\/{rel}","templated":true}]}}