{"id":163,"date":"2025-11-02T21:58:22","date_gmt":"2025-11-02T21:58:22","guid":{"rendered":"https:\/\/swisscover.li\/?post_type=product&#038;p=163"},"modified":"2025-11-02T22:00:46","modified_gmt":"2025-11-02T22:00:46","slug":"8k-ultra-high-speed-hdmi-2-1-2m","status":"publish","type":"product","link":"https:\/\/swisscover.li\/fr\/product\/8k-ultra-high-speed-hdmi-2-1-2m\/","title":{"rendered":"8K Ultra High Speed HDMI 2.1  &#8211; (2m)"},"content":{"rendered":"<h1><span style=\"font-size: 75%;\">8K Ultra High Speed HDMI 2.1<\/span><\/h1>\n<p>Das dreifach geschirmte Primewire 8K HDMI-Kabel bietet die moderne HDMI 2.1 Spezifikation und \u00fcbertr\u00e4gt Bilder und T\u00f6ne in exzellenter Qualit\u00e4t mit bis zu 7680 x 4320 @ 120 Hz (mit DSC). Besonders attraktiv f\u00fcr 4k- und 8k Fernseher und f\u00fcr 4k-Gaming.<\/p>\n<p><a href=\"https:\/\/swisscover.ch\/wp-content\/uploads\/2022\/10\/Untitled-1s-2.png\" target=\"_blank\" rel=\"noopener\"><img loading=\"lazy\" decoding=\"async\" class=\"size-medium wp-image-413742 aligncenter lazyload\" src=\"data:image\/gif;base64,R0lGODlhAQABAAAAACH5BAEKAAEALAAAAAABAAEAAAICTAEAOw==\" alt=\"8K Ultra High Speed HDMI 2.1\" width=\"300\" height=\"300\" data-src=\"https:\/\/swisscover.ch\/wp-content\/uploads\/2022\/10\/Untitled-1s-2-300x300.png\"><\/a><\/p>\n<p><b>Daten\u00fcbertragung ohne DSC (Display Stream Compression)<\/b><\/p>\n<ul>\n<li>8k: 7680 x 4320 @ 30 Hz<\/li>\n<li>5k: 5120 \u00d7 2880 @ 60 Hz<\/li>\n<li>4k: 3840 x 2160 @ 144 Hz<\/li>\n<li>2k: 2560 x 1440 @ 240 Hz<\/li>\n<li>1k: 1920 x 1200 @ 240 Hz<\/li>\n<\/ul>\n<p><b>Daten\u00fcbertragung mit DSC-Unterst\u00fctzung<\/b><\/p>\n<ul>\n<li>8k: 7680 x 4320 @ 120 Hz (DSC)<\/li>\n<li>5k: 5120 \u00d7 2880 @ 120 Hz (DSC)<\/li>\n<li>4k: 3840 x 2160 @ 240 Hz (DSC)<\/li>\n<\/ul>","protected":false},"excerpt":{"rendered":"<p>Anschlusstyp:\u00a0 HDMI<br \/>\nKabeltyp: HDMI<\/p>\n<ul>\n<li>zukunftssicheres HDMI-Kabel nach 2.1 Standard<\/li>\n<li>8K-Support bei 30Hz (ohne DSC) und bis zu 120 Hz mit DSC<\/li>\n<li>Bandbreite bis zu 48 Gbit\/s<\/li>\n<li>Unterst\u00fctzt 16 bpc bzw. 48 bit pro Pixel<\/li>\n<li>Perfekt f\u00fcr alle HDMI-Ger\u00e4te wie 4K und 8k TVs, PlayStation 4 Pro, XboX One X, 4k Blu-ray Player<\/li>\n<\/ul>\n<ul>\n<li>Lieferumfang: 1x 8K Ultra High Speed HDMI Kabel (2M)<\/li>\n<\/ul>","protected":false},"featured_media":271,"comment_status":"open","ping_status":"closed","template":"","meta":[],"product_brand":[],"product_cat":[69,124,18],"product_tag":[127],"class_list":{"0":"post-163","1":"product","2":"type-product","3":"status-publish","4":"has-post-thumbnail","6":"product_cat-adapter","7":"product_cat-hdmi","8":"product_cat-zubehoer","9":"product_tag-8k-hdmi","11":"first","12":"instock","13":"taxable","14":"shipping-taxable","15":"purchasable","16":"product-type-simple"},"_links":{"self":[{"href":"https:\/\/swisscover.li\/fr\/wp-json\/wp\/v2\/product\/163","targetHints":{"allow":["GET"]}}],"collection":[{"href":"https:\/\/swisscover.li\/fr\/wp-json\/wp\/v2\/product"}],"about":[{"href":"https:\/\/swisscover.li\/fr\/wp-json\/wp\/v2\/types\/product"}],"replies":[{"embeddable":true,"href":"https:\/\/swisscover.li\/fr\/wp-json\/wp\/v2\/comments?post=163"}],"wp:featuredmedia":[{"embeddable":true,"href":"https:\/\/swisscover.li\/fr\/wp-json\/wp\/v2\/media\/271"}],"wp:attachment":[{"href":"https:\/\/swisscover.li\/fr\/wp-json\/wp\/v2\/media?parent=163"}],"wp:term":[{"taxonomy":"product_brand","embeddable":true,"href":"https:\/\/swisscover.li\/fr\/wp-json\/wp\/v2\/product_brand?post=163"},{"taxonomy":"product_cat","embeddable":true,"href":"https:\/\/swisscover.li\/fr\/wp-json\/wp\/v2\/product_cat?post=163"},{"taxonomy":"product_tag","embeddable":true,"href":"https:\/\/swisscover.li\/fr\/wp-json\/wp\/v2\/product_tag?post=163"}],"curies":[{"name":"wp","href":"https:\/\/api.w.org\/{rel}","templated":true}]}}