{"id":162,"date":"2025-11-02T21:58:22","date_gmt":"2025-11-02T21:58:22","guid":{"rendered":"https:\/\/swisscover.li\/?post_type=product&#038;p=162"},"modified":"2025-11-02T22:00:41","modified_gmt":"2025-11-02T22:00:41","slug":"usb-c-auf-hdmi-4k-adapter-kabel-1-8m","status":"publish","type":"product","link":"https:\/\/swisscover.li\/fr\/product\/usb-c-auf-hdmi-4k-adapter-kabel-1-8m\/","title":{"rendered":"USB C auf HDMI 4K Adapter Kabel- (1.8M)"},"content":{"rendered":"<h1><span style=\"font-size: 75%;\">USB C auf HDMI 4K Adapter Kabel<\/span><\/h1>\n<h4><strong><span style=\"font-size: 75%;\">USB 3.1 Typ C-Eingang und HDMI-Ausgang<\/span><\/strong><\/h4>\n<p><strong>Spezifikationen:<\/strong><\/p>\n<ul>\n<li>Unterst\u00fctzungsaufl\u00f6sung 4K * 2K @ 30Hz \uff1b 1080P @ 30Hz.<\/li>\n<li>Unterst\u00fctzt mehrere Farbformate: RGB 6\/8\/10\/12-Bit pro Komponente (BPC) und YCbCr4: 4: 4, YCbCr4: 2: 2,8 \/ 10 \/ 12bpc.<\/li>\n<li>Unterst\u00fctzt Datenraten pro Spur von 5,4 Gbit \/ s (HBR2), 2,7 Gbps (HBR) und 1,62 Gbit \/ s (RBR).<\/li>\n<li>Kabell\u00e4nge: 1.8M<\/li>\n<\/ul>","protected":false},"excerpt":{"rendered":"<p>Type C USB-C auf HDMI 4K Typ C Zu HDMI TV Kabel Adapter Konverter<\/p>\n<ul>\n<li>Kein Adapter, kein Konverter erforderlich. Plug &amp; Play-Design, keine externe Stromversorgung und Treiber f\u00fcr dieses Kabel erforderlich.<\/li>\n<li>Verwenden Sie die neueste USB3.1 Type-C-Schnittstelle f\u00fcr das Computertelefon, um Grossbildschirme anzuschliessen, die Audio\u00fcbertragung zu unterst\u00fctzen und mit anderen kompatibel zu sein<\/li>\n<li>TYP C-Schnittstelle mit dem Laptop und dem Telefon. Klare, lebendige Videoqualit\u00e4t.<\/li>\n<\/ul>\n<ul>\n<li>Mit dem USB3.1- und HDMI 2.0-Standarddesign kann die Daten\u00fcbertragungsrate USB 3.1 10 Gbps erreichen, eine zehnfache Bandbreite als bei USB 3.0 oder USB 2.0.<\/li>\n<li>Lieferumfang: 1x Typ C zu HDMI Kabel (1.8M)<\/li>\n<\/ul>","protected":false},"featured_media":265,"comment_status":"open","ping_status":"closed","template":"","meta":[],"product_brand":[],"product_cat":[69,124,18],"product_tag":[125,126],"class_list":{"0":"post-162","1":"product","2":"type-product","3":"status-publish","4":"has-post-thumbnail","6":"product_cat-adapter","7":"product_cat-hdmi","8":"product_cat-zubehoer","9":"product_tag-type-c-usb-c-auf-hdmi","10":"product_tag-usb-c-auf-hdmi-4k","12":"first","13":"instock","14":"taxable","15":"shipping-taxable","16":"purchasable","17":"product-type-simple"},"_links":{"self":[{"href":"https:\/\/swisscover.li\/fr\/wp-json\/wp\/v2\/product\/162","targetHints":{"allow":["GET"]}}],"collection":[{"href":"https:\/\/swisscover.li\/fr\/wp-json\/wp\/v2\/product"}],"about":[{"href":"https:\/\/swisscover.li\/fr\/wp-json\/wp\/v2\/types\/product"}],"replies":[{"embeddable":true,"href":"https:\/\/swisscover.li\/fr\/wp-json\/wp\/v2\/comments?post=162"}],"wp:featuredmedia":[{"embeddable":true,"href":"https:\/\/swisscover.li\/fr\/wp-json\/wp\/v2\/media\/265"}],"wp:attachment":[{"href":"https:\/\/swisscover.li\/fr\/wp-json\/wp\/v2\/media?parent=162"}],"wp:term":[{"taxonomy":"product_brand","embeddable":true,"href":"https:\/\/swisscover.li\/fr\/wp-json\/wp\/v2\/product_brand?post=162"},{"taxonomy":"product_cat","embeddable":true,"href":"https:\/\/swisscover.li\/fr\/wp-json\/wp\/v2\/product_cat?post=162"},{"taxonomy":"product_tag","embeddable":true,"href":"https:\/\/swisscover.li\/fr\/wp-json\/wp\/v2\/product_tag?post=162"}],"curies":[{"name":"wp","href":"https:\/\/api.w.org\/{rel}","templated":true}]}}