{"id":161,"date":"2025-11-02T21:58:22","date_gmt":"2025-11-02T21:58:22","guid":{"rendered":"https:\/\/swisscover.li\/?post_type=product&#038;p=161"},"modified":"2025-11-02T22:00:30","modified_gmt":"2025-11-02T22:00:30","slug":"usb-a-2-0-stecker-auf-usb-type-c-usb-c-buchse","status":"publish","type":"product","link":"https:\/\/swisscover.li\/fr\/product\/usb-a-2-0-stecker-auf-usb-type-c-usb-c-buchse\/","title":{"rendered":"USB-A 2.0 Stecker auf USB Type C (USB-C) Buchse"},"content":{"rendered":"<h1 class=\"rd-title\" title=\"USB-A auf USB-C Adapter 3.0 OTG Stecker Laptop Smartphone Konverter Buchse Laden Daten silber\"><span style=\"font-size: 75%;\">USB-A auf USB-C Adapter 3.0 OTG Stecker Laptop Smartphone Konverter Buchse Laden Daten silber<\/span><\/h1>\n<div class=\"rd-below-title-details\"><\/div>\n<p>USB C Buchse auf USB Stecker Adapter 3St\u00fcck,Type A Netzteil Ladeger\u00e4t Ladekabel Adapter f\u00fcr Apple Watch 8,SE 3,iPhone 11 12 13 Mini Pro Max,iPad 10 Air 4 5,Samsung Galaxy S20 S22 Plus Ultra<\/p>","protected":false},"excerpt":{"rendered":"<h2 class=\"rd-title\" title=\"USB-A auf USB-C Adapter 3.0 OTG Stecker Laptop Smartphone Konverter Buchse Laden Daten silber\"><strong><span style=\"font-size: 75%;\">USB-A auf USB-C Adapter 3.0 OTG Stecker Laptop Smartphone Konverter Buchse Laden Daten silber<\/span><\/strong><\/h2>\n<div class=\"rd-below-title-details\">Farbe: Space Grau<\/div>\n<p>Der Adapter zur L\u00f6sung all Ihrer USB-Kompatibilit\u00e4tsprobleme.<br \/>\nSynchronisieren Sie Ihr Telefon, Tablet, iPad, MacBook, Laptop oder andere Standard-USB-Ger\u00e4te.<br \/>\nMachen Sie Ihre USB-A-Ger\u00e4te kompatibel mit USB-C Laufwerken und anderen USB-On-The-Go (OTG)-f\u00e4higen USB-Ger\u00e4ten.<\/p>\n<p>Lieferumfang: 1x \u00a0USB-A auf USB-C Adapter Space Grau<\/p>","protected":false},"featured_media":263,"comment_status":"open","ping_status":"closed","template":"","meta":[],"product_brand":[],"product_cat":[69],"product_tag":[123],"class_list":{"0":"post-161","1":"product","2":"type-product","3":"status-publish","4":"has-post-thumbnail","6":"product_cat-adapter","7":"product_tag-usb-a-auf-usb-c","9":"first","10":"instock","11":"sale","12":"taxable","13":"shipping-taxable","14":"purchasable","15":"product-type-simple"},"_links":{"self":[{"href":"https:\/\/swisscover.li\/fr\/wp-json\/wp\/v2\/product\/161","targetHints":{"allow":["GET"]}}],"collection":[{"href":"https:\/\/swisscover.li\/fr\/wp-json\/wp\/v2\/product"}],"about":[{"href":"https:\/\/swisscover.li\/fr\/wp-json\/wp\/v2\/types\/product"}],"replies":[{"embeddable":true,"href":"https:\/\/swisscover.li\/fr\/wp-json\/wp\/v2\/comments?post=161"}],"wp:featuredmedia":[{"embeddable":true,"href":"https:\/\/swisscover.li\/fr\/wp-json\/wp\/v2\/media\/263"}],"wp:attachment":[{"href":"https:\/\/swisscover.li\/fr\/wp-json\/wp\/v2\/media?parent=161"}],"wp:term":[{"taxonomy":"product_brand","embeddable":true,"href":"https:\/\/swisscover.li\/fr\/wp-json\/wp\/v2\/product_brand?post=161"},{"taxonomy":"product_cat","embeddable":true,"href":"https:\/\/swisscover.li\/fr\/wp-json\/wp\/v2\/product_cat?post=161"},{"taxonomy":"product_tag","embeddable":true,"href":"https:\/\/swisscover.li\/fr\/wp-json\/wp\/v2\/product_tag?post=161"}],"curies":[{"name":"wp","href":"https:\/\/api.w.org\/{rel}","templated":true}]}}