{"id":160,"date":"2025-11-02T21:58:22","date_gmt":"2025-11-02T21:58:22","guid":{"rendered":"https:\/\/swisscover.li\/?post_type=product&#038;p=160"},"modified":"2025-11-02T22:00:26","modified_gmt":"2025-11-02T22:00:26","slug":"usb-c-adapter-auf-usb-3-0-adapter-konverter-grau","status":"publish","type":"product","link":"https:\/\/swisscover.li\/fr\/product\/usb-c-adapter-auf-usb-3-0-adapter-konverter-grau\/","title":{"rendered":"USB C Adapter auf USB 3.0 Adapter Konverter &#8211; Grau"},"content":{"rendered":"<h1><span id=\"productTitle\" class=\"a-size-large product-title-word-break\" style=\"font-size: 75%;\">USB C Adapter auf USB 3.0<\/span><\/h1>\n<p>5 Gps Supergeschwindigkeit \u200b\u200b(zehnmal schneller als USB 2.0)<br \/>\nDer USB-C-ADAPTER wird mit standardm\u00e4\u00dfigen USB 3.0-Anschl\u00fcssen versehen und unterst\u00fctzt blitzende \u00dcbertragungsrate von Dateien bis zu 5 Gbps, schneller genug, um Videos von 1 G innerhalb von Sekunden zu \u00fcbertragen.<\/p>\n<p><strong>SPEZIFIKATIONEN<\/strong><br \/>\nVertr\u00e4glichkeit: MacBook, MacBook Pro, Chromebook Pixel und die meisten anderen Ger\u00e4te vom Typ C<br \/>\nUSB 1: Typ C Buchse<br \/>\nUSB 2: USB 3.0 A Stecker<br \/>\nUSB 3.0 (USB 3.1 Generation 1): Daten\u00fcbertragungsgeschwindigkeit bis zu 5 Gbps<br \/>\nFarbe: Grau<\/p>","protected":false},"excerpt":{"rendered":"<p>USB C Adapter auf USB 3.0 OTG USB Typ C Adapter, Thunderbolt 3 to USB f\u00fcr iPad Pro 2020, Huawei Mate 20, Dell XPS, Surface Go usw. &#8211; Grau<\/p>\n<ul>\n<li>Schnittstellen: USB<strong><br \/>\n<\/strong><\/li>\n<li>Anschluss: USB C<\/li>\n<li>Farbe: Grau<\/li>\n<li>&#8211; Es unterst\u00fctzt Daten\u00fcbertragung mit USB 3.0-Geschwindigkeiten von bis zu 5 Gbps, schnell genug, um ein Video von 1 G in Sekunden zu \u00fcbertragen<\/li>\n<li>&#8211; Verbindet USB-Kabel, Flash-Laufwerke, M\u00e4use, Tastaturen und andere USB-Peripherieger\u00e4te mit USB-C-Anschl\u00fcssen mit Ihrem Laptop und Smartphone<\/li>\n<li>&#8211; Sie k\u00f6nnen damit den USB-A-Anschluss und den USB-C-Anschluss verbinden.<\/li>\n<li><\/li>\n<\/ul>\n<p><b>Lieferumfang: <\/b>USB-A auf USB-C Adapter silber<\/p>","protected":false},"featured_media":255,"comment_status":"open","ping_status":"closed","template":"","meta":[],"product_brand":[],"product_cat":[69],"product_tag":[122],"class_list":{"0":"post-160","1":"product","2":"type-product","3":"status-publish","4":"has-post-thumbnail","6":"product_cat-adapter","7":"product_tag-usb-c-adapter","9":"first","10":"instock","11":"sale","12":"taxable","13":"shipping-taxable","14":"purchasable","15":"product-type-simple"},"_links":{"self":[{"href":"https:\/\/swisscover.li\/fr\/wp-json\/wp\/v2\/product\/160","targetHints":{"allow":["GET"]}}],"collection":[{"href":"https:\/\/swisscover.li\/fr\/wp-json\/wp\/v2\/product"}],"about":[{"href":"https:\/\/swisscover.li\/fr\/wp-json\/wp\/v2\/types\/product"}],"replies":[{"embeddable":true,"href":"https:\/\/swisscover.li\/fr\/wp-json\/wp\/v2\/comments?post=160"}],"wp:featuredmedia":[{"embeddable":true,"href":"https:\/\/swisscover.li\/fr\/wp-json\/wp\/v2\/media\/255"}],"wp:attachment":[{"href":"https:\/\/swisscover.li\/fr\/wp-json\/wp\/v2\/media?parent=160"}],"wp:term":[{"taxonomy":"product_brand","embeddable":true,"href":"https:\/\/swisscover.li\/fr\/wp-json\/wp\/v2\/product_brand?post=160"},{"taxonomy":"product_cat","embeddable":true,"href":"https:\/\/swisscover.li\/fr\/wp-json\/wp\/v2\/product_cat?post=160"},{"taxonomy":"product_tag","embeddable":true,"href":"https:\/\/swisscover.li\/fr\/wp-json\/wp\/v2\/product_tag?post=160"}],"curies":[{"name":"wp","href":"https:\/\/api.w.org\/{rel}","templated":true}]}}