{"id":157,"date":"2025-11-02T21:58:21","date_gmt":"2025-11-02T21:58:21","guid":{"rendered":"https:\/\/swisscover.li\/?post_type=product&#038;p=157"},"modified":"2025-11-02T21:59:56","modified_gmt":"2025-11-02T21:59:56","slug":"usb-c-multiport-adapter-6in-1","status":"publish","type":"product","link":"https:\/\/swisscover.li\/fr\/product\/usb-c-multiport-adapter-6in-1\/","title":{"rendered":"USB C Multiport Adapter 6in 1"},"content":{"rendered":"<h1 id=\"title\" class=\"a-size-large a-spacing-none\"><span id=\"productTitle\" class=\"a-size-large product-title-word-break\" style=\"font-size: 75%;\">USB C Hub, USB C Adapter mit 4K HDMI Ausgang, 3 USB 3.0-Anschl\u00fcsse, SD\/TF Kartenleser, kompatibel f\u00fcr MacBook Pro\/Air, Laptop und mehr Typ-C-Ger\u00e4te<\/span><\/h1>\n<ul>\n<li><span class=\"a-list-item\">[4K USB-C-HUB-HDMI]: Das USB-C-Dock unterst\u00fctzt hohe Aufl\u00f6sungen von bis zu 4K 3840 x 2160 @ 30 Hz und streamt 4K- oder Full HD 1080p-Videos direkt auf HDTV, Monitore oder Projektoren und ist abw\u00e4rtskompatibel mit 2K \/ 1080p \/ 720p-Aufl\u00f6sungen. Typ C Hub unterst\u00fctzt auch OTG-Funktion. Erinnerung: Versorgen Sie den HUB \u00fcber den PD-Anschluss mit Strom, w\u00e4hrend Sie HDMI verwenden, um eine perfekte Leistung zu erzielen!<\/span><\/li>\n<\/ul>\n","protected":false},"excerpt":{"rendered":"<h2 id=\"title\" class=\"a-size-large a-spacing-none\"><span id=\"productTitle\" class=\"a-size-large product-title-word-break\" style=\"font-size: 75%;\">Typ-C-HUB-Multifunktions-Hub 3.1 bis HDMI 6 in 1 Typ-C-Hub-Dockingstation mit 4K USB C-zu-HDMI-, SD- und microSD-Kartenleser, 2 USB 3.0-Anschl\u00fcsse<\/span><\/h2>\n<p>Farbe: Space Grau<br \/>\nHardwareschnittstelle: MicroSD, HDMI, USB 3.0, USB 2.0, USB-C<br \/>\nDaten\u00fcbertragungsrate: 5 Gigabits Per Second<br \/>\nMaterial: Aluminium<\/p>\n<p>&nbsp;<\/p>\n<ul class=\"a-unordered-list a-vertical a-spacing-mini\">\n<li><span class=\"a-list-item\">[Multifunktionaler 6-in-1-Hub]: SZPACMATE USB C Hub verf\u00fcgt \u00fcber 4K@30Hz HDMI, USB 3.0&amp;2.0, SD\/TF Kartenleser. Der USB-C-Hub-Adapter ist mit allen Ger\u00e4ten mit Typ-C \/ USB-C-Full-Function-Schnittstellenanschluss kompatibel, insbesondere f\u00fcr Macbook Pro und Air. Dar\u00fcber hinaus ist der USB C HUB klein und sehr bequem zu tragen, sodass Sie das Problem einer einzelnen Laptop-Schnittstelle jederzeit und \u00fcberall l\u00f6sen k\u00f6nnen.<\/span><\/li>\n<li>Lieferumfang: 1x USB C Multiport Adapter 6in 1<\/li>\n<\/ul>\n","protected":false},"featured_media":247,"comment_status":"open","ping_status":"closed","template":"","meta":[],"product_brand":[],"product_cat":[69,76,18],"product_tag":[77,78],"class_list":{"0":"post-157","1":"product","2":"type-product","3":"status-publish","4":"has-post-thumbnail","6":"product_cat-adapter","7":"product_cat-usb-c","8":"product_cat-zubehoer","9":"product_tag-usb-c-hub","10":"product_tag-usb-c-multiport-adapter","12":"first","13":"instock","14":"taxable","15":"shipping-taxable","16":"purchasable","17":"product-type-simple"},"_links":{"self":[{"href":"https:\/\/swisscover.li\/fr\/wp-json\/wp\/v2\/product\/157","targetHints":{"allow":["GET"]}}],"collection":[{"href":"https:\/\/swisscover.li\/fr\/wp-json\/wp\/v2\/product"}],"about":[{"href":"https:\/\/swisscover.li\/fr\/wp-json\/wp\/v2\/types\/product"}],"replies":[{"embeddable":true,"href":"https:\/\/swisscover.li\/fr\/wp-json\/wp\/v2\/comments?post=157"}],"wp:featuredmedia":[{"embeddable":true,"href":"https:\/\/swisscover.li\/fr\/wp-json\/wp\/v2\/media\/247"}],"wp:attachment":[{"href":"https:\/\/swisscover.li\/fr\/wp-json\/wp\/v2\/media?parent=157"}],"wp:term":[{"taxonomy":"product_brand","embeddable":true,"href":"https:\/\/swisscover.li\/fr\/wp-json\/wp\/v2\/product_brand?post=157"},{"taxonomy":"product_cat","embeddable":true,"href":"https:\/\/swisscover.li\/fr\/wp-json\/wp\/v2\/product_cat?post=157"},{"taxonomy":"product_tag","embeddable":true,"href":"https:\/\/swisscover.li\/fr\/wp-json\/wp\/v2\/product_tag?post=157"}],"curies":[{"name":"wp","href":"https:\/\/api.w.org\/{rel}","templated":true}]}}