{"id":156,"date":"2025-11-02T21:58:21","date_gmt":"2025-11-02T21:58:21","guid":{"rendered":"https:\/\/swisscover.li\/?post_type=product&#038;p=156"},"modified":"2025-11-02T21:59:53","modified_gmt":"2025-11-02T21:59:53","slug":"4-port-usb-3-0-hub-datenhub","status":"publish","type":"product","link":"https:\/\/swisscover.li\/fr\/product\/4-port-usb-3-0-hub-datenhub\/","title":{"rendered":"4 Port USB 3.0 HUB Datenhub"},"content":{"rendered":"<h3 id=\"title\" class=\"a-size-large a-spacing-none\"><span id=\"productTitle\" class=\"a-size-large product-title-word-break\">4 Port USB 3.0 HUB Datenhub Verteiler mit verl\u00e4ngertem 30cm Kabel kompatibel f\u00fcr Laptop, PC, MacBook Pro\/Mini, iMac, Surface Pro, Mobile HDD und mehr<\/span><\/h3>\n<p>Daten-Anschl\u00fcsse USB 2.0 Typ-A (4x)<br \/>\nFarbe Schwarz<br \/>\nHardwareschnittstelle USB 3.0<br \/>\nBesonderes Merkmal USB 3.0, 4 USB 3.0-Ports<br \/>\nProdukt Abmessungen: 107x30x10mm<br \/>\nKompatibel mit: USB2.0\/USB1.1<\/p>","protected":false},"excerpt":{"rendered":"<h3>USB 3.0 Hub mit 4 Anschl\u00fcssen, ultra-schlanker Daten-USB-Hub mit 30 cm langem Kabel<\/h3>\n<p>&#8211; \u00dcbertragungsraten: Bis zu 5Gbps<br \/>\n&#8211; Anzahl der Anschl\u00fcsse: 4<br \/>\n&#8211; Farbe Schwarz<\/p>\n<ul class=\"a-unordered-list a-vertical a-spacing-mini\">\n<li><span class=\"a-list-item\">4-Port USB 3.0 Hub:\u00a0 4-Port USB Hub 3.0 k\u00f6nnen Sie einfach bis zu 4 USB-Ger\u00e4te an Ihren PC oder Laptop anschlie\u00dfen, z. B. externe Festplatten, USB-Sticks, Maus, Tastatur, USB-Kopfh\u00f6rer, Lautsprecher, Kartenleser und vieles mehr USB-Ger\u00e4te. Verwandeln Sie einen der USB 3.0-Anschl\u00fcsse Ihres Computers in 4, damit Sie nicht wiederholt ein- und ausstecken m\u00fcssen usb verteiler.<\/span><\/li>\n<li><span class=\"a-list-item\">SuperSpeed: USB 3.0-Hub mit 4 Anschl\u00fcssen unterst\u00fctzt eine superschnelle Daten\u00fcbertragung mit bis zu 5 Gbit \/ s &#8211; 10X schneller als USB splitter 2.0, Sodass Sie HD-Filme oder umfangreiche Dateien in nur wenigen Sekunden \u00fcbertragen k\u00f6nnen.<\/span><\/li>\n<li>Lieferumfang: 1x 4 Port USB 3.0 HUB Datenhub<\/li>\n<\/ul>","protected":false},"featured_media":242,"comment_status":"open","ping_status":"closed","template":"","meta":[],"product_brand":[],"product_cat":[69,18],"product_tag":[74,75],"class_list":{"0":"post-156","1":"product","2":"type-product","3":"status-publish","4":"has-post-thumbnail","6":"product_cat-adapter","7":"product_cat-zubehoer","8":"product_tag-usb-3-0","9":"product_tag-usb-hub","11":"first","12":"instock","13":"taxable","14":"shipping-taxable","15":"purchasable","16":"product-type-simple"},"_links":{"self":[{"href":"https:\/\/swisscover.li\/fr\/wp-json\/wp\/v2\/product\/156","targetHints":{"allow":["GET"]}}],"collection":[{"href":"https:\/\/swisscover.li\/fr\/wp-json\/wp\/v2\/product"}],"about":[{"href":"https:\/\/swisscover.li\/fr\/wp-json\/wp\/v2\/types\/product"}],"replies":[{"embeddable":true,"href":"https:\/\/swisscover.li\/fr\/wp-json\/wp\/v2\/comments?post=156"}],"wp:featuredmedia":[{"embeddable":true,"href":"https:\/\/swisscover.li\/fr\/wp-json\/wp\/v2\/media\/242"}],"wp:attachment":[{"href":"https:\/\/swisscover.li\/fr\/wp-json\/wp\/v2\/media?parent=156"}],"wp:term":[{"taxonomy":"product_brand","embeddable":true,"href":"https:\/\/swisscover.li\/fr\/wp-json\/wp\/v2\/product_brand?post=156"},{"taxonomy":"product_cat","embeddable":true,"href":"https:\/\/swisscover.li\/fr\/wp-json\/wp\/v2\/product_cat?post=156"},{"taxonomy":"product_tag","embeddable":true,"href":"https:\/\/swisscover.li\/fr\/wp-json\/wp\/v2\/product_tag?post=156"}],"curies":[{"name":"wp","href":"https:\/\/api.w.org\/{rel}","templated":true}]}}