{"id":153,"date":"2025-11-02T21:58:20","date_gmt":"2025-11-02T21:58:20","guid":{"rendered":"https:\/\/swisscover.li\/?post_type=product&#038;p=153"},"modified":"2025-11-02T21:59:23","modified_gmt":"2025-11-02T21:59:23","slug":"3-in-1-magnetische-powerbank-5000mah-15w","status":"publish","type":"product","link":"https:\/\/swisscover.li\/fr\/product\/3-in-1-magnetische-powerbank-5000mah-15w\/","title":{"rendered":"Banque de puissance magn\u00e9tique 3 en 1 5000mAh - (15W)"},"content":{"rendered":"<h1>Magnetische Powerbank 5000mAh (15W)<\/h1>\n<p><strong>Power Bank PD 20 Watt Magsafe kompatibel Schnellladen Magnet Wireless Ladeger\u00e4t<\/strong><\/p>\n<p>kontaktloses Laden &#8211; magnetische Haftung an Ihrem iPhone (ab iPhone 12 ohne H\u00fclle m\u00f6glich; bei der Verwendung von H\u00fcllen: nur die Magsafe Handyh\u00fcllen sind mit der Powerbank kompatibel) &#8211; praktisch, unkompliziert, schnell, neuste Technologie = magnetisch &#8211; bedienerfreundlich<\/p>\n<p><a href=\"https:\/\/swisscover.ch\/wp-content\/uploads\/2022\/11\/3-in-1-Magnetische-Powerbank-5000mAh-\u2013-15W.png\" target=\"_blank\" rel=\"noopener\"><img loading=\"lazy\" decoding=\"async\" class=\"size-medium wp-image-415416 aligncenter lazyload\" src=\"data:image\/gif;base64,R0lGODlhAQABAAAAACH5BAEKAAEALAAAAAABAAEAAAICTAEAOw==\" alt=\"3-in-1 Magnetische Powerbank 5000mAh \u2013 (15W)\" width=\"300\" height=\"300\" data-src=\"https:\/\/swisscover.ch\/wp-content\/uploads\/2022\/11\/3-in-1-Magnetische-Powerbank-5000mAh-\u2013-15W-300x300.png\"><\/a><\/p>","protected":false},"excerpt":{"rendered":"<p>Magnetische Powerbank 5000mAh &#8211; MagSafe kompatibel &amp; Standfunktion<\/p>\n<ul>\n<li>Farbe: Weiss\/Silber<\/li>\n<li>Material: Kunststoff<\/li>\n<li>\n<div>Batterie: Polymer-Lithium-Ionen-Batterie<\/div>\n<div>Paket beinhaltet: 1 x Powerbank 1 x Ladekabel 1 x Handbuch<\/div>\n<\/li>\n<\/ul>\n<ul>\n<li>Handliche, MagSafe kompatible Powerbank mit 5000mAh Kapazit\u00e4t<\/li>\n<li>15W (kabellos), 20W Power Delivery (kabelgebunden)<\/li>\n<li>Mit praktischer Standfunktion (Winkelausrichtungen einstellbar)<\/li>\n<li>Kamera kann weiterhin benutzt werden<\/li>\n<li>5x LED Indikatoren zur Akkuanzeige<\/li>\n<li>USB Typ-C\u00a0Anschuss vorhanden<\/li>\n<\/ul>\n<p>Power Bank 20 Watt mit Magsafe kompatibel Schnelllade-Magnet-Wireless-Ladeger\u00e4t Befestigen Sie die Powerbank (ganz bequem mit der Magnethaftung) auf die R\u00fcckseite Ihres iPhones und laden Sie Ihr Ger\u00e4t bequem, drahtlos und ohne ein Ladekabel auf.<\/p>\n<ul>\n<li>Lieferumfang: 1x Magsafe Powerbank 5000 mah (15W)<\/li>\n<\/ul>","protected":false},"featured_media":221,"comment_status":"open","ping_status":"closed","template":"","meta":[],"product_brand":[],"product_cat":[27,28,29,30,32,33,34,56,57,35,58,59,36,37,38,60,61,62,63,64,65,66,19,67,18],"product_tag":[68],"class_list":{"0":"post-153","1":"product","2":"type-product","3":"status-publish","4":"has-post-thumbnail","6":"product_cat-iphone-12","7":"product_cat-iphone-12-mini-zubehoer","8":"product_cat-iphone-12-pro","9":"product_cat-iphone-12-pro-max","10":"product_cat-iphone-13-mini-zubehoer","11":"product_cat-iphone-13-pro-max-zubehoer","12":"product_cat-iphone-13-pro-zubehoer","13":"product_cat-iphone-13-zubehoer","14":"product_cat-iphone-14","15":"product_cat-iphone-14-plus-zubehoer","16":"product_cat-iphone-14-pro","17":"product_cat-iphone-14-pro-max","18":"product_cat-iphone-14-pro-max-zubehoer","19":"product_cat-iphone-14-pro-zubehoer","20":"product_cat-iphone-14-zubehoer","21":"product_cat-iphone-15-plus-zubehoer","22":"product_cat-iphone-15-pro-max-zubehoer","23":"product_cat-iphone-15-pro-zubehoer","24":"product_cat-iphone-15-zubehoer","25":"product_cat-iphone-16-plus-zubehoer","26":"product_cat-iphone-16-pro-zubehoer","27":"product_cat-iphone-16-zubehoer","28":"product_cat-iphone-ladegeraet","29":"product_cat-magsafe","30":"product_cat-zubehoer","31":"product_tag-powerbank","33":"first","34":"instock","35":"taxable","36":"shipping-taxable","37":"purchasable","38":"product-type-simple"},"_links":{"self":[{"href":"https:\/\/swisscover.li\/fr\/wp-json\/wp\/v2\/product\/153","targetHints":{"allow":["GET"]}}],"collection":[{"href":"https:\/\/swisscover.li\/fr\/wp-json\/wp\/v2\/product"}],"about":[{"href":"https:\/\/swisscover.li\/fr\/wp-json\/wp\/v2\/types\/product"}],"replies":[{"embeddable":true,"href":"https:\/\/swisscover.li\/fr\/wp-json\/wp\/v2\/comments?post=153"}],"wp:featuredmedia":[{"embeddable":true,"href":"https:\/\/swisscover.li\/fr\/wp-json\/wp\/v2\/media\/221"}],"wp:attachment":[{"href":"https:\/\/swisscover.li\/fr\/wp-json\/wp\/v2\/media?parent=153"}],"wp:term":[{"taxonomy":"product_brand","embeddable":true,"href":"https:\/\/swisscover.li\/fr\/wp-json\/wp\/v2\/product_brand?post=153"},{"taxonomy":"product_cat","embeddable":true,"href":"https:\/\/swisscover.li\/fr\/wp-json\/wp\/v2\/product_cat?post=153"},{"taxonomy":"product_tag","embeddable":true,"href":"https:\/\/swisscover.li\/fr\/wp-json\/wp\/v2\/product_tag?post=153"}],"curies":[{"name":"wp","href":"https:\/\/api.w.org\/{rel}","templated":true}]}}