{"id":152,"date":"2025-11-02T21:58:20","date_gmt":"2025-11-02T21:58:20","guid":{"rendered":"https:\/\/swisscover.li\/?post_type=product&#038;p=152"},"modified":"2025-11-02T22:02:17","modified_gmt":"2025-11-02T22:02:17","slug":"usb-c-ladegeraet-mit-1m-ladekabel-fuer-iphone15-16-series","status":"publish","type":"product","link":"https:\/\/swisscover.li\/fr\/product\/usb-c-ladegeraet-mit-1m-ladekabel-fuer-iphone15-16-series\/","title":{"rendered":"USB C Ladeger\u00e4t mit 1m ladekabel f\u00fcr (iPhone15 &#038; 16 series)"},"content":{"rendered":"<h1><span class=\"a-list-item\" style=\"font-size: 75%;\">Chargeur USB C 20W avec c\u00e2ble de charge de 1m<\/span><\/h1>\n<ul class=\"a-unordered-list a-vertical a-spacing-mini\">\n<li>\n<h3 class=\"a-spacing-mini\">Umfassende Kompatibilit\u00e4t<\/h3>\n<p class=\"a-spacing-base\"><span class=\"a-text-bold\">USB-C Ladestecker und USB-C Ladekabel Kompatible Ger\u00e4te:<\/span><\/p>\n<ul class=\"a-unordered-list a-vertical\">\n<li><span class=\"a-list-item\">iPhone 15\/15 Pro\/15 Pro Max\/15 Plus 16 \/1 6 Pro \/ 16 Plus \/ 16 Pro Max<\/span><\/li>\n<\/ul>\n<\/li>\n<\/ul>\n<table class=\"a-normal a-spacing-micro\">\n<tbody>\n<tr class=\"a-spacing-small po-connectivity_technology\">\n<td class=\"a-span3\"><span class=\"a-size-base a-text-bold\">Konnektivit\u00e4tstechnologie<\/span><\/td>\n<td class=\"a-span9\"><span class=\"a-size-base po-break-word\">USB<\/span><\/td>\n<\/tr>\n<tr class=\"a-spacing-small po-connector_type\">\n<td class=\"a-span3\"><span class=\"a-size-base a-text-bold\">Steckverbindertyp<\/span><\/td>\n<td class=\"a-span9\"><span class=\"a-size-base po-break-word\">USB Typ C<\/span><\/td>\n<\/tr>\n<tr class=\"a-spacing-small po-compatible_devices\">\n<td class=\"a-span3\"><span class=\"a-size-base a-text-bold\">Kompatible Ger\u00e4te<\/span><\/td>\n<td class=\"a-span9\"><span class=\"a-size-base po-break-word\">Handys<\/span><\/td>\n<\/tr>\n<tr class=\"a-spacing-small po-compatible_phone_models\">\n<td class=\"a-span3\"><span class=\"a-size-base a-text-bold\">Kompatible Telefonmodelle<\/span><\/td>\n<td class=\"a-span9\"><span class=\"a-size-base po-break-word\">iPhone, Samsung<\/span><\/td>\n<\/tr>\n<tr class=\"a-spacing-small po-special_feature\">\n<td class=\"a-span3\"><span class=\"a-size-base a-text-bold\">Besonderes Merkmal<\/span><\/td>\n<td class=\"a-span9\"><span class=\"a-size-base po-break-word\">Universal<\/span><\/td>\n<\/tr>\n<tr class=\"a-spacing-small po-color\">\n<td class=\"a-span3\"><span class=\"a-size-base a-text-bold\">Farbe<\/span><\/td>\n<td class=\"a-span9\"><span class=\"a-size-base po-break-word\">Weiss<\/span><\/td>\n<\/tr>\n<tr class=\"a-spacing-small po-wattage\">\n<td class=\"a-span3\"><span class=\"a-size-base a-text-bold\">Wattzahl<\/span><\/td>\n<td class=\"a-span9\"><span class=\"a-size-base po-break-word\">20 Watt<\/span><\/td>\n<\/tr>\n<tr class=\"a-spacing-small po-number_of_items\">\n<td class=\"a-span3\"><span class=\"a-size-base a-text-bold\">Anzahl der Artikel<\/span><\/td>\n<td class=\"a-span9\"><span class=\"a-size-base po-break-word\">1<\/span><\/td>\n<\/tr>\n<tr class=\"a-spacing-small po-specification_met\">\n<td class=\"a-span3\"><span class=\"a-size-base a-text-bold\">Spezifikation erf\u00fcllt<\/span><\/td>\n<td class=\"a-span9\"><span class=\"a-size-base po-break-word\">CE, RoHS<\/span><\/td>\n<\/tr>\n<\/tbody>\n<\/table>","protected":false},"excerpt":{"rendered":"<h2><span style=\"font-size: 75%;\">USB-C Ladeger\u00e4t f\u00fcr iPhone 15\/15 Pro\/15 Pro Max\/15 Plus, 20W Schnellladeger\u00e4t mit 1M USB-C Ladekabel Schnellladekabel<\/span><\/h2>\n<p>Hersteller: N\/A<\/p>\n<ul>\n<li>Leistung: 20W<\/li>\n<li>Anschluss: USB-C<\/li>\n<li><span class=\"a-list-item\">Kompatible Ger\u00e4te: <strong>iPhone15 &amp; 16 series<\/strong><\/span><\/li>\n<\/ul>\n<ul class=\"a-unordered-list a-vertical a-spacing-mini\">\n<li><span class=\"a-list-item\">\u26a1<\/span><span class=\"a-list-item\"><strong>20W iPhone Schnellladeger\u00e4t:<\/strong>\u00a0 20W USB-C Ladeger\u00e4t mit 1m Ladekabel, Plug-and-play. Das USB-C Schnellladeger\u00e4t kann das iPhone\/Pad von 0 bis 50% in nur 30min aufladen,\u00a0<\/span><\/li>\n<li><span class=\"a-list-item\">\u26a1<strong>Sicherer &amp; Zuverl\u00e4ssiger Schutz:<\/strong> Mit seinem internen Smart Chip passt der Typ-C PD Ladestecker den Strom automatisch an die Bed\u00fcrfnisse Ihres Ger\u00e4ts an. Der \u00dcberstrom-, \u00dcberspannungs- und Kurzschlussschutz sch\u00fctzt Ihr Ger\u00e4t effektiv vor Sch\u00e4den und sorgt f\u00fcr sicheres Laden \u00fcber Nacht.<\/span><\/li>\n<li><strong>Lieferumfang:<\/strong> 1x 20W USB-C Schnellladeger\u00e4t und 1 x 1m USB-C auf USB-C Ladekabel<\/li>\n<\/ul>","protected":false},"featured_media":358,"comment_status":"open","ping_status":"closed","template":"","meta":[],"product_brand":[],"product_cat":[60,61,62,63,19,20],"product_tag":[55,40,41],"class_list":{"0":"post-152","1":"product","2":"type-product","3":"status-publish","4":"has-post-thumbnail","6":"product_cat-iphone-15-plus-zubehoer","7":"product_cat-iphone-15-pro-max-zubehoer","8":"product_cat-iphone-15-pro-zubehoer","9":"product_cat-iphone-15-zubehoer","10":"product_cat-iphone-ladegeraet","11":"product_cat-iphone-ladekabel","12":"product_tag-20w","13":"product_tag-ladegeraet","14":"product_tag-ladekabel","16":"first","17":"instock","18":"sale","19":"taxable","20":"shipping-taxable","21":"purchasable","22":"product-type-simple"},"_links":{"self":[{"href":"https:\/\/swisscover.li\/fr\/wp-json\/wp\/v2\/product\/152","targetHints":{"allow":["GET"]}}],"collection":[{"href":"https:\/\/swisscover.li\/fr\/wp-json\/wp\/v2\/product"}],"about":[{"href":"https:\/\/swisscover.li\/fr\/wp-json\/wp\/v2\/types\/product"}],"replies":[{"embeddable":true,"href":"https:\/\/swisscover.li\/fr\/wp-json\/wp\/v2\/comments?post=152"}],"wp:featuredmedia":[{"embeddable":true,"href":"https:\/\/swisscover.li\/fr\/wp-json\/wp\/v2\/media\/358"}],"wp:attachment":[{"href":"https:\/\/swisscover.li\/fr\/wp-json\/wp\/v2\/media?parent=152"}],"wp:term":[{"taxonomy":"product_brand","embeddable":true,"href":"https:\/\/swisscover.li\/fr\/wp-json\/wp\/v2\/product_brand?post=152"},{"taxonomy":"product_cat","embeddable":true,"href":"https:\/\/swisscover.li\/fr\/wp-json\/wp\/v2\/product_cat?post=152"},{"taxonomy":"product_tag","embeddable":true,"href":"https:\/\/swisscover.li\/fr\/wp-json\/wp\/v2\/product_tag?post=152"}],"curies":[{"name":"wp","href":"https:\/\/api.w.org\/{rel}","templated":true}]}}