{"id":151,"date":"2025-11-02T21:58:20","date_gmt":"2025-11-02T21:58:20","guid":{"rendered":"https:\/\/swisscover.li\/?post_type=product&#038;p=151"},"modified":"2025-11-02T21:59:09","modified_gmt":"2025-11-02T21:59:09","slug":"all-in-one-mikrofaser-display-reiniger","status":"publish","type":"product","link":"https:\/\/swisscover.li\/fr\/product\/all-in-one-mikrofaser-display-reiniger\/","title":{"rendered":"All-in-One Mikrofaser Display Reiniger"},"content":{"rendered":"<h1 class=\"title\"><span style=\"font-size: 75%;\">All-in-One Mikrofaser Display Reiniger Spray Bildschirmreiniger<\/span><\/h1>\n<p>Der 2-in-1-Anti-Fingerabdruck-Bildschirmreiniger kann \u00fcberall f\u00fcr den schnellen Gebrauch aufbewahrt werden \u2013 in Ihrer Handtasche, Ihrem Auto, Ihrem Rucksack \u2013 die M\u00f6glichkeiten sind endlos!Die transparente Abdeckung sch\u00fctzt das langlebige Mikrofaser-Reinigungstuch und die integrierte Spr\u00fchflasche.<\/p>","protected":false},"excerpt":{"rendered":"<h2><span style=\"font-size: 75%;\">2 in 1 Fingerabdruck fester Bildschirmreiniger, Reinigungsspray f\u00fcr tragbare Telefone Mikrofaser<\/span><\/h2>\n<ul>\n<li>Einfach aufs Display spr\u00fchen &amp; mit dem Mikrofasergeh\u00e4use abziehen<\/li>\n<li>Hochdichtes Mikrofasertuch hat eine optimale Reinigungskraft<\/li>\n<li>Kann mit handels\u00fcblichen Displayreiniger nachgef\u00fcllt werden<\/li>\n<li>Entfernt schonend Fingerabdr\u00fccke, Staub und Verschmutzung<\/li>\n<li>Menge: 10ml Flasche<\/li>\n<\/ul>\n<ul class=\"a-unordered-list a-vertical a-spacing-mini\">\n<li><span class=\"a-list-item\">Lieferumfang &#8211; 1x Bildschirmreiniger in der Farbe Grau (mit Inhalt)<\/span><\/li>\n<\/ul>","protected":false},"featured_media":208,"comment_status":"open","ping_status":"closed","template":"","meta":[],"product_brand":[],"product_cat":[51,19,52,18],"product_tag":[53,54],"class_list":{"0":"post-151","1":"product","2":"type-product","3":"status-publish","4":"has-post-thumbnail","6":"product_cat-hygieneartikel","7":"product_cat-iphone-ladegeraet","8":"product_cat-spielzeug-accessoires-zubehoer","9":"product_cat-zubehoer","10":"product_tag-bildschirmreiniger","11":"product_tag-mikrofaser","13":"first","14":"instock","15":"taxable","16":"shipping-taxable","17":"purchasable","18":"product-type-simple"},"_links":{"self":[{"href":"https:\/\/swisscover.li\/fr\/wp-json\/wp\/v2\/product\/151","targetHints":{"allow":["GET"]}}],"collection":[{"href":"https:\/\/swisscover.li\/fr\/wp-json\/wp\/v2\/product"}],"about":[{"href":"https:\/\/swisscover.li\/fr\/wp-json\/wp\/v2\/types\/product"}],"replies":[{"embeddable":true,"href":"https:\/\/swisscover.li\/fr\/wp-json\/wp\/v2\/comments?post=151"}],"wp:featuredmedia":[{"embeddable":true,"href":"https:\/\/swisscover.li\/fr\/wp-json\/wp\/v2\/media\/208"}],"wp:attachment":[{"href":"https:\/\/swisscover.li\/fr\/wp-json\/wp\/v2\/media?parent=151"}],"wp:term":[{"taxonomy":"product_brand","embeddable":true,"href":"https:\/\/swisscover.li\/fr\/wp-json\/wp\/v2\/product_brand?post=151"},{"taxonomy":"product_cat","embeddable":true,"href":"https:\/\/swisscover.li\/fr\/wp-json\/wp\/v2\/product_cat?post=151"},{"taxonomy":"product_tag","embeddable":true,"href":"https:\/\/swisscover.li\/fr\/wp-json\/wp\/v2\/product_tag?post=151"}],"curies":[{"name":"wp","href":"https:\/\/api.w.org\/{rel}","templated":true}]}}