{"id":150,"date":"2025-11-02T21:58:20","date_gmt":"2025-11-02T21:58:20","guid":{"rendered":"https:\/\/swisscover.li\/?post_type=product&#038;p=150"},"modified":"2025-11-02T21:59:05","modified_gmt":"2025-11-02T21:59:05","slug":"usb-c-auf-lightning-mini-konverter-adapter-weiss","status":"publish","type":"product","link":"https:\/\/swisscover.li\/fr\/product\/usb-c-auf-lightning-mini-konverter-adapter-weiss\/","title":{"rendered":"USB C auf Lightning Mini Konverter Adapter &#8211; Weiss"},"content":{"rendered":"<h1><span style=\"font-size: 75%;\">USB C auf Lightning Mini Konverter Adapter<\/span><\/h1>\n<ul>\n<li>Farbe: Weiss<\/li>\n<\/ul>\n<p>Technische Daten:<\/p>\n<ul>\n<li>Schnittstelle: USB C<strong><br \/>\n<\/strong><\/li>\n<li>Anschluss: Lightning<\/li>\n<li>Daten\u00fcbertragung: Ja<\/li>\n<\/ul>\n<p>lightning auf usb c konverter \/ usb-c auf lightning kabel kurz \/ lightning auf usb-c adapter<\/p>","protected":false},"excerpt":{"rendered":"<p><strong>USB 3.1 Typ-C auf Lightning\u00a0Adapter:<\/strong><\/p>\n<ul>\n<li><strong>USB C auf Lightning\u00a0Adapter\u00a0<\/strong><\/li>\n<li><strong>Passend f\u00fcr alle Ger\u00e4te mit Lightning Anschluss<\/strong><\/li>\n<\/ul>\n<p>Der\u00a0<strong>USB C Adapter<\/strong>\u00a0macht aus Deinem USB C<strong>\u00a0<\/strong>Anschluss einen Apple Lightning Anschluss. Der kleine, handliche Adapter passt perfekt zu Deinem USB C Ladekabel und s\u00e4mtlichen anderen Ger\u00e4ten mit Lightning Anschluss. Einfach anschliessen und Deine Lightning Ger\u00e4te auch mit Deinem USB-C Kabeln aufladen.<\/p>\n<p><strong>HINWEIS:<\/strong>\u00a0Eine Audio\u00fcbertragung wird von diesem Adapter nicht unterst\u00fctzt.\u00a0Dieser Adapter ist nicht mit USB-C auf USB-C Ladekabeln kompatibel. Es k\u00f6nnen jedoch alle USB-A auf USB-C Ladekabel genutzt werden.<\/p>\n<ul>\n<li>Lieferumfang: 1 x USB C auf Lightning Mini Konverter Adapter &#8211; Weiss<\/li>\n<\/ul>","protected":false},"featured_media":206,"comment_status":"closed","ping_status":"closed","template":"","meta":[],"product_brand":[],"product_cat":[17,19],"product_tag":[50],"class_list":{"0":"post-150","1":"product","2":"type-product","3":"status-publish","4":"has-post-thumbnail","6":"product_cat-apple","7":"product_cat-iphone-ladegeraet","8":"product_tag-usb-c-auf-lightning","10":"first","11":"instock","12":"sale","13":"taxable","14":"shipping-taxable","15":"purchasable","16":"product-type-simple"},"_links":{"self":[{"href":"https:\/\/swisscover.li\/fr\/wp-json\/wp\/v2\/product\/150","targetHints":{"allow":["GET"]}}],"collection":[{"href":"https:\/\/swisscover.li\/fr\/wp-json\/wp\/v2\/product"}],"about":[{"href":"https:\/\/swisscover.li\/fr\/wp-json\/wp\/v2\/types\/product"}],"replies":[{"embeddable":true,"href":"https:\/\/swisscover.li\/fr\/wp-json\/wp\/v2\/comments?post=150"}],"wp:featuredmedia":[{"embeddable":true,"href":"https:\/\/swisscover.li\/fr\/wp-json\/wp\/v2\/media\/206"}],"wp:attachment":[{"href":"https:\/\/swisscover.li\/fr\/wp-json\/wp\/v2\/media?parent=150"}],"wp:term":[{"taxonomy":"product_brand","embeddable":true,"href":"https:\/\/swisscover.li\/fr\/wp-json\/wp\/v2\/product_brand?post=150"},{"taxonomy":"product_cat","embeddable":true,"href":"https:\/\/swisscover.li\/fr\/wp-json\/wp\/v2\/product_cat?post=150"},{"taxonomy":"product_tag","embeddable":true,"href":"https:\/\/swisscover.li\/fr\/wp-json\/wp\/v2\/product_tag?post=150"}],"curies":[{"name":"wp","href":"https:\/\/api.w.org\/{rel}","templated":true}]}}