{"id":146,"date":"2025-11-02T21:58:20","date_gmt":"2025-11-02T21:58:20","guid":{"rendered":"https:\/\/swisscover.li\/?post_type=product&#038;p=146"},"modified":"2025-11-02T21:58:52","modified_gmt":"2025-11-02T21:58:52","slug":"3-in-1-nylon-mehrfach-universal-ladekabel","status":"publish","type":"product","link":"https:\/\/swisscover.li\/fr\/product\/3-in-1-nylon-mehrfach-universal-ladekabel\/","title":{"rendered":"3 in 1 Nylon Mehrfach Universal Ladekabel"},"content":{"rendered":"<h2><span style=\"font-size: 80%;\">Dux Ducis &#8211; (1.25m) 3in1 USB Ladekabel Nylon Geflecht &#8211; Apple Lightning \/ Micro USB \/ USB C &#8211; Schwarz \/ Weiss<\/span><\/h2>\n<p>&nbsp;<\/p>\n<h3 class=\"a-spacing-mini\">Produktbeschreibung\uff1a<\/h3>\n<ul class=\"a-unordered-list a-vertical\">\n<li><span class=\"a-list-item\">Name: 3 in 1 Multi USB Kabel<\/span><\/li>\n<li><span class=\"a-list-item\">Farbe: Schwarz+Wei\u00df<\/span><\/li>\n<li><span class=\"a-list-item\">Material: Aluminiumlegierung und Nylon<\/span><\/li>\n<li><span class=\"a-list-item\">Anwendung: Phone port,Micro port,Typ-C port.<\/span><\/li>\n<li><span class=\"a-list-item\">L\u00e4nge: 1.2 M<\/span><\/li>\n<li><span class=\"a-list-item\">HINWEIS: Unterst\u00fctzt keine Daten\u00fcbertragung!<\/span><\/li>\n<\/ul>\n<p><strong>Kompatibel mit:<\/strong><\/p>\n<ul type=\"disc\">\n<li>iPad, iPhone und allen iPod-Modellen mit Lightning Dock-Anschluss<\/li>\n<li>Alle Ger\u00e4te mit Micro USB Anschluss wie z. B. Samsung, HTC, Sony, Nokia, LG, usw.<\/li>\n<li>Alle Ger\u00e4te mit USB-C Anschluss wie z.B. Samsung, HTC, OnePlus, Microsoft, usw.<\/li>\n<\/ul>","protected":false},"excerpt":{"rendered":"<ul type=\"disc\">\n<li>Farbe: Schwarz<\/li>\n<li>Hersteller: Dux Ducis<\/li>\n<li>L\u00e4nge: ca. 125 cm<\/li>\n<\/ul>\n<ul class=\"a-unordered-list a-vertical a-spacing-mini\">\n<li><span class=\"a-list-item\">\u30103IN1 Universal Ladekabel\u3011Multi USB kabel Kann dir das leben leichter machen. Ein Multi Ladekabel kann Ihre drei unterschiedlichen Anforderungen erf\u00fcllen &#8211; ein Multifunktions Ladekabel mit iP, Micro USB, USB Typ C Verbindung. Sie m\u00fcssen keine anderen Kabel mit sich f\u00fchren.<\/span><\/li>\n<\/ul>\n<p>Lieferumfang: 1 x Dux Ducis &#8211; 3in1 USB Ladekabel Nylon Geflecht &#8211; Apple Lightning \/ Micro USB \/ USB C 1.25m &#8211; Schwarz \/ Weiss<\/p>\n<h5><\/h5>","protected":false},"featured_media":195,"comment_status":"open","ping_status":"closed","template":"","meta":[],"product_brand":[],"product_cat":[19,21,22,23,24,18],"product_tag":[46,47],"class_list":{"0":"post-146","1":"product","2":"type-product","3":"status-publish","4":"has-post-thumbnail","6":"product_cat-iphone-ladegeraet","7":"product_cat-iphone-6s-plus-zubehoer","8":"product_cat-iphone-6s-zubehoer","9":"product_cat-iphone-7-8-plus-zubehoer","10":"product_cat-iphone-7-8-zubehoer","11":"product_cat-zubehoer","12":"product_tag-multi-usb-kabel","13":"product_tag-universal-ladekabel","15":"first","16":"outofstock","17":"sale","18":"taxable","19":"shipping-taxable","20":"purchasable","21":"product-type-simple"},"_links":{"self":[{"href":"https:\/\/swisscover.li\/fr\/wp-json\/wp\/v2\/product\/146","targetHints":{"allow":["GET"]}}],"collection":[{"href":"https:\/\/swisscover.li\/fr\/wp-json\/wp\/v2\/product"}],"about":[{"href":"https:\/\/swisscover.li\/fr\/wp-json\/wp\/v2\/types\/product"}],"replies":[{"embeddable":true,"href":"https:\/\/swisscover.li\/fr\/wp-json\/wp\/v2\/comments?post=146"}],"wp:featuredmedia":[{"embeddable":true,"href":"https:\/\/swisscover.li\/fr\/wp-json\/wp\/v2\/media\/195"}],"wp:attachment":[{"href":"https:\/\/swisscover.li\/fr\/wp-json\/wp\/v2\/media?parent=146"}],"wp:term":[{"taxonomy":"product_brand","embeddable":true,"href":"https:\/\/swisscover.li\/fr\/wp-json\/wp\/v2\/product_brand?post=146"},{"taxonomy":"product_cat","embeddable":true,"href":"https:\/\/swisscover.li\/fr\/wp-json\/wp\/v2\/product_cat?post=146"},{"taxonomy":"product_tag","embeddable":true,"href":"https:\/\/swisscover.li\/fr\/wp-json\/wp\/v2\/product_tag?post=146"}],"curies":[{"name":"wp","href":"https:\/\/api.w.org\/{rel}","templated":true}]}}