{"id":145,"date":"2025-11-02T21:58:19","date_gmt":"2025-11-02T21:58:19","guid":{"rendered":"https:\/\/swisscover.li\/?post_type=product&#038;p=145"},"modified":"2025-11-02T21:58:44","modified_gmt":"2025-11-02T21:58:44","slug":"25w-usb-c-super-fast-charging-netzteil","status":"publish","type":"product","link":"https:\/\/swisscover.li\/fr\/product\/25w-usb-c-super-fast-charging-netzteil\/","title":{"rendered":"(25W) Adaptateur secteur USB C Super Fast Charging"},"content":{"rendered":"<h4 id=\"title\" class=\"a-size-large a-spacing-none\"><span id=\"productTitle\" class=\"a-size-large product-title-word-break\" style=\"font-size: 100%;\">25W Usb C Fast Charge Schnellladger\u00e4t mit Usb C Ladekabel Netzteil Power Delivery PPS<\/span><\/h4>\n<p>&nbsp;<\/p>\n<h4 id=\"a-popover-header-4\" class=\"a-popover-header-content\">Kompatible Ger\u00e4te:<\/h4>\n<p>Samsung Galaxy S22, Galaxy S21 | S21+ | S21 Ultra, Galaxy S20 | S20+ | S20 Ultra | S20 FE 5G, Galaxy S10 S10E, A50 A70 EE A80<\/p>\n<p>Samsung Galaxy S21\/ S21 Ultra\/S21 Plus\/S20\/Note 20 Ultra\/Note 10 Note10+\/S20+\/S20 Ultra,S10\/S10e\/S9\/S8, 2021\/2020\/2018 iPad<\/p>","protected":false},"excerpt":{"rendered":"<p>&nbsp;<\/p>\n<h3><strong><span style=\"font-size: 100%;\">Details<\/span><\/strong><\/h3>\n<p>Hersteller: N\/A<\/p>\n<p>Farbe: Schwarz<\/p>\n<ul class=\"a-unordered-list a-vertical a-spacing-mini\">\n<li><span class=\"a-list-item\">Super Schnellladefunktion \u00fcber USB Type-C PD 3.0 mit PPS und lade deine kompatiblen Ger\u00e4te mit bis zu 25 Watt schnell wieder auf<\/span><\/li>\n<li><span class=\"a-list-item\">Unterst\u00fctzt Super Schnellladen mit bis zu 25 Watt Usb Power Delivery, PPS, Quickcharge<\/span><\/li>\n<li><span class=\"a-list-item\">Der Schnellladeadapter l\u00e4dt verschiedene Android-Ger\u00e4te und kompatible Ger\u00e4te mit anderen Betriebssystemen gleichermassen auf.<\/span><\/li>\n<li><span class=\"a-list-item\">USB Type-C auf USB Type-C Kabel zum Aufladen und Synchronisieren im Lieferumfang<\/span><\/li>\n<li><strong>Optimiert f\u00fcr aktuelle Samsung- und Apple-Smartphones, liefert bis 25 W f\u00fcr Samsung und bis 20 W f\u00fcr iPhones<\/strong><\/li>\n<\/ul>\n<p>&nbsp;<\/p>\n<ul class=\"a-unordered-list a-vertical a-spacing-mini\">\n<li><span class=\"a-list-item\"><strong>Lieferumfang:\u00a0<\/strong> 1x 25W Ladeger\u00e4t, 1x USB C Ladekabel<\/span><\/li>\n<\/ul>\n<section><\/section>","protected":false},"featured_media":184,"comment_status":"open","ping_status":"closed","template":"","meta":[],"product_brand":[],"product_cat":[19,18],"product_tag":[45,40],"class_list":{"0":"post-145","1":"product","2":"type-product","3":"status-publish","4":"has-post-thumbnail","6":"product_cat-iphone-ladegeraet","7":"product_cat-zubehoer","8":"product_tag-25w-usb-c","9":"product_tag-ladegeraet","11":"first","12":"instock","13":"sale","14":"taxable","15":"shipping-taxable","16":"purchasable","17":"product-type-simple"},"_links":{"self":[{"href":"https:\/\/swisscover.li\/fr\/wp-json\/wp\/v2\/product\/145","targetHints":{"allow":["GET"]}}],"collection":[{"href":"https:\/\/swisscover.li\/fr\/wp-json\/wp\/v2\/product"}],"about":[{"href":"https:\/\/swisscover.li\/fr\/wp-json\/wp\/v2\/types\/product"}],"replies":[{"embeddable":true,"href":"https:\/\/swisscover.li\/fr\/wp-json\/wp\/v2\/comments?post=145"}],"wp:featuredmedia":[{"embeddable":true,"href":"https:\/\/swisscover.li\/fr\/wp-json\/wp\/v2\/media\/184"}],"wp:attachment":[{"href":"https:\/\/swisscover.li\/fr\/wp-json\/wp\/v2\/media?parent=145"}],"wp:term":[{"taxonomy":"product_brand","embeddable":true,"href":"https:\/\/swisscover.li\/fr\/wp-json\/wp\/v2\/product_brand?post=145"},{"taxonomy":"product_cat","embeddable":true,"href":"https:\/\/swisscover.li\/fr\/wp-json\/wp\/v2\/product_cat?post=145"},{"taxonomy":"product_tag","embeddable":true,"href":"https:\/\/swisscover.li\/fr\/wp-json\/wp\/v2\/product_tag?post=145"}],"curies":[{"name":"wp","href":"https:\/\/api.w.org\/{rel}","templated":true}]}}