{"id":144,"date":"2025-11-02T21:58:19","date_gmt":"2025-11-02T21:58:19","guid":{"rendered":"https:\/\/swisscover.li\/?post_type=product&#038;p=144"},"modified":"2025-11-02T21:58:36","modified_gmt":"2025-11-02T21:58:36","slug":"ladegeraet-5w-usb-power-delivery-adapter","status":"publish","type":"product","link":"https:\/\/swisscover.li\/fr\/product\/ladegeraet-5w-usb-power-delivery-adapter\/","title":{"rendered":"Ladeger\u00e4t &#8211; 5W USB  Power Delivery Adapter"},"content":{"rendered":"<h1><span style=\"font-size: 75%;\"><strong>Ladeger\u00e4t &#8211; 5W USB Power Delivery Adapter<\/strong><\/span><\/h1>\n<h5 id=\"title\" class=\"a-size-large a-spacing-none\"><span id=\"productTitle\" class=\"a-size-large product-title-word-break\" style=\"font-size: 100%;\">Ladeger\u00e4t &#8211; Steckdosenadapter &#8211; Stecker 5w-1A Universal &#8211; Kompatibel mit Smartphone, Tablet, Kamera, MP3 etc. auf Euro-Steckdose<\/span><\/h5>\n<section class=\"crossselling-product clearfix mt-3\">\n<div class=\"tt-titletab\">\n<table class=\"a-normal a-spacing-micro\">\n<tbody>\n<tr class=\"a-spacing-small po-compatible_devices\">\n<td class=\"a-span3\"><span class=\"a-size-base a-text-bold\">Kompatible Ger\u00e4te<\/span><\/td>\n<td class=\"a-span9\"><span class=\"a-size-base\">Tablets, Handys<\/span><\/td>\n<\/tr>\n<tr class=\"a-spacing-small po-compatible_phone_models\">\n<td class=\"a-span3\"><span class=\"a-size-base a-text-bold\">Kompatible Telefonmodelle<\/span><\/td>\n<td class=\"a-span9\"><span class=\"a-size-base\">Apple iPhone XS<\/span><\/td>\n<\/tr>\n<tr class=\"a-spacing-small po-connectivity_technology\">\n<td class=\"a-span3\"><span class=\"a-size-base a-text-bold\">Konnektivit\u00e4tstechnologie<\/span><\/td>\n<td class=\"a-span9\"><span class=\"a-size-base\">USB<\/span><\/td>\n<\/tr>\n<tr class=\"a-spacing-small po-connector_type\">\n<td class=\"a-span3\"><span class=\"a-size-base a-text-bold\">Anschlusstyp<\/span><\/td>\n<td class=\"a-span9\"><span class=\"a-size-base\">USB<\/span><\/td>\n<\/tr>\n<\/tbody>\n<\/table>\n<ul class=\"a-unordered-list a-vertical a-spacing-mini\">\n<li><span class=\"a-list-item\">STROMSTECKER &#8211; Laden Sie Ihr elektronisches Ger\u00e4t schnell und sicher mit diesem kompakten Stromstecker auf. Der schmale Stromadapter kann Sie \u00fcberallhin begleiten.<\/span><\/li>\n<li><span class=\"a-list-item\">UNIVERSELL &#8211; Kompatibel mit allen USB-A Ladekabeln, z.B. aus dem Lieferumfang Ihres Smartphone, Handy, Kamera, MP3 usw.<\/span><\/li>\n<li><span class=\"a-list-item\">KONTROLLIERT &#8211; Unsere Power Stecker werden von uns in hoher Regelm\u00e4\u00dfigkeit kontrolliert und sind mit einem \u00dcberladungs-, \u00dcberspannungs- und \u00dcberhitzungsschutz ausgestattet.<\/span><\/li>\n<li><span class=\"a-list-item\">PLUG &amp; PLAY &#8211; Verbinden Sie Ihr Kabel einfach mit unserem Netzteil und laden das Ger\u00e4t ihrer Wahl.<\/span><\/li>\n<li><span class=\"a-list-item\">DESIGN \u2013 USB Netzteil in Tolle Ultra-Slim Optik mit Farbe: Hochglanz weiss<\/span><\/li>\n<\/ul>\n<h2><span style=\"font-size: 75%;\">1x Ladeger\u00e4t &#8211; 5W USB Power Delivery Adapter<\/span><\/h2>\n<\/div>\n<\/section>","protected":false},"excerpt":{"rendered":"<p>&nbsp;<\/p>\n<h3><strong><span style=\"font-size: 100%;\">Details<\/span><\/strong><\/h3>\n<p>Hersteller: N\/A<\/p>\n<ul>\n<li><span class=\"a-list-item\">Stecker f\u00fcr USB-A Ladekabel zum Laden an EU-Steckdosen (100-240 Volt, 1000mA)<\/span><\/li>\n<li><span class=\"a-list-item\">Kompatibel mit USB-A Ladekabeln von Smartphone, Handy, Tablet, Kamera, MP3-Player, E-Book-Reader etc.<\/span><\/li>\n<li><span class=\"a-list-item\">Integrierter Ladekontrolle f\u00fcr \u00dcberladungs-, \u00dcberspannungs- und \u00dcberhitzungsschutz<\/span><\/li>\n<li><span class=\"a-list-item\">Kompaktes Ultra-Slim-Design (69 x 35 x 14 mm), reise freundlich leicht (22 g), Hochglanz-Wei\u00df<\/span><\/li>\n<li><span class=\"a-list-item\">Lieferumfang: 1 x Adapter von USB-A<\/span><\/li>\n<\/ul>\n<section><\/section>","protected":false},"featured_media":182,"comment_status":"open","ping_status":"closed","template":"","meta":[],"product_brand":[],"product_cat":[19,18],"product_tag":[42,40,43,44],"class_list":{"0":"post-144","1":"product","2":"type-product","3":"status-publish","4":"has-post-thumbnail","6":"product_cat-iphone-ladegeraet","7":"product_cat-zubehoer","8":"product_tag-5v","9":"product_tag-ladegeraet","10":"product_tag-ladegeraet-5w-usb","11":"product_tag-stecker-5v","13":"first","14":"instock","15":"sale","16":"taxable","17":"shipping-taxable","18":"purchasable","19":"product-type-simple"},"_links":{"self":[{"href":"https:\/\/swisscover.li\/fr\/wp-json\/wp\/v2\/product\/144","targetHints":{"allow":["GET"]}}],"collection":[{"href":"https:\/\/swisscover.li\/fr\/wp-json\/wp\/v2\/product"}],"about":[{"href":"https:\/\/swisscover.li\/fr\/wp-json\/wp\/v2\/types\/product"}],"replies":[{"embeddable":true,"href":"https:\/\/swisscover.li\/fr\/wp-json\/wp\/v2\/comments?post=144"}],"wp:featuredmedia":[{"embeddable":true,"href":"https:\/\/swisscover.li\/fr\/wp-json\/wp\/v2\/media\/182"}],"wp:attachment":[{"href":"https:\/\/swisscover.li\/fr\/wp-json\/wp\/v2\/media?parent=144"}],"wp:term":[{"taxonomy":"product_brand","embeddable":true,"href":"https:\/\/swisscover.li\/fr\/wp-json\/wp\/v2\/product_brand?post=144"},{"taxonomy":"product_cat","embeddable":true,"href":"https:\/\/swisscover.li\/fr\/wp-json\/wp\/v2\/product_cat?post=144"},{"taxonomy":"product_tag","embeddable":true,"href":"https:\/\/swisscover.li\/fr\/wp-json\/wp\/v2\/product_tag?post=144"}],"curies":[{"name":"wp","href":"https:\/\/api.w.org\/{rel}","templated":true}]}}