{"id":142,"date":"2025-11-02T21:58:19","date_gmt":"2025-11-02T21:58:19","guid":{"rendered":"https:\/\/swisscover.li\/?post_type=product&#038;p=142"},"modified":"2025-11-02T21:59:16","modified_gmt":"2025-11-02T21:59:16","slug":"20w-usb-c-ladegeraet-mit-1m-ladekabel-2","status":"publish","type":"product","link":"https:\/\/swisscover.li\/fr\/product\/20w-usb-c-ladegeraet-mit-1m-ladekabel-2\/","title":{"rendered":"Chargeur USB C 20W avec c\u00e2ble de charge de 1m"},"content":{"rendered":"<h1><span class=\"a-list-item\" style=\"font-size: 75%;\">Chargeur USB C 20W avec c\u00e2ble de charge de 1m<\/span><\/h1>\n<ul class=\"a-unordered-list a-vertical a-spacing-mini\">\n<li><span class=\"a-list-item\">Universelle Kompatibilit\u00e4t: Das USB-C-Schnellladeger\u00e4t funktioniert mit iPhone 12\/14\/14 Plus\/14 Pro\/14 Pro Max\/12 Mini\/12 Pro\/12 Pro Max\/13\/13 Mini\/13 Pro\/13 Pro Max\/SE 2020\/11\/11 Pro\/11 Pro Max\/XS\/XS Max\/XR\/X8 Plus, Pad Pro. Mit diesen zertifizierten Schnellladeger\u00e4ten k\u00f6nnen Sie Ihr iPhone sicher und zuverl\u00e4ssig schnell aufladen.<\/span><\/li>\n<\/ul>\n<h4 id=\"a-popover-header-2\" class=\"a-popover-header-content\">Kompatible Telefonmodelle:<\/h4>\n<p>IPhone 14\/14 Plus\/14 Pro\/14 Pro Max, IPhone 13\/13 Mini\/13 Pro\/13 Pro Max,IPhone SE 2022\/2020, IPhone 12\/12 Mini\/12 Pro\/12 Pro Max, IPhone 11\/11 Pro\/11 Pro Max, IPhone Xr, \u200eIPhone X\/Xs\/Xs Max, IPhone 8\/8 Plus, iPad Pro\/iPad Air\/iPad\/iPad Mini, etc.<\/p>\n<h3 class=\"a-spacing-mini\">Universelle Kompatibilit\u00e4t<\/h3>\n<p class=\"a-spacing-base\"><span class=\"a-text-bold\">Aufladen mit USB C auf Lightning Kabel (im Lieferumfang enthalten)<\/span><\/p>\n<p class=\"a-spacing-base\">20 W PD Charge f\u00fcr iPhone 13\/13 Pro Max\/12\/12 Pro\/12 Pro Max\/12 Mini\/11\/11 Pro\/11 Pro Max\/XR\/XS\/XS Max\/X\/8\/8 plus, iPhone SE 2022, iPad Pro 1\/2 Gen, iPad Air 5\/4\/3\/2\/1, iPad Mini, neue Airpods Pro<\/p>\n<p class=\"a-spacing-base\">Das Nicht-PD-Ladeger\u00e4t f\u00fcr iPhone 7\/7 plus\/6\/6 plus\/6S\/6S plus\/5\/5s\/5c\/5s, iPad 4\/5, iPad Air 2, iPad Mini 4\/3\/2, iPad Mini Retina , iPod Nano 7, iPod Touch 7\/6\/5<\/p>\n<p class=\"a-spacing-base\"><span class=\"a-text-bold\">Aufladen mit USB C auf USB C Kabel (<span style=\"color: #ed1c24;\">nicht im Lieferumfang enthalten<\/span>)<\/span><\/p>\n<p class=\"a-spacing-base\">12.9 &amp; 11 iPad Pro 2020\/2018<\/p>\n<p class=\"a-spacing-base\">Galaxy S22\/S22 Ultra\/S21\/S21 Ultra\/S21 Plus\/S20 FE\/S20\/Note 20 Ultra\/Note 10\/A71\/A51\/A21s\/A20e, Galaxy Tab S7+\/S6 Lite\/S5e<\/p>","protected":false},"excerpt":{"rendered":"<h2><span style=\"font-size: 75%;\">iPhone Ladekabel 20W USB-C Ladeger\u00e4t, mit 1M Lightning Ladekabel USB-C Power Adapter, iPhone Schnellladeger\u00e4t, Netzteil, iPhone Ladeger\u00e4t f\u00fcr iPhone<\/span><\/h2>\n<p>Hersteller: N\/A<\/p>\n<ul>\n<li>Leistung: 20W<\/li>\n<li>Anschluss: USB-C<\/li>\n<\/ul>\n<ul class=\"a-unordered-list a-vertical a-spacing-mini\">\n<li><span class=\"a-list-item\">\u26a120W iPhone Schnellladeger\u00e4t:\u00a0 20W USB C Ladeger\u00e4t mit 1m Ladekabel, Plug and Play.Das USB C Schnellladeger\u00e4t kann das Phone\/Pad von 0 bis 50% in nur 30min aufladen, 3x schneller als das originale 5W Ladeger\u00e4t. Was bedeutet, dass Sie keine Zeit mit dem Laden verschwenden m\u00fcssen.<\/span><\/li>\n<li><span class=\"a-list-item\">\u26a1Sicherer &amp; Zuverl\u00e4ssiger Schutz: Mit seinem internen Smart Chip passt der Typ-C PD Ladestecker den Strom automatisch an die Bed\u00fcrfnisse Ihres Ger\u00e4ts an. Der \u00dcberstrom-, \u00dcberspannungs- und Kurzschlussschutz sch\u00fctzt Ihr Ger\u00e4t effektiv vor Sch\u00e4den und sorgt f\u00fcr sicheres Laden \u00fcber Nacht.<\/span><\/li>\n<li><strong>Lieferumfang:<\/strong> 1 x 20W USB-C Ladeger\u00e4t mit 1m Ladekabel<\/li>\n<\/ul>\n<div id=\"gtx-trans\" style=\"position: absolute; left: 243px; top: 260.328px;\">\n<div class=\"gtx-trans-icon\"><\/div>\n<\/div>","protected":false},"featured_media":218,"comment_status":"open","ping_status":"closed","template":"","meta":[],"product_brand":[],"product_cat":[19,20],"product_tag":[55,40,41],"class_list":{"0":"post-142","1":"product","2":"type-product","3":"status-publish","4":"has-post-thumbnail","6":"product_cat-iphone-ladegeraet","7":"product_cat-iphone-ladekabel","8":"product_tag-20w","9":"product_tag-ladegeraet","10":"product_tag-ladekabel","12":"first","13":"instock","14":"sale","15":"taxable","16":"shipping-taxable","17":"purchasable","18":"product-type-simple"},"_links":{"self":[{"href":"https:\/\/swisscover.li\/fr\/wp-json\/wp\/v2\/product\/142","targetHints":{"allow":["GET"]}}],"collection":[{"href":"https:\/\/swisscover.li\/fr\/wp-json\/wp\/v2\/product"}],"about":[{"href":"https:\/\/swisscover.li\/fr\/wp-json\/wp\/v2\/types\/product"}],"replies":[{"embeddable":true,"href":"https:\/\/swisscover.li\/fr\/wp-json\/wp\/v2\/comments?post=142"}],"wp:featuredmedia":[{"embeddable":true,"href":"https:\/\/swisscover.li\/fr\/wp-json\/wp\/v2\/media\/218"}],"wp:attachment":[{"href":"https:\/\/swisscover.li\/fr\/wp-json\/wp\/v2\/media?parent=142"}],"wp:term":[{"taxonomy":"product_brand","embeddable":true,"href":"https:\/\/swisscover.li\/fr\/wp-json\/wp\/v2\/product_brand?post=142"},{"taxonomy":"product_cat","embeddable":true,"href":"https:\/\/swisscover.li\/fr\/wp-json\/wp\/v2\/product_cat?post=142"},{"taxonomy":"product_tag","embeddable":true,"href":"https:\/\/swisscover.li\/fr\/wp-json\/wp\/v2\/product_tag?post=142"}],"curies":[{"name":"wp","href":"https:\/\/api.w.org\/{rel}","templated":true}]}}