{"id":141,"date":"2025-11-02T21:58:19","date_gmt":"2025-11-02T21:58:19","guid":{"rendered":"https:\/\/swisscover.li\/?post_type=product&#038;p=141"},"modified":"2025-11-02T21:58:29","modified_gmt":"2025-11-02T21:58:29","slug":"20w-usb-c-power-adapter-ladegeraet","status":"publish","type":"product","link":"https:\/\/swisscover.li\/fr\/product\/20w-usb-c-power-adapter-ladegeraet\/","title":{"rendered":"20W USB C Power Adapter &#8211; Ladeger\u00e4t"},"content":{"rendered":"<h1><strong><span style=\"font-size: 75%;\">20W USB C Power Delivery Adapter &#8211; Ladeger\u00e4t \u00a0<\/span><\/strong><\/h1>\n<ul>\n<li><span data-slate-fragment=\"JTVCJTdCJTIydHlwZSUyMiUzQSUyMnBhcmFncmFwaCUyMiUyQyUyMmNoaWxkcmVuJTIyJTNBJTVCJTdCJTIydGV4dCUyMiUzQSUyMiUyMERhcyUyMDIwVyUyMFVTQi1DJTIwUG93ZXIlMjBBZGFwdGVyJTIwTmV0enRlaWwlMjBmJUMzJUJDciUyMGRhcyUyMGlQaG9uZSUyMGlzdCUyMGVpbiUyMHNjaG5lbGxlcyUyMHVuZCUyMGVmZml6aWVudGVzJTIwTGFkZWdlciVDMyVBNHQuJTIwRGFtaXQlMjBrJUMzJUI2bm5lbiUyMFNpZSUyMElociUyMGlQaG9uZSUyMGluJTIwayVDMyVCQ3J6ZXN0ZXIlMjBaZWl0JTIwYXVmbGFkZW4lMjB1bmQlMjBzaW5kJTIwZGFiZWklMjBiZXNvbmRlcnMlMjBlbmVyZ2llZWZmaXppZW50LiUyMiU3RCU1RCU3RCU1RA==\"><span style=\"color: #f99b1c;\"><strong>\u2605 <\/strong><\/span>Das 20W USB-C Power Adapter Netzteil f\u00fcr das iPhone ist ein schnelles und effizientes Ladeger\u00e4t. Damit k\u00f6nnen Sie Ihr iPhone in k\u00fcrzester Zeit aufladen und sind dabei besonders energieeffizient.<\/span><\/li>\n<\/ul>\n<p>Modellkompatibilit\u00e4t:<\/p>\n<p>IPhone\u00a0 16\/15\/14\/14 Plus\/14 Pro\/14 Pro Max, IPhone 13\/13 Mini\/13 Pro\/13 Pro Max,IPhone SE 2022\/2020, IPhone 12\/12 Mini\/12 Pro\/12 Pro Max, IPhone 11\/11 Pro\/11 Pro Max, IPhone Xr, \u200eIPhone X\/Xs\/Xs Max, IPhone 8\/8 Plus, iPad Pro\/iPad Air\/iPad\/iPad Mini, etc.<\/p>\n<p>Farbe: Weiss<\/p>\n<h3><strong><span style=\"font-size: 75%;\">20W USB C Power Delivery Adapter &#8211; Ladeger\u00e4t \u00a0<\/span><\/strong><\/h3>\n<p>Produkttyp: <span style=\"color: #333333; font-size: 14.4px;\">Ladekabel und -Ger\u00e4te , apple usb-c power adapter<\/span><\/p>\n<section class=\"crossselling-product clearfix mt-3\">\n<div class=\"tt-titletab\"><\/div>\n<\/section>\n<div id=\"gtx-trans\" style=\"position: absolute; left: -8px; top: 130.594px;\">\n<div class=\"gtx-trans-icon\"><\/div>\n<\/div>","protected":false},"excerpt":{"rendered":"<h2><span style=\"font-size: 75%;\">20W USB-C Power Adapter (Netzteil)<\/span><\/h2>\n<ul>\n<li>Schnellladeger\u00e4t: Funktioniert mit den Modellen iPhone 12, 12 Pro, 12 Pro Max, 12 Mini, 13, 13 Pro, 13 Pro Max, 13 Mini und weiteren.<\/li>\n<\/ul>\n<h3><strong><span style=\"font-size: 100%;\">Details<\/span><\/strong><\/h3>\n<p>Hersteller: N\/A<\/p>\n<ul>\n<li><span data-slate-fragment=\"JTVCJTdCJTIydHlwZSUyMiUzQSUyMnBhcmFncmFwaCUyMiUyQyUyMmNoaWxkcmVuJTIyJTNBJTVCJTdCJTIydGV4dCUyMiUzQSUyMkRhcyUyMDIwVyUyMFVTQi1DJTIwUG93ZXIlMjBBZGFwdGVyJTIwaXN0JTIwZGVyJTIwc2NobmVsbHN0ZSUyMExhZGVyJTIwZiVDMyVCQ3IlMjBkYXMlMjBpUGhvbmUuJTIwRXIlMjBsJUMzJUE0ZHQlMjBkYXMlMjBHZXIlQzMlQTR0JTIwbWl0JTIwMjBXJTIwYXVmJTIwdW5kJTIwaXN0JTIwZGFtaXQlMjBkb3BwZWx0JTIwc28lMjBzY2huZWxsJTIwd2llJTIwZGFzJTIwbm9ybWFsZSUyMExhZGVnZXIlQzMlQTR0LiUyMERhcyUyME5ldHp0ZWlsJTIwaGF0JTIwZWluZSUyMGhvY2h3ZXJ0aWdlJTIwVmVyYXJiZWl0dW5nJTIwdW5kJTIwaXN0JTIwc2VociUyMGxhbmdsZWJpZy4lMjIlN0QlNUQlN0QlNUQ=\"><strong>\u2605 <\/strong>20W USB-C Power Adapter ist der schnellste Lader f\u00fcr das iPhone. Er l\u00e4dt das Ger\u00e4t mit 20W auf und ist damit doppelt so schnell wie das normale Ladeger\u00e4t. Das Netzteil hat eine hochwertige Verarbeitung und ist sehr langlebig.<\/span><\/li>\n<li>Kann auch f\u00fcr das Laden von anderen iPhone Modellen mit Schnellladefunktion verwendet werden<\/li>\n<li>Leistung: 20W<\/li>\n<li>Anschluss: USB-C<\/li>\n<\/ul>\n<section><main data-interaction=\"click:h4[itemprop='headline']:tabber\"><\/p>\n<div>\n<div id=\"panel-itabs_customtabs_delivery_content\" tabindex=\"0\" role=\"tabpanel\" aria-labeledby=\"tab-itabs_customtabs_delivery_content\" aria-hidden=\"false\">\n<div data-content=\"richtext\">\n<ul>\n<li><strong>\u2013 Lieferumfang:<\/strong> 1 x 20W USB C Power Adapter (Netzteil)<\/li>\n<\/ul>\n<\/div>\n<\/div>\n<\/div>\n<p>&nbsp;<\/p>\n<p>&nbsp;<\/p>\n<p>&nbsp;<\/p>\n<p>&nbsp;<\/p>\n<p>&nbsp;<\/p>\n<p>&nbsp;<\/p>\n<p>&nbsp;<\/p>\n<p>&nbsp;<\/p>\n<p>&nbsp;<\/p>\n<p>&nbsp;<\/p>\n<p>&nbsp;<\/p>\n<p>&nbsp;<\/p>\n<p>&nbsp;<\/p>\n<p>&nbsp;<\/p>\n<p>&nbsp;<\/p>\n<p>&nbsp;<\/p>\n<p>&nbsp;<\/p>\n<p>&nbsp;<\/p>\n<p>&nbsp;<\/p>\n<p>&nbsp;<\/p>\n<p>&nbsp;<\/p>\n<p>&nbsp;<\/p>\n<p>&nbsp;<\/p>\n<p>&nbsp;<\/p>\n<p><\/main><\/section>\n","protected":false},"featured_media":174,"comment_status":"open","ping_status":"closed","template":"","meta":[],"product_brand":[],"product_cat":[17,27,28,29,30,31,32,33,34,35,36,37,38,19,18],"product_tag":[39,40],"class_list":{"0":"post-141","1":"product","2":"type-product","3":"status-publish","4":"has-post-thumbnail","6":"product_cat-apple","7":"product_cat-iphone-12","8":"product_cat-iphone-12-mini-zubehoer","9":"product_cat-iphone-12-pro","10":"product_cat-iphone-12-pro-max","11":"product_cat-iphone-13","12":"product_cat-iphone-13-mini-zubehoer","13":"product_cat-iphone-13-pro-max-zubehoer","14":"product_cat-iphone-13-pro-zubehoer","15":"product_cat-iphone-14-plus-zubehoer","16":"product_cat-iphone-14-pro-max-zubehoer","17":"product_cat-iphone-14-pro-zubehoer","18":"product_cat-iphone-14-zubehoer","19":"product_cat-iphone-ladegeraet","20":"product_cat-zubehoer","21":"product_tag-20w-usb-c","22":"product_tag-ladegeraet","24":"first","25":"instock","26":"taxable","27":"shipping-taxable","28":"purchasable","29":"product-type-simple"},"_links":{"self":[{"href":"https:\/\/swisscover.li\/fr\/wp-json\/wp\/v2\/product\/141","targetHints":{"allow":["GET"]}}],"collection":[{"href":"https:\/\/swisscover.li\/fr\/wp-json\/wp\/v2\/product"}],"about":[{"href":"https:\/\/swisscover.li\/fr\/wp-json\/wp\/v2\/types\/product"}],"replies":[{"embeddable":true,"href":"https:\/\/swisscover.li\/fr\/wp-json\/wp\/v2\/comments?post=141"}],"wp:featuredmedia":[{"embeddable":true,"href":"https:\/\/swisscover.li\/fr\/wp-json\/wp\/v2\/media\/174"}],"wp:attachment":[{"href":"https:\/\/swisscover.li\/fr\/wp-json\/wp\/v2\/media?parent=141"}],"wp:term":[{"taxonomy":"product_brand","embeddable":true,"href":"https:\/\/swisscover.li\/fr\/wp-json\/wp\/v2\/product_brand?post=141"},{"taxonomy":"product_cat","embeddable":true,"href":"https:\/\/swisscover.li\/fr\/wp-json\/wp\/v2\/product_cat?post=141"},{"taxonomy":"product_tag","embeddable":true,"href":"https:\/\/swisscover.li\/fr\/wp-json\/wp\/v2\/product_tag?post=141"}],"curies":[{"name":"wp","href":"https:\/\/api.w.org\/{rel}","templated":true}]}}