{"id":531,"date":"2025-11-03T14:55:14","date_gmt":"2025-11-03T13:55:14","guid":{"rendered":"https:\/\/swisscover.li\/?page_id=531"},"modified":"2025-11-03T15:00:04","modified_gmt":"2025-11-03T14:00:04","slug":"rueckgaberecht","status":"publish","type":"page","link":"https:\/\/swisscover.li\/fr\/rueckgaberecht\/","title":{"rendered":"R\u00fcckgaberecht &#038; R\u00fcckgaberichtlinien"},"content":{"rendered":"<div class=\"row\" style=\"max-width:1480px\" id=\"row-711323675\">\n\n\t<div id=\"col-82418795\" class=\"col small-12 large-12\"  >\n\t\t\t\t<div class=\"col-inner\"  >\n\t\t\t\n\t\t\t\n<h2>R\u00fcckgaberecht &amp; R\u00fcckgaberichtlinien<\/h2>\n<p>\u00a0<\/p>\n<p>M\u00f6chtest du ein Produkt zur\u00fcckgeben? R\u00fcckgaben kannst du direkt in deinem Kundenkonto einleiten. Unter \u201eR\u00fcckgaberecht\u201c findest du alle dazu n\u00f6tigen Informationen. Die Voraussetzungen haben wir unten f\u00fcr dich aufgelistet. Bei GadgetX.ch bestellte Produkte kannst du bequem per Post retournieren.<\/p>\n<p><strong>1. R\u00fcckgabefrist<\/strong><br \/>Ob und wie lange du ein Produkt zur\u00fcckgeben kannst, siehst du auf der jeweiligen Produktseite unter \u201eR\u00fcckgaberecht\u201c. F\u00fcr bereits bestellte Produkte findest du s\u00e4mtliche Informationen auf unserer Homepage.<\/p>\n<p>Die R\u00fcckgabefrist betr\u00e4gt 14 Tage.<br \/>Die R\u00fcckgabefrist gilt ab Versanddatum.<\/p>\n<p><strong>2. Kein R\u00fcckgaberecht<\/strong><\/p>\n<ul>\n<li>In folgenden F\u00e4llen k\u00f6nnen wir leider keine R\u00fccknahmen anbieten:<\/li>\n<li>Bei besch\u00e4digten Artikeln<\/li>\n<li>Wenn die Originalverpackung nicht vorhanden ist<\/li>\n<li>Wenn Zubeh\u00f6r fehlt<\/li>\n<\/ul>\n<p><strong>3. R\u00fcckerstattungswert<\/strong><br \/>Sofern das Produkt zur\u00fcckgegeben werden kann, gelten die folgenden R\u00fcckerstattungsregeln:<\/p>\n<p>Volle R\u00fcckerstattung zum Kaufpreis:<\/p>\n<p>Der Artikel befindet sich in unge\u00f6ffneter, unbesch\u00e4digter Originalverpackung<\/p>\n<p>Abschlag je nach Zustand der Ware (mindestens 30% bzw. Mindestabzug CHF 12.\u2013):<\/p>\n<p>Der Artikel wurde ge\u00f6ffnet bzw. gebraucht<\/p>\n<p>Individuelle Pr\u00fcfung:<\/p>\n<p>Artikel mit besch\u00e4digter Verpackung<\/p>\n<p>Sofern wir die R\u00fccknahme von Ware aufgrund einer Falschbestellung im Einzelfall akzeptieren, berechnen wir eine R\u00fccknahmegeb\u00fchr in H\u00f6he von 30% des Nettoverkaufspreises, mindestens CHF 12.\u2013<\/p>\n<p><strong>4. R\u00fccksendekosten<\/strong><br \/>Die Portokosten f\u00fcr die R\u00fccksendung von Artikeln gehen generell zulasten des Absenders. In folgenden F\u00e4llen werden die R\u00fccksendekosten von GadgetX.ch \u00fcbernommen:<\/p>\n<p>Bei Erhalt eines anderen Artikels als bestellt<\/p>\n<p>Bei falschen Angaben im Onlineshop<\/p>\n<p>Bei Erhalt eines nicht bestellten Artikels<\/p>\n<p>Bei Erhalt eines unvollst\u00e4ndigen Produkts<\/p>\n<p><strong>5. R\u00fccksendekosten im Falle einer Nicht-Gew\u00e4hrleistung<\/strong><br \/>Im Falle einer R\u00fccksendung, die aufgrund einer vom Kunden behaupteten, jedoch nach unserer \u00dcberpr\u00fcfung nicht best\u00e4tigten Mangelhaftigkeit oder Defektivit\u00e4t des Produkts erfolgt, tr\u00e4gt der Kunde die Kosten f\u00fcr die R\u00fccksendung. Diese Regelung gilt f\u00fcr R\u00fccksendungen, bei denen das Produkt nach eingehender \u00dcberpr\u00fcfung durch GadgetX.ch als einwandfrei und funktionst\u00fcchtig befunden wird. Die Kosten f\u00fcr solche R\u00fccksendungen belaufen sich pauschal auf CHF 3.90 und werden vom Kunden getragen. Wir bitten unsere Kunden, die Funktionalit\u00e4t und den Zustand ihrer Produkte vor einer R\u00fccksendung sorgf\u00e4ltig zu pr\u00fcfen, um unn\u00f6tige Kosten und Unannehmlichkeiten zu vermeiden.<\/p>\n<p>Umtausch<br \/>Der Kunde muss den\/die Artikel zur\u00fcckschicken und die R\u00fcckerstattung anfordern.<\/p>\n<p style=\"text-align: center;\"><strong>R\u00fccksendungen mit Originalrechnung an folgende Adresse:<\/strong><\/p>\n<p style=\"text-align: center;\">GadgetX.ch<br \/>Jakob-St\u00e4mpfli-Strasse 112<br \/>2502 Biel\/Bienne<br \/>Schweiz<\/p>\n\t\t<\/div>\n\t\t\t\t\t<\/div>\n\n\t\n\n<style>\n#row-711323675 > .col > .col-inner {\n  padding: 50px 50px 50px 50px;\n  background-color: rgb(245, 245, 245);\n  border-radius: 22px;\n}\n<\/style>\n<\/div>","protected":false},"excerpt":{"rendered":"","protected":false},"author":1,"featured_media":0,"parent":0,"menu_order":0,"comment_status":"closed","ping_status":"closed","template":"","meta":{"footnotes":""},"class_list":["post-531","page","type-page","status-publish","hentry"],"_links":{"self":[{"href":"https:\/\/swisscover.li\/fr\/wp-json\/wp\/v2\/pages\/531","targetHints":{"allow":["GET"]}}],"collection":[{"href":"https:\/\/swisscover.li\/fr\/wp-json\/wp\/v2\/pages"}],"about":[{"href":"https:\/\/swisscover.li\/fr\/wp-json\/wp\/v2\/types\/page"}],"author":[{"embeddable":true,"href":"https:\/\/swisscover.li\/fr\/wp-json\/wp\/v2\/users\/1"}],"replies":[{"embeddable":true,"href":"https:\/\/swisscover.li\/fr\/wp-json\/wp\/v2\/comments?post=531"}],"version-history":[{"count":2,"href":"https:\/\/swisscover.li\/fr\/wp-json\/wp\/v2\/pages\/531\/revisions"}],"predecessor-version":[{"id":536,"href":"https:\/\/swisscover.li\/fr\/wp-json\/wp\/v2\/pages\/531\/revisions\/536"}],"wp:attachment":[{"href":"https:\/\/swisscover.li\/fr\/wp-json\/wp\/v2\/media?parent=531"}],"curies":[{"name":"wp","href":"https:\/\/api.w.org\/{rel}","templated":true}]}}