{"id":526,"date":"2025-11-03T14:48:21","date_gmt":"2025-11-03T13:48:21","guid":{"rendered":"https:\/\/swisscover.li\/?page_id=526"},"modified":"2025-11-03T14:53:25","modified_gmt":"2025-11-03T13:53:25","slug":"kontakt","status":"publish","type":"page","link":"https:\/\/swisscover.li\/fr\/kontakt\/","title":{"rendered":"kontakt"},"content":{"rendered":"<section class=\"section\" id=\"section_1789923518\">\n\t\t<div class=\"section-bg fill\" >\n\t\t\t\t\t\t\t\t\t\n\t\t\t\n\n\t\t<\/div>\n\n\t\t\n\n\t\t<div class=\"section-content relative\">\n\t\t\t\n<div class=\"row\"  id=\"row-302705051\">\n\n\t<div id=\"col-1541217796\" class=\"col small-12 large-12\"  >\n\t\t\t\t<div class=\"col-inner\"  >\n\t\t\t\n\t\t\t\n<div class=\"row align-equal\"  id=\"row-2083925859\">\n\n\t<div id=\"col-677016066\" class=\"col small-12 large-12\"  >\n\t\t\t\t<div class=\"col-inner text-center\"  >\n\t\t\t\n\t\t\t\n\n\t\t<div class=\"icon-box featured-box icon-box-center text-center\"  >\n\t\t\t\t\t<div class=\"icon-box-img\" style=\"width: 60px\">\n\t\t\t\t<div class=\"icon\">\n\t\t\t\t\t<div class=\"icon-inner\" >\n\t\t\t\t\t\t\t\t\t\t\t<\/div>\n\t\t\t\t<\/div>\n\t\t\t<\/div>\n\t\t\t\t<div class=\"icon-box-text last-reset\">\n\t\t\t\t\t\t\t\t\t\n\t<div class=\"img has-hover x md-x lg-x y md-y lg-y\" id=\"image_364804198\">\n\t\t\t\t\t\t\t\t<div class=\"img-inner dark\" >\n\t\t\t<img loading=\"lazy\" decoding=\"async\" width=\"512\" height=\"512\" src=\"data:image\/gif;base64,R0lGODlhAQABAAAAACH5BAEKAAEALAAAAAABAAEAAAICTAEAOw==\" class=\"attachment-large size-large lazyload\" alt=\"\" sizes=\"auto, (max-width: 512px) 100vw, 512px\" data-src=\"https:\/\/swisscover.li\/wp-content\/uploads\/2025\/11\/chat.png\" data-srcset=\"https:\/\/swisscover.li\/wp-content\/uploads\/2025\/11\/chat.png 512w, https:\/\/swisscover.li\/wp-content\/uploads\/2025\/11\/chat-400x400.png 400w, https:\/\/swisscover.li\/wp-content\/uploads\/2025\/11\/chat-280x280.png 280w, https:\/\/swisscover.li\/wp-content\/uploads\/2025\/11\/chat-12x12.png 12w, https:\/\/swisscover.li\/wp-content\/uploads\/2025\/11\/chat-70x70.png 70w, https:\/\/swisscover.li\/wp-content\/uploads\/2025\/11\/chat-100x100.png 100w, https:\/\/swisscover.li\/wp-content\/uploads\/2025\/11\/chat-170x170.png 170w\">\t\t\t\t\t\t\n\t\t\t\t\t<\/div>\n\t\t\t\t\t\t\t\t\n<style>\n#image_364804198 {\n  width: 7%;\n}\n<\/style>\n\t<\/div>\n\t\n\t<div id=\"text-3077591057\" class=\"text\">\n\t\t\n<div><span style=\"color: #000000;\">E-Mail:<\/span>\u00a0<span style=\"color: #000000;\">info@swisscover.li<\/span><\/div>\n<div><span style=\"color: #50b848;\"><strong>24 Stunden<\/strong><\/span><\/div>\n\t\t\n<style>\n#text-3077591057 {\n  font-size: 0.9rem;\n  text-align: center;\n}\n<\/style>\n\t<\/div>\n\t\n\t<div id=\"gap-1977395539\" class=\"gap-element clearfix\" style=\"display:block; height:auto;\">\n\t\t\n<style>\n#gap-1977395539 {\n  padding-top: 20px;\n}\n<\/style>\n\t<\/div>\n\t\n\t\t<\/div>\n\t<\/div>\n\t\n\t\n<a class=\"button secondary\" >\n\t\t<span>info@swisscover.li<\/span>\n\t<\/a>\n\n\t\t<\/div>\n\t\t\t\t\t<\/div>\n\n\t\n\n\t<div id=\"col-86784635\" class=\"col hide-for-medium small-12 large-12\"  >\n\t\t\t\t<div class=\"col-inner text-center\" style=\"background-color:rgb(255,255,255);\" >\n\t\t\t\n\t\t\t\n<div class=\"row row-full-width\"  id=\"row-440544002\">\n\n\t<div id=\"col-518466548\" class=\"col medium-5 small-12 large-5\"  >\n\t\t\t\t<div class=\"col-inner text-center\"  >\n\t\t\t\n\t\t\t\n\t<div id=\"gap-810290383\" class=\"gap-element clearfix\" style=\"display:block; height:auto;\">\n\t\t\n<style>\n#gap-810290383 {\n  padding-top: 30px;\n}\n<\/style>\n\t<\/div>\n\t\n<div class=\"row\"  id=\"row-1107341903\">\n\n\t<div id=\"col-1562624830\" class=\"col small-12 large-12\"  >\n\t\t\t\t<div class=\"col-inner\"  >\n\t\t\t\n\t\t\t\n<p class=\"\" style=\"text-align: left;\" data-start=\"80\" data-end=\"122\"><span style=\"font-family: Helvetica;\"><strong data-start=\"80\" data-end=\"122\">Wichtige Information zum Kundenservice<\/strong><\/span><\/p>\n<p class=\"\" style=\"text-align: left;\" data-start=\"124\" data-end=\"271\">Bitte beachten Sie, dass unser Kundenservice ausschliesslich per E-Mail erreichbar ist.<br data-start=\"210\" data-end=\"213\" \/><span style=\"color: #ed1c24;\">Ein telefonischer Support ist derzeit <strong data-start=\"251\" data-end=\"270\">nicht verf\u00fcgbar<\/strong>.(<del><strong>032 534 46 93<\/strong><\/del>)<\/span><\/p>\n<p class=\"\" style=\"text-align: left;\" data-start=\"273\" data-end=\"372\">F\u00fcr Anfragen, Anliegen oder Support kontaktieren Sie uns bitte <strong data-start=\"336\" data-end=\"365\">ausschliesslich per E-Mail<\/strong> unter:<\/p>\n<p class=\"\" style=\"text-align: left;\" data-start=\"374\" data-end=\"400\">\ud83d\udce7 : info@swisscover.li<\/p>\n<p class=\"\" style=\"text-align: left;\" data-start=\"374\" data-end=\"400\">Wir bem\u00fchen uns, Ihre Nachricht so schnell wie m\u00f6glich zu beantworten. Vielen Dank f\u00fcr Ihr Verst\u00e4ndnis!<\/p>\n<h4><img loading=\"lazy\" decoding=\"async\" class=\"wp-image-316570 aligncenter lazyload\" src=\"data:image\/gif;base64,R0lGODlhAQABAAAAACH5BAEKAAEALAAAAAABAAEAAAICTAEAOw==\" alt=\"\" width=\"73\" height=\"73\" data-src=\"https:\/\/nitrosport.ch\/wp-content\/uploads\/2023\/01\/Unbenannt-1.png\"><\/h4>\n<h4 style=\"text-align: center;\">Adresse<\/h4>\n<p style=\"text-align: center;\">GadgetX.ch<br \/>Jakob-St\u00e4mpfli-Strasse 112<br \/>2502 Biel\/Bienne<\/p>\n\t<div id=\"gap-1886446092\" class=\"gap-element clearfix\" style=\"display:block; height:auto;\">\n\t\t\n<style>\n#gap-1886446092 {\n  padding-top: 80px;\n}\n<\/style>\n\t<\/div>\n\t\n<a href=\"#\" class=\"button primary is-shade is-larger box-shadow-2 box-shadow-5-hover lowercase\" style=\"border-radius:10px;\">\n\t\t<span>Retourenschein (PDF)<\/span>\n\t<i class=\"icon-angle-right\" aria-hidden=\"true\"><\/i><\/a>\n\n\t<div id=\"gap-227153628\" class=\"gap-element clearfix\" style=\"display:block; height:auto;\">\n\t\t\n<style>\n#gap-227153628 {\n  padding-top: 30px;\n}\n<\/style>\n\t<\/div>\n\t\n\t\t<\/div>\n\t\t\t\t\t<\/div>\n\n\t\n\n\t<div id=\"col-214106951\" class=\"col small-12 large-12\"  >\n\t\t\t\t<div class=\"col-inner\"  >\n\t\t\t\n\t\t\t\n\t<div id=\"gap-892207133\" class=\"gap-element clearfix\" style=\"display:block; height:auto;\">\n\t\t\n<style>\n#gap-892207133 {\n  padding-top: 30px;\n}\n<\/style>\n\t<\/div>\n\t\n\t\t<\/div>\n\t\t\t\t\t<\/div>\n\n\t\n<\/div>\n\t\t<\/div>\n\t\t\t\t\t<\/div>\n\n\t\n\n\t<div id=\"col-136939255\" class=\"col medium-7 small-12 large-7\"  >\n\t\t\t\t<div class=\"col-inner text-left box-shadow-1\"  >\n\t\t\t\n\t\t\t\n\t<div id=\"text-110189208\" class=\"text\">\n\t\t\n<h3>Service &amp; Infos<\/h3>\n\t\t\n<style>\n#text-110189208 {\n  text-align: center;\n}\n<\/style>\n\t<\/div>\n\t\n\t<div id=\"text-2808136436\" class=\"text\">\n\t\t\n<p>Sie haben eine Frage oder ein Anliegen? Dann nehmen Sie mit uns Kontakt auf. F\u00fcllen Sie einfach das Formular aus und wir werden Ihre Anfrage schnellstm\u00f6glich bearbeiten.<br \/>\n\t\t\n<style>\n#text-2808136436 {\n  text-align: center;\n}\n<\/style>\n\t<\/div>\n\t\n\n<div class=\"wpcf7 no-js\" id=\"wpcf7-f38-o1\" lang=\"en-US\" dir=\"ltr\" data-wpcf7-id=\"38\">\n<div class=\"screen-reader-response\"><p role=\"status\" aria-live=\"polite\" aria-atomic=\"true\"><\/p> <ul><\/ul><\/div>\n<form action=\"\/fr\/wp-json\/wp\/v2\/pages\/526#wpcf7-f38-o1\" method=\"post\" class=\"wpcf7-form init\" aria-label=\"Contact form\" novalidate=\"novalidate\" data-status=\"init\" data-trp-original-action=\"\/fr\/wp-json\/wp\/v2\/pages\/526#wpcf7-f38-o1\">\n<fieldset class=\"hidden-fields-container\"><input type=\"hidden\" name=\"_wpcf7\" value=\"38\" \/><input type=\"hidden\" name=\"_wpcf7_version\" value=\"6.1.5\" \/><input type=\"hidden\" name=\"_wpcf7_locale\" value=\"en_US\" \/><input type=\"hidden\" name=\"_wpcf7_unit_tag\" value=\"wpcf7-f38-o1\" \/><input type=\"hidden\" name=\"_wpcf7_container_post\" value=\"0\" \/><input type=\"hidden\" name=\"_wpcf7_posted_data_hash\" value=\"\" \/>\n<\/fieldset>\n<p><label>Your Name (required)<\/label><br \/>\n<span class=\"wpcf7-form-control-wrap\" data-name=\"your-name\"><input size=\"40\" maxlength=\"400\" class=\"wpcf7-form-control wpcf7-text wpcf7-validates-as-required\" aria-required=\"true\" aria-invalid=\"false\" value=\"\" type=\"text\" name=\"your-name\" \/><\/span>\n<\/p>\n<p><label>Your Email (required)<\/label><br \/>\n<span class=\"wpcf7-form-control-wrap\" data-name=\"your-email\"><input size=\"40\" maxlength=\"400\" class=\"wpcf7-form-control wpcf7-email wpcf7-validates-as-required wpcf7-text wpcf7-validates-as-email\" aria-required=\"true\" aria-invalid=\"false\" value=\"\" type=\"email\" name=\"your-email\" \/><\/span>\n<\/p>\n<p><label>Your Message (required)<\/label><br \/>\n<span class=\"wpcf7-form-control-wrap\" data-name=\"your-message\"><textarea cols=\"40\" rows=\"10\" maxlength=\"2000\" class=\"wpcf7-form-control wpcf7-textarea\" aria-invalid=\"false\" name=\"your-message\"><\/textarea><\/span>\n<\/p>\n<div class=\"cf-turnstile-wrap\" style=\"padding:10px 0 10px 0\">\n\t<div  class=\"cf-turnstile\" data-sitekey=\"0x4AAAAAAB-C68_ixQdbq_BM\" data-theme=\"auto\">\n\t<\/div>\n<\/div>\n<p><span class='wpcf7-form-control-wrap' data-name='aiowps-captcha'><\/span><input class=\"wpcf7-form-control wpcf7-submit has-spinner button\" type=\"submit\" value=\"Submit\" \/>\n<\/p><div class=\"wpcf7-response-output\" aria-hidden=\"true\"><\/div>\n<input type=\"hidden\" name=\"trp-form-language\" value=\"fr\"\/><\/form>\n<\/div>\n\n\t\t<\/div>\n\t\t\t\t\n<style>\n#col-136939255 > .col-inner {\n  padding: 0px 0px 0px 13px;\n}\n<\/style>\n\t<\/div>\n\n\t\n<\/div>\n\t\t<\/div>\n\t\t\t\t\t<\/div>\n\n\t\n\n<style>\n#row-2083925859 > .col > .col-inner {\n  padding: 40px 40px 40px 40px;\n  background-color: rgb(255,255,255);\n}\n<\/style>\n<\/div>\n\t\t<\/div>\n\t\t\t\t\t<\/div>\n\n\t\n<\/div>\n\t\t<\/div>\n\n\t\t\n<style>\n#section_1789923518 {\n  padding-top: 30px;\n  padding-bottom: 30px;\n  background-color: rgb(244, 244, 244);\n}\n<\/style>\n\t<\/section>\n\t\n\n\t<section class=\"section show-for-medium\" id=\"section_687894620\">\n\t\t<div class=\"section-bg fill\" >\n\t\t\t\t\t\t\t\t\t\n\t\t\t\n\n\t\t<\/div>\n\n\t\t\n\n\t\t<div class=\"section-content relative\">\n\t\t\t\n<div class=\"row row-collapse row-full-width align-middle align-center\"  id=\"row-627235982\">\n\n\t<div id=\"col-1324993086\" class=\"col small-12 large-12\"  >\n\t\t\t\t<div class=\"col-inner\"  >\n\t\t\t\n\t\t\t\n<div class=\"row\"  id=\"row-612381016\">\n\n\t<div id=\"col-822307270\" class=\"col small-12 large-12\"  >\n\t\t\t\t<div class=\"col-inner\"  >\n\t\t\t\n\t<div class=\"is-border\"\n\t\tstyle=\"border-width:0px 0px 1px 0px;\">\n\t<\/div>\n\t\t\t\n\t<div id=\"text-1348992309\" class=\"text\">\n\t\t\n<h3>Service &amp; Infos<\/h3>\n\t\t\n<style>\n#text-1348992309 {\n  text-align: center;\n}\n<\/style>\n\t<\/div>\n\t\n\t<div id=\"text-4163547174\" class=\"text\">\n\t\t\n<h5><span style=\"font-size: 120%;\"><strong>+41 032 534 46 93\u00a0<\/strong><\/span><br \/>\n<span style=\"font-size: 100%;\">Mo \u2013 Fr, <span style=\"color: #008000;\"><strong>10:00 \u2013 12:00 \/ 14:00 \u2013 15:00<\/strong><\/span><\/span><\/h5>\n\t\t\n<style>\n#text-4163547174 {\n  font-size: 0.75rem;\n  text-align: center;\n}\n<\/style>\n\t<\/div>\n\t\n\t\t<\/div>\n\t\t\t\t\n<style>\n#col-822307270 > .col-inner {\n  padding: 0px 0px 10px 0px;\n}\n<\/style>\n\t<\/div>\n\n\t\n<\/div>\n<div class=\"row\"  id=\"row-42628899\">\n\n\t<div id=\"col-1688511045\" class=\"col medium-6 small-12 large-6\"  >\n\t\t\t\t<div class=\"col-inner\"  >\n\t\t\t\n\t\t\t\n<h4 style=\"text-align: center;\">Adresse<\/h4>\n<p style=\"text-align: center;\">NITROSPORT<br \/>\nEdelmann Group GmbH<br \/>\nJakob-St\u00e4mpfli-Strasse 116<br \/>\n2502 Biel\/Bienne<\/p>\n\t\t<\/div>\n\t\t\t\t\t<\/div>\n\n\t\n\n\t<div id=\"col-568670116\" class=\"col medium-6 small-12 large-6\"  >\n\t\t\t\t<div class=\"col-inner\"  >\n\t\t\t\n\t\t\t\n<h3 style=\"text-align: center;\">Retouren-Adresse:<\/h3>\n<p style=\"text-align: center;\">NITROSPORT<br \/>\nJakob-St\u00e4mpfli-Strasse 116<br \/>\n2502 Biel\/Bienne<\/p>\n<div id=\"gtx-trans\" style=\"position: absolute; left: 244px; top: 89.3125px;\">\n<div class=\"gtx-trans-icon\"><\/div>\n<\/div>\n\t\t<\/div>\n\t\t\t\t\t<\/div>\n\n\t\n<\/div>\n\t<div id=\"text-892991437\" class=\"text\">\n\t\t\n<p><span style=\"color: #000000;\"><strong>Sie haben eine Frage oder ein Anliegen?<\/strong><\/span> Dann nehmen Sie mit uns Kontakt auf. F\u00fcllen Sie einfach das Formular aus und wir werden Ihre Anfrage schnellstm\u00f6glich bearbeiten<strong><span style=\"color: #ed1c24; font-size: 105%;\">.<\/span><\/strong><br \/>\n\t\t\n<style>\n#text-892991437 {\n  text-align: left;\n}\n@media (min-width:550px) {\n  #text-892991437 {\n    text-align: left;\n  }\n}\n@media (min-width:850px) {\n  #text-892991437 {\n    text-align: center;\n  }\n}\n<\/style>\n\t<\/div>\n\t\n\t<div id=\"gap-1551775714\" class=\"gap-element clearfix\" style=\"display:block; height:auto;\">\n\t\t\n<style>\n#gap-1551775714 {\n  padding-top: 50px;\n}\n@media (min-width:850px) {\n  #gap-1551775714 {\n    padding-top: 30px;\n  }\n}\n<\/style>\n\t<\/div>\n\t\n<p class=\"wpcf7-contact-form-not-found\"><strong>Erreur\u00a0:<\/strong> Formulaire de contact non trouv\u00e9\u00a0!<\/p>\n\t\t<\/div>\n\t\t\t\t\t<\/div>\n\n\t\n\n<style>\n#row-627235982 > .col > .col-inner {\n  background-color: rgb(255, 255, 255);\n}\n<\/style>\n<\/div>\n\t\t<\/div>\n\n\t\t\n<style>\n#section_687894620 {\n  padding-top: 0px;\n  padding-bottom: 0px;\n  background-color: rgb(255,255,255);\n}\n@media (min-width:550px) {\n  #section_687894620 {\n    padding-top: 30px;\n    padding-bottom: 30px;\n  }\n}\n<\/style>\n\t<\/section>","protected":false},"excerpt":{"rendered":"","protected":false},"author":1,"featured_media":0,"parent":0,"menu_order":0,"comment_status":"closed","ping_status":"closed","template":"","meta":{"footnotes":""},"class_list":["post-526","page","type-page","status-publish","hentry"],"_links":{"self":[{"href":"https:\/\/swisscover.li\/fr\/wp-json\/wp\/v2\/pages\/526","targetHints":{"allow":["GET"]}}],"collection":[{"href":"https:\/\/swisscover.li\/fr\/wp-json\/wp\/v2\/pages"}],"about":[{"href":"https:\/\/swisscover.li\/fr\/wp-json\/wp\/v2\/types\/page"}],"author":[{"embeddable":true,"href":"https:\/\/swisscover.li\/fr\/wp-json\/wp\/v2\/users\/1"}],"replies":[{"embeddable":true,"href":"https:\/\/swisscover.li\/fr\/wp-json\/wp\/v2\/comments?post=526"}],"version-history":[{"count":2,"href":"https:\/\/swisscover.li\/fr\/wp-json\/wp\/v2\/pages\/526\/revisions"}],"predecessor-version":[{"id":530,"href":"https:\/\/swisscover.li\/fr\/wp-json\/wp\/v2\/pages\/526\/revisions\/530"}],"wp:attachment":[{"href":"https:\/\/swisscover.li\/fr\/wp-json\/wp\/v2\/media?parent=526"}],"curies":[{"name":"wp","href":"https:\/\/api.w.org\/{rel}","templated":true}]}}