{"id":522,"date":"2025-11-03T14:44:26","date_gmt":"2025-11-03T13:44:26","guid":{"rendered":"https:\/\/swisscover.li\/?page_id=522"},"modified":"2025-11-03T14:45:00","modified_gmt":"2025-11-03T13:45:00","slug":"agbs","status":"publish","type":"page","link":"https:\/\/swisscover.li\/fr\/agbs\/","title":{"rendered":"CONDITIONS G\u00c9N\u00c9RALES DE VENTE"},"content":{"rendered":"<div class=\"row\" style=\"max-width:1480px\" id=\"row-2139789679\">\n\n\t<div id=\"col-1404568181\" class=\"col small-12 large-12\"  >\n\t\t\t\t<div class=\"col-inner\"  >\n\t\t\t\n\t\t\t\n<h2>Online-Shop \u2013 Allgemeine Gesch\u00e4ftsbedingungen (AGB)<br \/>\nwww.GadgetX.ch<\/h2>\n<p>Geltungsbereich \/ Allgemeines<br \/>\nwww.GadgetX.ch ist ein Online-Shop der GadgetX . Die vorliegenden Allgemeinen<br \/>\nGesch\u00e4ftsbedingungen (nachfolgend AGB), finden auf s\u00e4mtliche von www.GadgetX.ch erbrachten<br \/>\nLeistungen ihre Anwendung. Das Angebot von www.GadgetX.ch beschr\u00e4nkt sich auf das geografische<br \/>\nGebiet der Schweiz und im F\u00fcrstentum Liechtenstein. Der Kunde erkl\u00e4rt sich durch die Auftragserteilung ausdr\u00fccklich mit unseren<br \/>\nAllgemeinen Gesch\u00e4ftsbedingungen, geltend f\u00fcr s\u00e4mtliche Leistungen des Online-Shops<br \/>\n(www.GadgetX.ch) der GadgetX einverstanden. Die GadgetX , kann die f\u00fcr<br \/>\nwww.GadgetX.ch geltenden AGB jederzeit ab\u00e4ndern. Solche \u00c4nderungen treten unmittelbar mit<br \/>\nderen Ver\u00f6ffentlichung in Kraft.<\/p>\n<p>Produkte und Angebote<br \/>\nDas komplette Angebot auf www.GadgetX.ch ist unverbindlich. GadgetX gibt darauf<br \/>\nbedacht, korrekte Produktbeschreibungen anzugeben. Trotzdem k\u00f6nnen sich diese von der<br \/>\nBeschreibung des Herstellers unterscheiden. F\u00fcr die Richtigkeit, Vollst\u00e4ndigkeit und Aktualit\u00e4t<br \/>\ndieser Beschreibungen \u00fcbernimmt GadgetX keine Haftung. Der Besteller ist in jedem Fall<br \/>\naufgefordert, die spezifischen Produktinformationen vor dem Gebrauch auf der Produktverpackung<br \/>\nzur Kenntnis zu nehmen. Die Produktbilder und Illustrationen auf www.GadgetX.ch k\u00f6nnen vom<br \/>\nOriginal abweichen und sind nicht farbverbindlich.<\/p>\n<p><strong>Preise<\/strong><br \/>\nDie zum Zeitpunkt der Bestellung des Kunden angegebene Produktpreise auf www.GadgetX.ch<br \/>\nsind bindend. Sollte ein Irrtum bei der Preisangabe vorgelegen haben, beh\u00e4lt sich GadgetX<br \/>\ndas Recht vor, Preisanpassungen im Nachhinein vorzunehmen. In diesem Fall wird der Kunde \u00fcber<br \/>\ndiesen Umstand informiert und kann innerhalb der von GadgetX gesetzten Frist (14 Tage) vom<br \/>\nKauf zur\u00fccktreten. Alle Preise verstehen sich in Schweizer Franken, ohne Mehrwertsteuer und Versandkosten, soweit nichts anderes vermerkt wurde. Die Produkte werden in der Regel per Post<br \/>\nEconomy f\u00fcr CHF 6.50 versendet. Die Versandkosten sind erst f\u00fcr den Kunden kostenfrei, sobald der Gesamt-Einkaufspreis \u00fcber 80 CHF betr\u00e4gt.<br \/>\nVersandkosten k\u00f6nnen je nach Bestellwert variieren und sind, wenn nicht anders vermerkt, durch<br \/>\nden Kunden zu tragen. Info zu Versandkosten<\/p>\n<p><strong>Liefergebiet<\/strong><\/p>\n<p>Wir liefern ausschliesslich an Lieferadressen in der Schweiz und im F\u00fcrstentum Liechtenstein.<\/p>\n<p><strong>Lieferzeit<\/strong><br \/>\nDie Lieferungen erfolgen in der Regel innert maximal 3 Arbeitstagen. Sollten wir einen Artikel nicht an Lager verf\u00fcgbar haben, teilen wir Ihnen so rasch als m\u00f6glich mit, wann mit der Lieferung zu rechnen ist. Die Lieferung erfolgt auf Gefahr des Empf\u00e4ngers.<\/p>\n<p>Mindestbestellwert<\/p>\n<p>Es gibt keinen Mindestbestellwert.<\/p>\n<p><strong>Versandpartner<\/strong><\/p>\n<p>Die Lieferungen werden mit der Post, w\u00e4hrend den normalen Arbeitszeiten versendet.<\/p>\n<p><strong>Beanstandungen<\/strong><\/p>\n<p>Beanstandungen wegen M\u00e4ngeln oder wegen unvollst\u00e4ndiger oder irrt\u00fcmlicher Lieferung sind uns unverz\u00fcglich, sp\u00e4testens 20 Tage ab Faktura-Datum schriftlich mitzuteilen.<\/p>\n<p><strong>R\u00fcckgaberecht<\/strong><\/p>\n<p>Wir m\u00f6chten, dass unsere Kunden zufrieden mit dem Einkauf bei www.GadgetX.ch (Marke der GadgetX ) sind R\u00fccksendungen ohne vorheriges Einverst\u00e4ndnis werden jedoch nicht angenommen. Retouren zum Umtausch oder zur Gutschrift k\u00f6nnen nur in ungebrauchtem, einwandfreiem Zustand und in Originalverpackung akzeptiert werden. Die R\u00fccksendung hat innert 14 Tagen zu erfolgen. Bei R\u00fccksendungen tr\u00e4gt der K\u00e4ufer das Porto.<\/p>\n<p><strong>R\u00fccksendungen mit Originalrechnung an folgende Adresse:<\/strong><\/p>\n<p>GadgetX<br \/>\nJakob-St\u00e4mpfli-Strasse 112<br \/>\n2502 Biel\/Bienne<\/p>\n<p><strong>Registrierung<\/strong><br \/>\nDie Registrierung bei www.GadgetX.ch ist ausschliesslich voll handlungsf\u00e4higen Personen<br \/>\nvorbehalten. Der Besteller leistet mit der Bestellung Gew\u00e4hr, dass er mindestens 18 Jahre alt und urteilsf\u00e4hig ist. Ein Anspruch auf Zulassung zum Online-Shop besteht nicht. Die f\u00fcr die Anmeldung erforderlichen Daten sind von dem Kunden vollst\u00e4ndig und wahrheitsgem\u00e4ss<br \/>\nanzugeben. Der Kunde ist selbst f\u00fcr eine Aktualisierung seiner Daten verantwortlich.<\/p>\n<p>Bestellung \/ Vertragsabschluss<br \/>\nDie Bestellung des Kunden ist erst verbindlich, wenn diese auf dem E-Mail weg von GadgetX.CH best\u00e4tigt worden ist. GadgetX steht es frei, eine Bestellung ohne Angabe von Gr\u00fcnden<br \/>\nnicht zu best\u00e4tigen. Der Kunde best\u00e4tigt mit seiner Bestellung die Richtigkeit s\u00e4mtlicher von ihm<br \/>\ngemachten Angaben. Bei falscher oder nicht vollst\u00e4ndiger Angabe der Daten des Kunden kann GadgetX vom Vertrag zur\u00fccktreten. Das R\u00fccktrittsrecht steht GadgetX auch zu, falls die<br \/>\nProdukte beim Hersteller nicht verf\u00fcgbar sind. Diesfalls bem\u00fcht sich Edelmann Goup GmbH nach<br \/>\nR\u00fccksprache mit dem Kunden um eine Ersatzl\u00f6sung. Hat der Kunde keinen diesbez\u00fcglichen Bedarf<br \/>\nbestehen keine weiteren Rechte und Pflichten der beiden Vertragsparteien mehr.<\/p>\n<p><strong>Zahlungsmethoden<\/strong><br \/>\nDie Bezahlung der Kunden erfolgt mit PayPal, Kreditkarte (Master- und Visa-Card),<br \/>\nPostCard, Vorauszahlung, oder per Rechnung. Der Bezahlvorgang<br \/>\nerfolgt in jedem Fall \u00fcber eine sichere SSL Verschl\u00fcsselungstechnik.<\/p>\n<p><strong>Zahlart Kauf auf Rechnung<\/strong><\/p>\n<p>Die Rechnung ist zahlbar innert 14 Tagen. GadgetX beh\u00e4lt sich das Recht vor, Bonit\u00e4tsabkl\u00e4rungen \u00fcber den Kunden einzuholen und kann zu diesem Zweck Kundendaten an Dritte weiterleiten.<\/p>\n<p>Kommen Sie Ihrer Zahlungsverpflichtung nicht nach, so geraten Sie nach Ablauf der gesetzten Zahlungsfrist in Verzug und zwar zu einem Jahreszins von 10% p.a. Die GadgetX ist zus\u00e4tzlich berechtigt, pro Zahlungserinnerung Mahngeb\u00fchren zu erheben. Diese sind wie folgt:<\/p>\n<p>Geb\u00fchr f\u00fcr erste Mahnung\/Zahlungserinnerung per E-Mail = kostenlos<br \/>\nGeb\u00fchr f\u00fcr zweite Mahnung per Post = 25 CHF<br \/>\nKosten bei Zahlungsverzug:<span style=\"color: #ed1c24;\"> Nach mindestens 2 schriftlichen Mahnungen wird der Fall an ein Inkassob\u00fcro weitergeleitet, welches eine Bearbeitungsgeb\u00fchr gem\u00e4ss www.fairpay.ch erhebt.<\/span><\/p>\n<p>GadgetX kann eine Bestellung annullieren oder nur gegen Vorauskasse versenden, falls die Kundin\/der Kunde nicht kreditw\u00fcrdig ist oder eine oder mehrere ausstehende Rechnungen bei hat.<\/p>\n<p>Kauf auf Rechnung kann nur bei Bestellung bis zu einem Rechnungsbetrag von 120 CHF angeboten werden.<\/p>\n<p>Achtung! Rechnungsadresse muss der Lieferadresse entsprechen!<\/p>\n<p>Eigentumsvorbehalt; Aufrechnung; Zur\u00fcckbehaltungsrecht<br \/>\n(1) Bei Konsumenten behalten wir uns das Eigentum an der Kaufsache bis zur vollst\u00e4ndigen<br \/>\nZahlung des Rechnungsbetrags vor. Sind Sie Unternehmer in Aus\u00fcbung Ihrer gewerblichen oder<br \/>\nselbst\u00e4ndigen beruflichen T\u00e4tigkeit, eine juristische Person des \u00f6ffentlichen Rechts oder \u00f6ffentlich-<br \/>\nrechtliches Sonderverm\u00f6gen, behalten wir uns das Eigentum an der Kaufsache bis zum Ausgleich<br \/>\naller noch offenen Forderungen aus der Gesch\u00e4ftsverbindung mit dem Besteller vor. Die<br \/>\nentsprechenden Sicherungsrechte sind auf Dritte \u00fcbertragbar.<br \/>\n(2) Ein Recht zur Aufrechnung steht Ihnen nur zu, wenn Ihre Gegenanspr\u00fcche rechtskr\u00e4ftig<br \/>\nfestgestellt oder von uns unbestritten oder anerkannt sind. Au\u00dferdem haben Sie ein<br \/>\nZur\u00fcckbehaltungsrecht nur, wenn und soweit Ihr Gegenanspruch auf dem gleichen<br \/>\nVertragsverh\u00e4ltnis beruht.<br \/>\n(3) Befindet sich der Kunde uns gegen\u00fcber mit irgendwelchen Zahlungsverpflichtungen im Verzug,<br \/>\nso werden s\u00e4mtliche bestehende Forderungen sofort f\u00e4llig.<\/p>\n<p><strong>Mengenbeschr\u00e4nkung<\/strong><br \/>\nGadgetX beh\u00e4lt sich in jedem Fall das Recht vor, die Liefermengen f\u00fcr bestimmte Produkte<br \/>\nzu beschr\u00e4nken.<\/p>\n<p><strong>Garantie<\/strong><br \/>\nEs gelten die Garantiebestimmungen der Produktelieferanten. Diese sind den Produkten<br \/>\nbeigelegt. GadgetX \u00fcbernimmt keine weitergehende Gew\u00e4hrleistung. In jedem Fall ist der<br \/>\nKunde verpflichtet, die Serviceabteilung der GadgetX.ch zu kontaktieren um die Art der Garantieabwicklung zu kl\u00e4ren.<br \/>\nEs ist ausschliesslich das Wahlrecht des Lieferanten, welche Garantieleistungen im<br \/>\nGew\u00e4hrleistungsfall erfolgen. Garantieleistungen stehen ausschliesslich dem Kunden zu und<br \/>\nk\u00f6nnen nicht \u00fcbertragen werden. Sch\u00e4den infolge unsachgem\u00e4sser Behandlung, nat\u00fcrlicher<br \/>\nAbnutzung oder nicht vom Verk\u00e4ufer zu verantwortender \u00e4usseren Einfl\u00fcsse, hat der Kunde zu<br \/>\nverantworten und stellen keinen Gew\u00e4hrleistungsfall dar.<\/p>\n<p><strong>Transportsch\u00e4den<\/strong><br \/>\nTransportsch\u00e4den sind innerhalb von 5 Tagen sowohl bei der Schweizerischen Post als auch auch<br \/>\nbei GadgetX schriftlich zu melden. Das Risiko von Transportsch\u00e4den tr\u00e4gt der Kunde,<br \/>\nsoweit er dieses nicht dem Transporteur \u00fcberbinden kann.<\/p>\n<p><strong>Protection des donn\u00e9es<\/strong><br \/>\nDie f\u00fcr die Gesch\u00e4ftsabwicklung notwendigen Daten werden gespeichert, vertraulich behandelt und<br \/>\nnicht an Dritte weitergegeben. Im Rahmen des Bestell- und Lieferungsprozesses k\u00f6nnen Daten an Partner weitergegeben werden. Alle<br \/>\npers\u00f6nlichen Daten werden streng vertraulich behandelt. Der Kunde kann unter \u201eMein Konto\u201c<br \/>\nseine pers\u00f6nlichen Angaben jederzeit mutieren.Weitere Informationen finden Sie in unserer Datenschutzerkl\u00e4rung.<\/p>\n<p><strong>Haftungsausschluss:<\/strong> Obwohl wir uns stets um die Richtigkeit der Produktangaben auf unserer Internetseite bem\u00fchen, kann es mitunter vorkommen, dass Hersteller ihr Zutatenverzeichnis \u00e4ndern. Die Produktverpackung und zugeh\u00f6rigen Dokumente enthalten m\u00f6glicherweise Angaben, die \u00fcber die auf unserer Internetseite gemachten Angaben hinausgehen und\/oder sich von ihnen unterscheiden. S\u00e4mtliche Produktangaben auf unserer Internetseite werden allein zu Informationszwecken bereitgestellt. Wir empfehlen Ihnen, sich nicht allein auf die Angaben zu verlassen, die auf unserer Internetseite angezeigt werden, sondern sich vor Gebrauch bzw. Verzehr der Ware stets auch sorgf\u00e4ltig die Etiketten, Warnhinweise und Anleitungen durchzulesen, die mit der Ware geliefert werden. Sollten Sie Sicherheitsbedenken gleich welcher Art haben oder weitere Angaben zur Ware w\u00fcnschen, lesen Sie bitte sorgf\u00e4ltig die Angaben auf den Etiketten und der Verpackung und wenden sich an den Hersteller. Die Angaben auf dieser Internetseite k\u00f6nnen eine fachkundige Auskunft Ihres Arztes, Apothekers oder einer anderen medizinischen Fachkraft nicht ersetzen. Bei Fragen zur Vertr\u00e4glichkeit, zu Risiken oder Nebenwirkungen der Einnahme oder Anwendung des Produktes wenden Sie sich bitte an Ihren Arzt oder Apotheker. Unsere Beschreibungen und sonstigen Angaben zu den Waren dienen nicht dem Zweck der Diagnose, Behandlung, Heilung oder Vorbeugung einer Krankheit oder eines Gesundheitszustandes. GadgetX.ch ( GadgetX ) haftet nicht f\u00fcr ungenaue oder unrichtige Produktangaben seitens der Hersteller oder sonstiger Dritter. Ihre gesetzlichen Anspr\u00fcche bleiben unber\u00fchrt.<\/p>\n<p><strong>Haftung<\/strong><br \/>\nGadgetX.ch schliesst im Rahmen des gesetzlich Zul\u00e4ssigen jegliche Haftung f\u00fcr entstandene<br \/>\nSch\u00e4den und Folgesch\u00e4den (z.B. infolge Unfalls und\/oder erlittenen Verletzungen f\u00fcr die von GadgetX vertriebenen Produkte) gegen\u00fcber dem Kunden aus. In keinem Fall begr\u00fcnden Vertragsverletzung, Unm\u00f6glichkeit der Leistung, Verschulden bei Vertragsabschluss oder bei<br \/>\nunerlaubter Handlung Schadenersatzanspr\u00fcche oder ein R\u00fccktrittsrecht vom Vertrag .<\/p>\n\t\t<\/div>\n\t\t\t\t\t<\/div>\n\n\t\n\n<style>\n#row-2139789679 > .col > .col-inner {\n  padding: 50px 50px 50px 50px;\n  background-color: rgb(245, 245, 245);\n  border-radius: 22px;\n}\n<\/style>\n<\/div>","protected":false},"excerpt":{"rendered":"","protected":false},"author":1,"featured_media":0,"parent":0,"menu_order":0,"comment_status":"closed","ping_status":"closed","template":"","meta":{"footnotes":""},"class_list":["post-522","page","type-page","status-publish","hentry"],"_links":{"self":[{"href":"https:\/\/swisscover.li\/fr\/wp-json\/wp\/v2\/pages\/522","targetHints":{"allow":["GET"]}}],"collection":[{"href":"https:\/\/swisscover.li\/fr\/wp-json\/wp\/v2\/pages"}],"about":[{"href":"https:\/\/swisscover.li\/fr\/wp-json\/wp\/v2\/types\/page"}],"author":[{"embeddable":true,"href":"https:\/\/swisscover.li\/fr\/wp-json\/wp\/v2\/users\/1"}],"replies":[{"embeddable":true,"href":"https:\/\/swisscover.li\/fr\/wp-json\/wp\/v2\/comments?post=522"}],"version-history":[{"count":2,"href":"https:\/\/swisscover.li\/fr\/wp-json\/wp\/v2\/pages\/522\/revisions"}],"predecessor-version":[{"id":524,"href":"https:\/\/swisscover.li\/fr\/wp-json\/wp\/v2\/pages\/522\/revisions\/524"}],"wp:attachment":[{"href":"https:\/\/swisscover.li\/fr\/wp-json\/wp\/v2\/media?parent=522"}],"curies":[{"name":"wp","href":"https:\/\/api.w.org\/{rel}","templated":true}]}}