{"id":512,"date":"2025-11-03T14:30:17","date_gmt":"2025-11-03T13:30:17","guid":{"rendered":"https:\/\/swisscover.li\/?page_id=512"},"modified":"2025-11-03T14:33:31","modified_gmt":"2025-11-03T13:33:31","slug":"datenschutzerklaerung","status":"publish","type":"page","link":"https:\/\/swisscover.li\/fr\/datenschutzerklaerung\/","title":{"rendered":"D\u00e9claration de confidentialit\u00e9"},"content":{"rendered":"<div class=\"row\" style=\"max-width:1480px\" id=\"row-1272448174\">\n\n\t<div id=\"col-1161462609\" class=\"col small-12 large-12\"  >\n\t\t\t\t<div class=\"col-inner\"  >\n\t\t\t\n\t\t\t\n<h2 style=\"text-align: center;\"><strong>\ud83d\udd10 Datenschutzerkl\u00e4rung \u2013 GadgetX.ch<\/strong><br \/>Stand: Oktober 2025<\/h2>\n<p>\u00a0<\/p>\n<p>\u00a0<\/p>\n<p>Wir freuen uns \u00fcber Ihr Interesse an unserer Website. Der Schutz Ihrer Privatsph\u00e4re ist f\u00fcr uns sehr wichtig. Nachstehend informieren wir Sie ausf\u00fchrlich \u00fcber den Umgang mit Ihren Daten.<br \/><strong>Auskunftsrecht<\/strong><br \/>Sie k\u00f6nnen von uns eine unentgeltliche Auskunft \u00fcber die von uns gespeicherten Daten erhalten. Des Weiteren haben Sie das Recht auf Berichtigung, Sperrung oder L\u00f6schung dieser Daten. Bitte treten Sie hierf\u00fcr mit uns in Kontakt. Unsere Kontaktdaten finden Sie am Ende dieser Datenschutzerkl\u00e4rung.<\/p>\n<p><strong>Weitergabe personenbezogener Daten<\/strong><br \/>Generell geben wir keine personenbezogenen Daten an Dritte weiter, es sei denn, es handelt sich um Dienstleistungsunternehmen, die zur Ausf\u00fchrung der Bestellung (Logistikpartner, Bezahlsystemdienstleister) von uns eingebunden werden oder wir haben Ihre Einwilligung zur Weitergabe der Daten erhalten oder die Weitergabe ist durch gesetzliche Bestimmungen zul\u00e4ssig. Ihre Einwilligung zur Weitergabe ist jederzeit widerrufbar. Nur in diesem Rahmen werden wir Ihre pers\u00f6nlichen Daten f\u00fcr Marketingaktionen wie z.B. Newsletter oder Produktempfehlungsmailing verwenden. Die erforderlichen Daten hierzu, wie die E-Mail-Adresse, Geburtsdatum, Ort, PLZ, Anrede, Vor- und Nachname, Bestell- und Produktinformationen werden einem von uns beauftragten Dienstleistungsunternehmen \u00fcbermittelt, welches in unserem Auftrag die Daten speichert, diese jedoch nicht an Dritte \u00fcbermittelt. Der Weitergabe Ihrer personenbezogenen Daten f\u00fcr Werbezwecke k\u00f6nnen Sie jederzeit widersprechen, ohne dass hierf\u00fcr andere als die \u00dcbermittlungskosten nach den Basistarifen entstehen.<\/p>\n<p>Um Ihnen m\u00f6glichst vielf\u00e4ltige Optionen f\u00fcr die Wahl der Zahlungsart anbieten zu k\u00f6nnen, m\u00fcssen wir Sie und uns vor Missbrauch und Betrug sch\u00fctzen. Daher \u00fcbermitteln wir die zu einer Bonit\u00e4tspr\u00fcfung ben\u00f6tigten personenbezogenen Daten (Vor- und Zuname, Adressdaten) an die Firma B\u00fcrgel Wirtschaftsinformationen GmbH &amp; Co. KG, Gasstrasse 18, 22761 Hamburg, die auf Grundlage mathematisch-statistischer Verfahren eine entsprechende Bewertung vornimmt. In die Berechnung des Wahrscheinlichkeitswertes fliessen auch Ihre Anschriftendaten mit ein. Wir verwenden die erhaltenen Informationen \u00fcber die statistische Wahrscheinlichkeit eines Zahlungsausfalls f\u00fcr eine abgewogene Entscheidung \u00fcber die Ihnen einzur\u00e4umenden Zahlungsoptionen.<\/p>\n<p>Einer \u00dcbermittlung Ihrer Daten an B\u00fcrgel k\u00f6nnen Sie jederzeit widersprechen. Eine Mitteilung in Textform (z.B. E-Mail, Fax, Brief) reicht hierf\u00fcr aus. Wir weisen jedoch darauf hin, dass Ihnen in diesem Fall nur noch eine eingeschr\u00e4nkte Auswahl von Zahlarten zur Verf\u00fcgung stellen k\u00f6nnen.<\/p>\n<p><strong>DATENWEITERGABE<\/strong><br \/>Eine Weitergabe von Daten an Dritte findet, ausgenommen der hier erw\u00e4hnten F\u00e4lle, grunds\u00e4tzlich nicht ohne Ihre Einwilligung statt.<\/p>\n<p>Zur schnellen und unkomplizierten Auslieferung Ihrer Bestellung \u00fcbermitteln wir Ihre personenbezogenen Daten an unseren Logistikpartner, den wir mit der Lieferung der Bestellung beauftragen.<\/p>\n<p>Bei der Bezahlung erfassen und speichern wir keine Zahlungsverkehrsinformationen wie Kreditkartennummern oder Bankverbindungen. Diese geben Sie ausschlie\u00dflich direkt dem jeweiligen Zahlungsdiensteanbieter bekannt.<\/p>\n<p>Wir werden Ihre Daten im Rahmen der bestehenden Datenschutzgesetze an Dritte oder staatliche Stellen weitergeben, wenn wir dazu z.B. aufgrund beh\u00f6rdlicher oder gerichtlicher Anordnung rechtlich verpflichtet sind oder wenn wir dazu berechtigt sind, z.B. weil dies zur Verfolgung von Straftaten oder f\u00fcr die Wahrnehmung und Durchsetzung unserer Rechte und Anspr\u00fcche erforderlich ist.<\/p>\n<p><strong>VERWENDUNG VON COOKIES<\/strong><br \/>Um den Besuch unserer Website attraktiv zu gestalten und die Nutzung bestimmter Funktionen zu erm\u00f6glichen, verwenden wir auf verschiedenen Seiten sogenannte Cookies.<\/p>\n<p>Hierbei handelt es sich um kleine Textdateien, die auf Ihrem Endger\u00e4t gespeichert werden. Einige der von uns verwendeten Cookies werden nach Ende der Browser-Sitzung, also nach Schlie\u00dfen Ihres Browsers, wieder gel\u00f6scht (sog. Sitzungs-Cookies).<\/p>\n<p>Andere Cookies verbleiben auf Ihrem Endger\u00e4t und erm\u00f6glichen uns, Ihren Browser beim n\u00e4chsten Besuch wiederzuerkennen (sog. Langzeit-Cookies).<\/p>\n<p>Sie k\u00f6nnen Ihren Browser so einstellen, dass Sie \u00fcber das Setzen von Cookies informiert werden und einzeln \u00fcber deren Annahme entscheiden oder die Annahme von Cookies f\u00fcr bestimmte F\u00e4lle oder generell ausschlie\u00dfen. Bei der Nichtannahme von Cookies kann die Funktionalit\u00e4t unserer Website eingeschr\u00e4nkt sein.<\/p>\n<p><strong>Verwendung von Facebook Social Plugins<\/strong><br \/>Verwendung von Facebook Social Plugins Auf unserer Website werden sogenannte Social Plugins (\u201ePlugins\u201c) des sozialen Netzwerkes Facebook verwendet, das von der Facebook Inc., 1601 S. California Ave, Palo Alto, CA 94304, USA (\u201eFacebook\u201c) betrieben wird. Die Plugins sind mit einem Facebook-Logo oder dem Zusatz \u201eSoziales Plug-in von Facebook\u201c bzw. \u201eFacebook Social Plugin\u201c gekennzeichnet. Eine \u00dcbersicht \u00fcber die Facebook Plugins und deren Aussehen finden Sie hier: https:\/\/developers.facebook.com\/plugins Wenn Sie eine Seite unseres Webauftritts aufrufen, die ein solches Plugin enth\u00e4lt, baut Ihr Browser eine direkte Verbindung zu den Servern von Facebook auf. Der Inhalt des Plugins wird von Facebook direkt an Ihren Browser \u00fcbermittelt und in die Seite eingebunden. Durch diese Einbindung erh\u00e4lt Facebook die Information, dass Ihr Browser die entsprechende Seite unseres Webauftritts aufgerufen hat, auch wenn Sie kein Facebook-Profil besitzen oder gerade nicht bei Facebook eingeloggt sind. Diese Information (einschliesslich Ihrer IP-Adresse) wird von Ihrem Browser direkt an einen Server von Facebook in die USA \u00fcbermittelt und dort gespeichert. Sind Sie bei Facebook eingeloggt, kann Facebook den Besuch unserer Website Ihrem Facebook-Profil unmittelbar zuordnen. Wenn Sie mit den Plugins interagieren, zum Beispiel den \u201eGef\u00e4llt mir\u201c-Button bet\u00e4tigen oder einen Kommentar abgeben, wird diese Information ebenfalls direkt an einen Server von Facebook \u00fcbermittelt und dort gespeichert. Die Informationen werden ausserdem auf Ihrem Facebook-Profil ver\u00f6ffentlicht und Ihren Facebook-Freunden angezeigt. Zweck und Umfang der Datenerhebung und die weitere Verarbeitung und Nutzung der Daten durch Facebook sowie Ihre diesbez\u00fcglichen Rechte und Einstellungsm\u00f6glichkeiten zum Schutz Ihrer Privatsph\u00e4re entnehmen Sie bitte den Datenschutzhinweisen von Facebook: https:\/\/www.facebook.com\/policy.php Wenn Sie nicht m\u00f6chten, dass Facebook die \u00fcber unseren Webauftritt gesammelten Daten unmittelbar Ihrem Facebook-Profil zuordnet, m\u00fcssen Sie sich vor Ihrem Besuch unserer Website bei Facebook ausloggen. Sie k\u00f6nnen das Laden der Facebook Plugins auch mit Add-Ons f\u00fcr Ihren Browser komplett verhindern, z.B. mit dem \u201eFacebook Blocker\u201c (https:\/\/webgraph.com\/resources\/facebookblocker\/).<\/p>\n<p><strong>EINSATZ VON GOOGLE ANALYTICS<\/strong><br \/>Diese Website benutzt Google Analytics, einen Webanalysedienst der Google Inc.. Google Analytics setzt Cookies, die eine Analyse der Benutzung der Website erm\u00f6glichen.<\/p>\n<p>Die durch den Cookie erzeugten Informationen \u00fcber die Benutzung dieser Website werden in der Regel an einen Server von Google in den USA \u00fcbertragen und dort gespeichert.<\/p>\n<p>Durch die Aktivierung der IP-Anonymisierung auf dieser Webseite wird dabei die IP-Adresse vor der \u00dcbermittlung innerhalb der Mitgliedstaaten der Europ\u00e4ischen Union oder in anderen Vertragsstaaten des Abkommens \u00fcber den Europ\u00e4ischen Wirtschaftsraum gek\u00fcrzt. Nur in Ausnahmef\u00e4llen wird die volle IP-Adresse an einen Server von Google in den USA \u00fcbertragen und dort gek\u00fcrzt. Die im Rahmen von Google Analytics von Ihrem Browser \u00fcbermittelte anonymisierte IP-Adresse wird nicht mit anderen Daten von Google zusammengef\u00fchrt.<\/p>\n<p>Im Auftrag des Betreibers dieser Website wird Google die Informationen benutzen, um die Nutzung der Website auszuwerten, um Reports \u00fcber die Websiteaktivit\u00e4ten zusammenzustellen und um weitere mit der Websitenutzung und der Internetnutzung verbundene Dienstleistungen uns gegen\u00fcber zu erbringen. Die im Rahmen von Google Analytics von Ihrem Browser \u00fcbermittelte anonymisierte IP-Adresse wird nicht mit anderen Daten von Google zusammengef\u00fchrt.<\/p>\n<p>Sie k\u00f6nnen die Speicherung der Cookies durch eine entsprechende Einstellung Ihrer Browser-Software verhindern; wir weisen Sie jedoch darauf hin, dass Sie in diesem Fall gegebenenfalls nicht s\u00e4mtliche Funktionen dieser Website vollumf\u00e4nglich werden nutzen k\u00f6nnen.<\/p>\n<p>Sie k\u00f6nnen dar\u00fcber hinaus die Erfassung der durch das Cookie erzeugten und auf Ihre Nutzung der Website bezogenen Daten (inkl. Ihrer IP-Adresse) an Google sowie die Verarbeitung dieser Daten durch Google verhindern, indem sie das unter dem folgenden Link verf\u00fcgbare Browser-Plugin herunterladen und installieren.<\/p>\n<p><strong>EINSATZ VON GOOGLE-ADWORDS<\/strong><br \/>Wir setzen zur Bewerbung unserer Website ferner das Google Werbetool \u201eGoogle-Adwords\u201c ein. Im Rahmen dessen verwenden wir auf unserer Website den Analysedienst \u201eConversion-Tracking\u201c der Firma Google Inc., 1600 Amphitheatre Parkway, Mountain View, CA 94043 USA, nachfolgend \u201eGoogle\u201c. Sofern Sie \u00fcber eine Google-Anzeige auf unsere Webseite gelangt sind, wird ein Cookie auf Ihrem Rechner abgelegt. Cookies sind kleine Textdateien, die Ihr Internet-Browser auf Ihrem Rechner ablegt und speichert. Diese sog. \u201eConversion- Cookies\u201c verlieren nach 30 Tagen ihre G\u00fcltigkeit und dienen nicht Ihrer pers\u00f6nlichen Identifikation. Besuchen Sie bestimmte Seiten unserer Website und das Cookie ist noch nicht abgelaufen, k\u00f6nnen wir und Google erkennen, dass Sie als Nutzer auf eine unserer bei Google platzierten Anzeigen geklickt haben und zu unserer Seite weitergeleitet wurden.<\/p>\n<p>Die mit Hilfe der \u201eConversion-Cookies\u201c eingeholten Informationen dienen Google dazu, Besuchs-Statistiken f\u00fcr unsere Website zu erstellen. Wir erfahren durch diese Statistik die Gesamtanzahl der Nutzer, die auf unsere Anzeige geklickt haben und zudem welche Seiten unserer Website vom jeweiligen Nutzer im Anschluss aufgerufen wurden. Wir bzw. andere \u00fcber \u201eGoogle-Adwords\u201c Werbende erhalten jedoch keinerlei Informationen, mit denen sich Nutzer pers\u00f6nlich identifizieren lassen.<\/p>\n<p>Sie k\u00f6nnen die Installation der \u201eConversion-Cookies\u201c durch eine entsprechende Einstellung Ihres Browsers verhindern, etwa per Browser-Einstellung, die das automatische Setzen von Cookies generell deaktiviert oder speziell nur die Cookies von der Domain \u201egoogleadservices.com\u201c blockiert.<\/p>\n<p>Die diesbez\u00fcgliche Datenschutzerkl\u00e4rung von Google erhalten Sie unter nachfolgendem Link: https:\/\/www.google.de\/policies\/privacy\/<\/p>\n<p><strong>DATENSICHERHEIT<\/strong><br \/>Die Sicherheit Ihrer personenbezogenen Daten hat f\u00fcr uns eine hohe Priorit\u00e4t. Ihre bei uns gespeicherten Daten sch\u00fctzen wir deshalb durch technische und organisatorische Ma\u00dfnahmen, um einem Verlust oder Missbrauch durch Dritte wirkungsvoll vorzubeugen.<\/p>\n<p><strong>AUSKUNFTSRECHT<\/strong><br \/>Sie haben jederzeit das Recht auf Auskunft \u00fcber die zu Ihrer Person gespeicherten Daten, deren Herkunft und Empf\u00e4nger sowie den Zweck der Speicherung sowie ggf. ein Recht auf Berichtigung, Sperrung oder L\u00f6schung dieser Daten. Auskunft \u00fcber die gespeicherten Daten erteilt Ihnen die verantwortliche Stelle.<\/p>\n<p><strong>WIDERRUF<\/strong><br \/>Sie haben das Recht, eine uns erteilte Einwilligung jederzeit mit Wirkung f\u00fcr die Zukunft zu widerrufen. Hierzu gen\u00fcgt eine formlose Mitteilung an die verantwortliche Stelle.<\/p>\n<p>Sofern Sie Ihre Einwilligung widerrufen, werden wir Ihre personenbezogenen Daten l\u00f6schen.<\/p>\n<p>Daten, die wir aufgrund gesetzlicher, satzungsm\u00e4\u00dfiger oder vertraglicher Aufbewahrungspflichten speichern m\u00fcssen, werden statt einer L\u00f6schung gesperrt, um eine Nutzung f\u00fcr andere Zwecke zu verhinder<\/p>\n<p>Speicherung und Zug\u00e4nglichkeit des Vertragstextes<br \/>Wir speichern den Vertragstext und senden Ihnen die Bestelldaten und unsere AGB (als Link) per E-Mail zu. Die AGB k\u00f6nnen Sie jederzeit auch hier einsehen. Ihre vergangenen Bestellungen k\u00f6nnen Sie in Ihrem Benutzerkonto einsehen, falls Sie dieses bereits angelegt haben. Besitzen Sie kein Benutzerkonto, sind Ihre Bestelldaten aus Sicherheitsgr\u00fcnden nicht mehr \u00fcber das Internet zug\u00e4nglich.<\/p>\n<p>Vorbehalt der \u00c4nderung<br \/>Wir behalten uns das Recht vor, die obige Erkl\u00e4rung zum Datenschutz unter Beachtung aktueller rechtlicher Vorgaben jederzeit anzupassen.<\/p>\n<p>Kontakt und weitere Informationen<br \/>Bei Fragen zu Erhebung, Verarbeitung oder Nutzung Ihrer personenbezogenen Daten, bei Ausk\u00fcnften, Berichtigung, Sperrung oder L\u00f6schung von Daten sowie Widerruf erteilter Einwilligungen wenden Sie sich bitte an:<\/p>\n<p>GadgetX.ch<br \/>Jakob-St\u00e4mpfli-Strasse 120<br \/>2502 Biel\/Bienne<br \/>\ud83d\udce7 info@GadgetX.ch<\/p>\n\t\t<\/div>\n\t\t\t\t\t<\/div>\n\n\t\n\n<style>\n#row-1272448174 > .col > .col-inner {\n  padding: 50px 50px 50px 50px;\n  background-color: rgb(245, 245, 245);\n  border-radius: 22px;\n}\n<\/style>\n<\/div>","protected":false},"excerpt":{"rendered":"","protected":false},"author":1,"featured_media":0,"parent":0,"menu_order":0,"comment_status":"closed","ping_status":"closed","template":"","meta":{"footnotes":""},"class_list":["post-512","page","type-page","status-publish","hentry"],"_links":{"self":[{"href":"https:\/\/swisscover.li\/fr\/wp-json\/wp\/v2\/pages\/512","targetHints":{"allow":["GET"]}}],"collection":[{"href":"https:\/\/swisscover.li\/fr\/wp-json\/wp\/v2\/pages"}],"about":[{"href":"https:\/\/swisscover.li\/fr\/wp-json\/wp\/v2\/types\/page"}],"author":[{"embeddable":true,"href":"https:\/\/swisscover.li\/fr\/wp-json\/wp\/v2\/users\/1"}],"replies":[{"embeddable":true,"href":"https:\/\/swisscover.li\/fr\/wp-json\/wp\/v2\/comments?post=512"}],"version-history":[{"count":2,"href":"https:\/\/swisscover.li\/fr\/wp-json\/wp\/v2\/pages\/512\/revisions"}],"predecessor-version":[{"id":515,"href":"https:\/\/swisscover.li\/fr\/wp-json\/wp\/v2\/pages\/512\/revisions\/515"}],"wp:attachment":[{"href":"https:\/\/swisscover.li\/fr\/wp-json\/wp\/v2\/media?parent=512"}],"curies":[{"name":"wp","href":"https:\/\/api.w.org\/{rel}","templated":true}]}}